{"id":16698,"date":"2025-06-20T19:12:34","date_gmt":"2025-06-20T23:12:34","guid":{"rendered":"https:\/\/www.multicasa.com.br\/inicio\/?post_type=product&#038;p=16698"},"modified":"2025-08-16T15:00:21","modified_gmt":"2025-08-16T19:00:21","slug":"aparador-de-pelos-t-pro-eletrico-bivolt-wahl","status":"publish","type":"product","link":"https:\/\/www.multicasa.com.br\/inicio\/produto\/aparador-de-pelos-t-pro-eletrico-bivolt-wahl\/","title":{"rendered":"Aparador de Pelos T-Pro El\u00e9trico Bivolt Wahl"},"content":{"rendered":"<p>Fa\u00e7a barba, bigode e cabelo usando o aparador de pelos com acabamento T-Pro Corded Trimmer \/ Shaver. O formato em T das l\u00e2minas e o cord\u00e3o Wahl T-Pro permitem que voc\u00ea raspe, esboce, detalhe e ajuste sua barba e at\u00e9 mesmo o cabelo com confian\u00e7a. Vem com protetores que facilitam chegar no visual que voc\u00ea deseja sem cortes e arranh\u00f5es, al\u00e9m de dentes raspados finamente que atribuem resultados vis\u00edveis ao seu corte. Possui 3 ajustes de posi\u00e7\u00e3o, 3 pentes, tem alimenta\u00e7\u00e3o el\u00e9trica bivolt e precis\u00e3o para cortar e retocar os detalhes ao redor das orelhas, costeletas e nucas. <\/p>\n","protected":false},"excerpt":{"rendered":"<h4 style=\"margin: 0px;padding: 0px 0px 16px;font-family: Lato, sans-serif;font-weight: bold;line-height: 3rem;color: var(--dark-grey3);font-size: 22px;font-style: normal;letter-spacing: normal;text-align: start;text-indent: 0px;text-transform: none\">Informa\u00e7\u00f5es t\u00e9cnicas<\/h4>\n<p><span style=\"margin: 0px;padding: 0px;font-weight: 450;font-size: 14px;line-height: 21px;color: var(--dark-grey2);font-family: Lato, sans-serif;font-style: normal;letter-spacing: normal;text-align: start;text-indent: 0px;text-transform: none\">Produto: Aparador de Pelos<br \/>\nMarca: Wahl<br \/>\nMaterial: Pl\u00e1stico<br \/>\nMetal<br \/>\nCor: Vermelho\/ Preto<br \/>\nPot\u00eancia: 50\/60HZ<br \/>\nTens\u00e3o El\u00e9trica: Bivolt<br \/>\nCaracter\u00edsticas: Precis\u00e3o para cortar e retocar orelhas, costeletas e nucas<br \/>\nIdeal para delinear, fazer detalhes com precis\u00e3o, cortar e aparar<br \/>\nPossui 3 n\u00fameros de posi\u00e7\u00f5es de ajustes<br \/>\nQuantidade de pe\u00e7as: 6 itens<br \/>\nItens Inclusos: 1 Aparador de pelos<br \/>\n3 Pentes de altura 1,5mm, 3mm, 4,5mm<br \/>\n1 Pincel de limpeza das l\u00e2minas<br \/>\n1 Pincel para limpeza dos pelos que ficam na nuca<br \/>\nDimens\u00f5es do produto (A X L x P): 25 x 10cm<br \/>\n<\/span><\/p>\n","protected":false},"featured_media":16789,"template":"","meta":{"_joinchat":[]},"product_brand":[],"product_cat":[101],"product_tag":[],"class_list":{"0":"post-16698","1":"product","2":"type-product","3":"status-publish","4":"has-post-thumbnail","6":"product_cat-cuidados-pessoais","8":"first","9":"outofstock","10":"shipping-taxable","11":"product-type-simple"},"_links":{"self":[{"href":"https:\/\/www.multicasa.com.br\/inicio\/wp-json\/wp\/v2\/product\/16698","targetHints":{"allow":["GET"]}}],"collection":[{"href":"https:\/\/www.multicasa.com.br\/inicio\/wp-json\/wp\/v2\/product"}],"about":[{"href":"https:\/\/www.multicasa.com.br\/inicio\/wp-json\/wp\/v2\/types\/product"}],"wp:featuredmedia":[{"embeddable":true,"href":"https:\/\/www.multicasa.com.br\/inicio\/wp-json\/wp\/v2\/media\/16789"}],"wp:attachment":[{"href":"https:\/\/www.multicasa.com.br\/inicio\/wp-json\/wp\/v2\/media?parent=16698"}],"wp:term":[{"taxonomy":"product_brand","embeddable":true,"href":"https:\/\/www.multicasa.com.br\/inicio\/wp-json\/wp\/v2\/product_brand?post=16698"},{"taxonomy":"product_cat","embeddable":true,"href":"https:\/\/www.multicasa.com.br\/inicio\/wp-json\/wp\/v2\/product_cat?post=16698"},{"taxonomy":"product_tag","embeddable":true,"href":"https:\/\/www.multicasa.com.br\/inicio\/wp-json\/wp\/v2\/product_tag?post=16698"}],"curies":[{"name":"wp","href":"https:\/\/api.w.org\/{rel}","templated":true}]}}