{"id":16722,"date":"2025-06-20T19:12:57","date_gmt":"2025-06-20T23:12:57","guid":{"rendered":"https:\/\/www.multicasa.com.br\/inicio\/?post_type=product&#038;p=16722"},"modified":"2025-06-20T19:14:13","modified_gmt":"2025-06-20T23:14:13","slug":"mini-raspador-de-tinta-stanley-115cm","status":"publish","type":"product","link":"https:\/\/www.multicasa.com.br\/inicio\/produto\/mini-raspador-de-tinta-stanley-115cm\/","title":{"rendered":"Mini Raspador de Tinta Stanley 11,5cm"},"content":{"rendered":"<p>Com o Mini Raspador Stanley de 11,5 cm voc\u00ea poder\u00e1 remover tintas e demais raspagens em superf\u00edcies lisas, instala\u00e7\u00e3o e raspagem de insulfilm e outros. Possui l\u00e2mina revers\u00edvel para maior seguran\u00e7a. Fabricado em pl\u00e1stico e a\u00e7o, a ferramenta \u00e9 compacta e facilita o manuseio. Garanta mais agilidade no seu dia a dia<\/p>\n","protected":false},"excerpt":{"rendered":"<h4 style=\"margin: 0px;padding: 0px 0px 16px;font-family: Lato, sans-serif;font-weight: bold;line-height: 3rem;color: var(--dark-grey3);font-size: 22px;font-style: normal;letter-spacing: normal;text-align: start;text-indent: 0px;text-transform: none\">Informa\u00e7\u00f5es t\u00e9cnicas<\/h4>\n<p><span style=\"margin: 0px;padding: 0px;font-weight: 450;font-size: 14px;line-height: 21px;color: var(--dark-grey2);font-family: Lato, sans-serif;font-style: normal;letter-spacing: normal;text-align: start;text-indent: 0px;text-transform: none\">Produto: Mini Raspador<br \/>\nMarca: Stanley<br \/>\nMaterial: Pl\u00e1stico<br \/>\nA\u00e7o<br \/>\nCor: Prata e amarelo<br \/>\nUso indicado: Remover tintas e demais raspagens em superf\u00edcies lisas<br \/>\nCaracter\u00edsticas: Possui l\u00e2mina revers\u00edvel<br \/>\nItens Inclusos: 1 mini raspador<br \/>\nDimens\u00f5es do produto (A): 11,5cm<\/span><\/p>\n","protected":false},"featured_media":16807,"template":"","meta":{"_joinchat":[]},"product_brand":[],"product_cat":[137],"product_tag":[],"class_list":{"0":"post-16722","1":"product","2":"type-product","3":"status-publish","4":"has-post-thumbnail","6":"product_cat-ferramentas-manuais","8":"first","9":"outofstock","10":"shipping-taxable","11":"product-type-simple"},"_links":{"self":[{"href":"https:\/\/www.multicasa.com.br\/inicio\/wp-json\/wp\/v2\/product\/16722","targetHints":{"allow":["GET"]}}],"collection":[{"href":"https:\/\/www.multicasa.com.br\/inicio\/wp-json\/wp\/v2\/product"}],"about":[{"href":"https:\/\/www.multicasa.com.br\/inicio\/wp-json\/wp\/v2\/types\/product"}],"wp:featuredmedia":[{"embeddable":true,"href":"https:\/\/www.multicasa.com.br\/inicio\/wp-json\/wp\/v2\/media\/16807"}],"wp:attachment":[{"href":"https:\/\/www.multicasa.com.br\/inicio\/wp-json\/wp\/v2\/media?parent=16722"}],"wp:term":[{"taxonomy":"product_brand","embeddable":true,"href":"https:\/\/www.multicasa.com.br\/inicio\/wp-json\/wp\/v2\/product_brand?post=16722"},{"taxonomy":"product_cat","embeddable":true,"href":"https:\/\/www.multicasa.com.br\/inicio\/wp-json\/wp\/v2\/product_cat?post=16722"},{"taxonomy":"product_tag","embeddable":true,"href":"https:\/\/www.multicasa.com.br\/inicio\/wp-json\/wp\/v2\/product_tag?post=16722"}],"curies":[{"name":"wp","href":"https:\/\/api.w.org\/{rel}","templated":true}]}}