{"id":16723,"date":"2025-06-20T19:12:57","date_gmt":"2025-06-20T23:12:57","guid":{"rendered":"https:\/\/www.multicasa.com.br\/inicio\/?post_type=product&#038;p=16723"},"modified":"2025-06-20T19:14:16","modified_gmt":"2025-06-20T23:14:16","slug":"corda-para-varal-mor-15m","status":"publish","type":"product","link":"https:\/\/www.multicasa.com.br\/inicio\/produto\/corda-para-varal-mor-15m\/","title":{"rendered":"Corda para Varal Mor 15m"},"content":{"rendered":"<p>A Corda para Varal da Mor \u00e9 revestida internamente de poli\u00e9ster e possui acabamento em PVC, material que permite facilidade na limpeza e n\u00e3o suja suas roupas. Simples de instalar e super-resistente, \u00e9 indicada para deixar sua lavanderia e servi\u00e7os de casa mais seguros. O cabo para varal de parede tem 0,25 cm de di\u00e2metro 15 m de comprimento e \u00e9 ideal para deixar sua rotina com as roupas mais eficiente, garantindo estabilidade na hora de pendur\u00e1-las.<\/p>\n","protected":false},"excerpt":{"rendered":"<h4 style=\"margin: 0px;padding: 0px 0px 16px;font-family: Lato, sans-serif;font-weight: bold;line-height: 3rem;color: var(--dark-grey3);font-size: 22px;font-style: normal;letter-spacing: normal;text-align: start;text-indent: 0px;text-transform: none\">Informa\u00e7\u00f5es t\u00e9cnicas<\/h4>\n<p><span style=\"margin: 0px;padding: 0px;font-weight: 450;font-size: 14px;line-height: 21px;color: var(--dark-grey2);font-family: Lato, sans-serif;font-style: normal;letter-spacing: normal;text-align: start;text-indent: 0px;text-transform: none\">Produto: Corda para Varal<br \/>\nMarca: Mor<br \/>\nMaterial: Poli\u00e9ster<br \/>\nRevestimento externo em PVC<br \/>\nCor: Sortido<br \/>\nCaracter\u00edsticas: Resistente<br \/>\nF\u00e1cil de limpar<br \/>\nItens Inclusos: 1 Corda para Varal<br \/>\nDi\u00e2metro do produto: 2,5mm<br \/>\nDimens\u00f5es do produto (C): 15m<\/span><\/p>\n","protected":false},"featured_media":16808,"template":"","meta":{"_joinchat":[]},"product_brand":[],"product_cat":[95],"product_tag":[],"class_list":{"0":"post-16723","1":"product","2":"type-product","3":"status-publish","4":"has-post-thumbnail","6":"product_cat-lavanderia","8":"first","9":"outofstock","10":"shipping-taxable","11":"product-type-simple"},"_links":{"self":[{"href":"https:\/\/www.multicasa.com.br\/inicio\/wp-json\/wp\/v2\/product\/16723","targetHints":{"allow":["GET"]}}],"collection":[{"href":"https:\/\/www.multicasa.com.br\/inicio\/wp-json\/wp\/v2\/product"}],"about":[{"href":"https:\/\/www.multicasa.com.br\/inicio\/wp-json\/wp\/v2\/types\/product"}],"wp:featuredmedia":[{"embeddable":true,"href":"https:\/\/www.multicasa.com.br\/inicio\/wp-json\/wp\/v2\/media\/16808"}],"wp:attachment":[{"href":"https:\/\/www.multicasa.com.br\/inicio\/wp-json\/wp\/v2\/media?parent=16723"}],"wp:term":[{"taxonomy":"product_brand","embeddable":true,"href":"https:\/\/www.multicasa.com.br\/inicio\/wp-json\/wp\/v2\/product_brand?post=16723"},{"taxonomy":"product_cat","embeddable":true,"href":"https:\/\/www.multicasa.com.br\/inicio\/wp-json\/wp\/v2\/product_cat?post=16723"},{"taxonomy":"product_tag","embeddable":true,"href":"https:\/\/www.multicasa.com.br\/inicio\/wp-json\/wp\/v2\/product_tag?post=16723"}],"curies":[{"name":"wp","href":"https:\/\/api.w.org\/{rel}","templated":true}]}}