{"id":16724,"date":"2025-06-20T19:12:57","date_gmt":"2025-06-20T23:12:57","guid":{"rendered":"https:\/\/www.multicasa.com.br\/inicio\/?post_type=product&#038;p=16724"},"modified":"2025-12-16T19:28:24","modified_gmt":"2025-12-16T23:28:24","slug":"chaveiro-com-etiqueta-de-identificacao-cristal-acrimet","status":"publish","type":"product","link":"https:\/\/www.multicasa.com.br\/inicio\/produto\/chaveiro-com-etiqueta-de-identificacao-cristal-acrimet\/","title":{"rendered":"Chaveiro com Etiqueta de Identifica\u00e7\u00e3o Cristal Acrimet"},"content":{"rendered":"<p>O chaveiro Acrimet \u00e9 confeccionado em pl\u00e1stico resistente, modelo com etiqueta de identifica\u00e7\u00e3o, ideal para organizar chaves em condom\u00ednios, escrit\u00f3rios e etc.<br \/>\nOrganize-se com os chaveiros etiquetados, item super \u00fatil para o dia a dia! Cor cristal.<\/p>\n","protected":false},"excerpt":{"rendered":"<h4 style=\"margin: 0px;padding: 0px 0px 16px;font-family: Lato, sans-serif;font-weight: bold;line-height: 3rem;color: var(--dark-grey3);font-size: 22px;font-style: normal;letter-spacing: normal;text-align: start;text-indent: 0px;text-transform: none\">Informa\u00e7\u00f5es t\u00e9cnicas<\/h4>\n<p><span style=\"margin: 0px;padding: 0px;font-weight: 450;font-size: 14px;line-height: 21px;color: var(--dark-grey2);font-family: Lato, sans-serif;font-style: normal;letter-spacing: normal;text-align: start;text-indent: 0px;text-transform: none\">Produto: Chaveiro com Etiqueta<br \/>\nMarca: Acrimet<br \/>\nMaterial: Pl\u00e1stico<br \/>\nCor: Cristal<br \/>\nItens Inclusos: 1 chaveiros<br \/>\nDimens\u00f5es do produto (A): 6cm<br \/>\n<\/span><\/p>\n","protected":false},"featured_media":24939,"template":"","meta":{"_joinchat":[]},"product_brand":[],"product_cat":[148],"product_tag":[],"class_list":{"0":"post-16724","1":"product","2":"type-product","3":"status-publish","4":"has-post-thumbnail","6":"product_cat-chaveiros","8":"first","9":"outofstock","10":"shipping-taxable","11":"purchasable","12":"product-type-simple"},"_links":{"self":[{"href":"https:\/\/www.multicasa.com.br\/inicio\/wp-json\/wp\/v2\/product\/16724","targetHints":{"allow":["GET"]}}],"collection":[{"href":"https:\/\/www.multicasa.com.br\/inicio\/wp-json\/wp\/v2\/product"}],"about":[{"href":"https:\/\/www.multicasa.com.br\/inicio\/wp-json\/wp\/v2\/types\/product"}],"wp:featuredmedia":[{"embeddable":true,"href":"https:\/\/www.multicasa.com.br\/inicio\/wp-json\/wp\/v2\/media\/24939"}],"wp:attachment":[{"href":"https:\/\/www.multicasa.com.br\/inicio\/wp-json\/wp\/v2\/media?parent=16724"}],"wp:term":[{"taxonomy":"product_brand","embeddable":true,"href":"https:\/\/www.multicasa.com.br\/inicio\/wp-json\/wp\/v2\/product_brand?post=16724"},{"taxonomy":"product_cat","embeddable":true,"href":"https:\/\/www.multicasa.com.br\/inicio\/wp-json\/wp\/v2\/product_cat?post=16724"},{"taxonomy":"product_tag","embeddable":true,"href":"https:\/\/www.multicasa.com.br\/inicio\/wp-json\/wp\/v2\/product_tag?post=16724"}],"curies":[{"name":"wp","href":"https:\/\/api.w.org\/{rel}","templated":true}]}}