{"id":16730,"date":"2025-06-20T19:12:58","date_gmt":"2025-06-20T23:12:58","guid":{"rendered":"https:\/\/www.multicasa.com.br\/inicio\/?post_type=product&#038;p=16730"},"modified":"2026-04-24T10:00:24","modified_gmt":"2026-04-24T14:00:24","slug":"tomada-em-barra-2pt-3-saidas-cinza-daneva-20a","status":"publish","type":"product","link":"https:\/\/www.multicasa.com.br\/inicio\/produto\/tomada-em-barra-2pt-3-saidas-cinza-daneva-20a\/","title":{"rendered":"Tomada em Barra 2P+T 3 Sa\u00eddas Cinza Daneva 20A"},"content":{"rendered":"<p>Tomada em Barra Daneva 2P+T na cor cinza, modelo com 3 sa\u00eddas 20A, \u00e9 de f\u00e1cil instala\u00e7\u00e3o e facilita a conex\u00e3o do cabo que pode variar de tamanho de acordo com a necessidade. Produto de acordo com o novo padr\u00e3o de plugues e tomadas brasileiros &#8220;nbr 14136&#8221; e recebe tanto o pino 2p t padr\u00e3o brasileiro de 10a quanto o pino 2p t de 20a.<br \/>\nProduzido em polipropileno, material resistente e com pot\u00eancia maxima de 127v &#8211; 2540w \/ 220v- 4400w.<\/p>\n","protected":false},"excerpt":{"rendered":"<h4 style=\"margin: 0px;padding: 0px 0px 16px;font-family: Lato, sans-serif;font-weight: bold;line-height: 3rem;color: var(--dark-grey3);font-size: 22px;font-style: normal;letter-spacing: normal;text-align: start;text-indent: 0px;text-transform: none\">Informa\u00e7\u00f5es t\u00e9cnicas<\/h4>\n<p><span style=\"margin: 0px;padding: 0px;font-weight: 450;font-size: 14px;line-height: 21px;color: var(--dark-grey2);font-family: Lato, sans-serif;font-style: normal;letter-spacing: normal;text-align: start;text-indent: 0px;text-transform: none\">Produto: Tomada Barra<br \/>\nMarca: Daneva<br \/>\nMaterial: Caixa injetada em polipropileno<br \/>\nCor: Cinza<br \/>\nPot\u00eancia: 2540w ~ 4400w<br \/>\nTens\u00e3o el\u00e9trica: 127v &#8211; 220v<br \/>\nCaracter\u00edsticas: 3 tomadas<br \/>\nCorrente m\u00e1xima de 20a<br \/>\nTens\u00e3o m\u00e1xima de 20a<br \/>\nRecebe tanto pino 2p+t padr\u00e3o brasileiro de 10 quanto pino 2p+t de 20a<br \/>\nConforme NBR 14136<br \/>\nItens inclusos: 1 Tomada Barra<br \/>\nDimens\u00f5es do produto (A X L X P): 17 x 5,5 x 4,6cm<br \/>\n<\/span><\/p>\n","protected":false},"featured_media":16831,"template":"","meta":{"_joinchat":[]},"product_brand":[],"product_cat":[120],"product_tag":[],"class_list":{"0":"post-16730","1":"product","2":"type-product","3":"status-publish","4":"has-post-thumbnail","6":"product_cat-extencoes-e-cia","8":"first","9":"instock","10":"shipping-taxable","11":"purchasable","12":"product-type-simple"},"_links":{"self":[{"href":"https:\/\/www.multicasa.com.br\/inicio\/wp-json\/wp\/v2\/product\/16730","targetHints":{"allow":["GET"]}}],"collection":[{"href":"https:\/\/www.multicasa.com.br\/inicio\/wp-json\/wp\/v2\/product"}],"about":[{"href":"https:\/\/www.multicasa.com.br\/inicio\/wp-json\/wp\/v2\/types\/product"}],"wp:featuredmedia":[{"embeddable":true,"href":"https:\/\/www.multicasa.com.br\/inicio\/wp-json\/wp\/v2\/media\/16831"}],"wp:attachment":[{"href":"https:\/\/www.multicasa.com.br\/inicio\/wp-json\/wp\/v2\/media?parent=16730"}],"wp:term":[{"taxonomy":"product_brand","embeddable":true,"href":"https:\/\/www.multicasa.com.br\/inicio\/wp-json\/wp\/v2\/product_brand?post=16730"},{"taxonomy":"product_cat","embeddable":true,"href":"https:\/\/www.multicasa.com.br\/inicio\/wp-json\/wp\/v2\/product_cat?post=16730"},{"taxonomy":"product_tag","embeddable":true,"href":"https:\/\/www.multicasa.com.br\/inicio\/wp-json\/wp\/v2\/product_tag?post=16730"}],"curies":[{"name":"wp","href":"https:\/\/api.w.org\/{rel}","templated":true}]}}