{"id":16748,"date":"2025-06-20T19:13:19","date_gmt":"2025-06-20T23:13:19","guid":{"rendered":"https:\/\/www.multicasa.com.br\/inicio\/?post_type=product&#038;p=16748"},"modified":"2026-04-22T09:01:49","modified_gmt":"2026-04-22T13:01:49","slug":"baralho-de-papel-copag-139","status":"publish","type":"product","link":"https:\/\/www.multicasa.com.br\/inicio\/produto\/baralho-de-papel-copag-139\/","title":{"rendered":"Baralho de Papel Copag 139"},"content":{"rendered":"<p>Hora da jogatina! Use o baralho Copag 139 para jogar tranca, buraco, paci\u00eancia e outros jogos com 2 ou mais jogadores. Feito com cuidado e excel\u00eancia, n\u00e3o \u00e9 transparente e suas cartas s\u00e3o at\u00f3xicas e recicl\u00e1veis. Produzido de cart\u00e3o couch\u00e9 com deslize aveludado, tem agrad\u00e1vel manuseio e deixa cada jogada mais emocionante, Embalagem com 54 cartas.<\/p>\n","protected":false},"excerpt":{"rendered":"<h4 style=\"margin: 0px;padding: 0px 0px 16px;font-family: Lato, sans-serif;font-weight: bold;line-height: 3rem;color: var(--dark-grey3);font-size: 22px;font-style: normal;letter-spacing: normal;text-align: start;text-indent: 0px;text-transform: none\">Informa\u00e7\u00f5es t\u00e9cnicas<\/h4>\n<p><span style=\"margin: 0px;padding: 0px;font-weight: 450;font-size: 14px;line-height: 21px;color: var(--dark-grey2);font-family: Lato, sans-serif;font-style: normal;letter-spacing: normal;text-align: start;text-indent: 0px;text-transform: none\">Produto: Baralho<br \/>\nMarca: Copag<br \/>\nMaterial: Papel Couch\u00ea<br \/>\nCor: sortidas<br \/>\nCaracter\u00edsticas: Deslize aveludado<br \/>\nDe 2 ou mais jogadores<br \/>\nPara jogar buraco, paci\u00eancia, tranca, truco e etc<br \/>\nRecomendado para acima de 3 anos<br \/>\nItens inclusos: 54 cartas<br \/>\nDimens\u00f5es do produto (A X L): 8,7 x 5,6cm<\/span><\/p>\n","protected":false},"featured_media":24660,"template":"","meta":{"_joinchat":[]},"product_brand":[],"product_cat":[136],"product_tag":[],"class_list":{"0":"post-16748","1":"product","2":"type-product","3":"status-publish","4":"has-post-thumbnail","6":"product_cat-lazer","8":"first","9":"instock","10":"shipping-taxable","11":"purchasable","12":"product-type-simple"},"_links":{"self":[{"href":"https:\/\/www.multicasa.com.br\/inicio\/wp-json\/wp\/v2\/product\/16748","targetHints":{"allow":["GET"]}}],"collection":[{"href":"https:\/\/www.multicasa.com.br\/inicio\/wp-json\/wp\/v2\/product"}],"about":[{"href":"https:\/\/www.multicasa.com.br\/inicio\/wp-json\/wp\/v2\/types\/product"}],"wp:featuredmedia":[{"embeddable":true,"href":"https:\/\/www.multicasa.com.br\/inicio\/wp-json\/wp\/v2\/media\/24660"}],"wp:attachment":[{"href":"https:\/\/www.multicasa.com.br\/inicio\/wp-json\/wp\/v2\/media?parent=16748"}],"wp:term":[{"taxonomy":"product_brand","embeddable":true,"href":"https:\/\/www.multicasa.com.br\/inicio\/wp-json\/wp\/v2\/product_brand?post=16748"},{"taxonomy":"product_cat","embeddable":true,"href":"https:\/\/www.multicasa.com.br\/inicio\/wp-json\/wp\/v2\/product_cat?post=16748"},{"taxonomy":"product_tag","embeddable":true,"href":"https:\/\/www.multicasa.com.br\/inicio\/wp-json\/wp\/v2\/product_tag?post=16748"}],"curies":[{"name":"wp","href":"https:\/\/api.w.org\/{rel}","templated":true}]}}