{"id":16772,"date":"2025-06-20T19:13:43","date_gmt":"2025-06-20T23:13:43","guid":{"rendered":"https:\/\/www.multicasa.com.br\/inicio\/?post_type=product&#038;p=16772"},"modified":"2025-12-16T19:32:00","modified_gmt":"2025-12-16T23:32:00","slug":"suporte-universal-fixo-para-tv-lcd-led-de-14-a-84-multivisao","status":"publish","type":"product","link":"https:\/\/www.multicasa.com.br\/inicio\/produto\/suporte-universal-fixo-para-tv-lcd-led-de-14-a-84-multivisao\/","title":{"rendered":"Suporte Universal Fixo para TV LCD\/LED de 14&#8243; a 84&#8243; Multivis\u00e3o"},"content":{"rendered":"<p>Suporte Universal Fixo Multivis\u00e3o para TVs de LCD\/LED de 14&#8243; a 84&#8243;. Ideal para salas, quartos e escrit\u00f3rio, possui design clean e moderno, \u00e9 seguro e f\u00e1cil de instalar. Produzido em pl\u00e1stico resistente e a\u00e7o carbono de alta resist\u00eancia a corros\u00e3o e com acabamento em alto padr\u00e3o, possui roldana em ABS e vem com componentes que acompanham o suporte. A dist\u00e2ncia da parede \u00e9 de apenas 3cm e a capacidade de peso de at\u00e9 100kg.<\/p>\n","protected":false},"excerpt":{"rendered":"<h4 style=\"margin: 0px;padding: 0px 0px 16px;font-family: Lato, sans-serif;font-weight: bold;line-height: 3rem;color: var(--dark-grey3);font-size: 22px;font-style: normal;letter-spacing: normal;text-align: start;text-indent: 0px;text-transform: none\">Informa\u00e7\u00f5es t\u00e9cnicas<\/h4>\n<p><span style=\"margin: 0px;padding: 0px;font-weight: 450;font-size: 14px;line-height: 21px;color: var(--dark-grey2);font-family: Lato, sans-serif;font-style: normal;letter-spacing: normal;text-align: start;text-indent: 0px;text-transform: none\">Produto: Suporte para TV<br \/>\nTipo: Fixo<br \/>\nMarca: Multivis\u00e3o<br \/>\nMaterial: A\u00e7o<br \/>\nAbs<br \/>\nPl\u00e1stico<br \/>\nCor: Preto<br \/>\nUso indicado: Fixar TV?s de 14 a 84 polegadas<br \/>\nCaracter\u00edsticas: Suporta at\u00e9 100kg<br \/>\nPara TV Led\/LCD\/3D<br \/>\nAlta resist\u00eancia a corros\u00e3o<br \/>\nQuantidade de pe\u00e7as: 27<br \/>\nItens Inclusos: 1 suporte para TV<br \/>\n4 parafusos m8 x 30<br \/>\n4 parafusos m6 x 25<br \/>\n4 parafusos m5 x 25<br \/>\n4 buchas nylon 8mm<br \/>\n4 parafusos sextavado \u00bc x 45<br \/>\n4 roldana<br \/>\n2 base do suporte<br \/>\nDimens\u00f5es do produto (A X L X P): 3 x 8,5 x 3,5cm<br \/>\n<\/span><\/p>\n","protected":false},"featured_media":26032,"template":"","meta":{"_joinchat":[]},"product_brand":[],"product_cat":[153],"product_tag":[],"class_list":{"0":"post-16772","1":"product","2":"type-product","3":"status-publish","4":"has-post-thumbnail","6":"product_cat-eletronica-e-cia","8":"first","9":"outofstock","10":"shipping-taxable","11":"product-type-simple"},"_links":{"self":[{"href":"https:\/\/www.multicasa.com.br\/inicio\/wp-json\/wp\/v2\/product\/16772","targetHints":{"allow":["GET"]}}],"collection":[{"href":"https:\/\/www.multicasa.com.br\/inicio\/wp-json\/wp\/v2\/product"}],"about":[{"href":"https:\/\/www.multicasa.com.br\/inicio\/wp-json\/wp\/v2\/types\/product"}],"wp:featuredmedia":[{"embeddable":true,"href":"https:\/\/www.multicasa.com.br\/inicio\/wp-json\/wp\/v2\/media\/26032"}],"wp:attachment":[{"href":"https:\/\/www.multicasa.com.br\/inicio\/wp-json\/wp\/v2\/media?parent=16772"}],"wp:term":[{"taxonomy":"product_brand","embeddable":true,"href":"https:\/\/www.multicasa.com.br\/inicio\/wp-json\/wp\/v2\/product_brand?post=16772"},{"taxonomy":"product_cat","embeddable":true,"href":"https:\/\/www.multicasa.com.br\/inicio\/wp-json\/wp\/v2\/product_cat?post=16772"},{"taxonomy":"product_tag","embeddable":true,"href":"https:\/\/www.multicasa.com.br\/inicio\/wp-json\/wp\/v2\/product_tag?post=16772"}],"curies":[{"name":"wp","href":"https:\/\/api.w.org\/{rel}","templated":true}]}}