{"id":16773,"date":"2025-06-20T19:13:43","date_gmt":"2025-06-20T23:13:43","guid":{"rendered":"https:\/\/www.multicasa.com.br\/inicio\/?post_type=product&#038;p=16773"},"modified":"2025-06-20T19:14:44","modified_gmt":"2025-06-20T23:14:44","slug":"caixa-plastica-de-ferramentas-nitronplast","status":"publish","type":"product","link":"https:\/\/www.multicasa.com.br\/inicio\/produto\/caixa-plastica-de-ferramentas-nitronplast\/","title":{"rendered":"Caixa Pl\u00e1stica de Ferramentas Nitronplast"},"content":{"rendered":"<p>Organize suas ferramentas de trabalho com a Maleta de Ferramentas Nitronplast. Feita em pl\u00e1stico resistente com tamanho ideal para guardar v\u00e1rias ferramentas, \u00e9 \u00fatil para voc\u00ea guardar tamb\u00e9m brincos, acess\u00f3rios de pequeno porte e transport\u00e1-los com praticidade, otimizando espa\u00e7os em arm\u00e1rios, porta-malas e garagens. Ganhe mais espa\u00e7o investindo em organiza\u00e7\u00e3o.<\/p>\n","protected":false},"excerpt":{"rendered":"<h4 style=\"margin: 0px;padding: 0px 0px 16px;font-family: Lato, sans-serif;font-weight: bold;line-height: 3rem;color: var(--dark-grey3);font-size: 22px;font-style: normal;letter-spacing: normal;text-align: start;text-indent: 0px;text-transform: none\">Informa\u00e7\u00f5es t\u00e9cnicas<\/h4>\n<p><span style=\"margin: 0px;padding: 0px;font-weight: 450;font-size: 14px;line-height: 21px;color: var(--dark-grey2);font-family: Lato, sans-serif;font-style: normal;letter-spacing: normal;text-align: start;text-indent: 0px;text-transform: none\">Produto: Caixa de Ferramentas<br \/>\nMarca: Nitronplast<br \/>\nMaterial: Pl\u00e1stico<br \/>\nCor: Cinza e laranja<br \/>\nItens Inclusos: 1 Caixa de Ferramentas<br \/>\nDimens\u00f5es do produto:(A x L x P): 12,5 x 29 x 10cm<\/span><\/p>\n","protected":false},"featured_media":16842,"template":"","meta":{"_joinchat":[]},"product_brand":[],"product_cat":[137],"product_tag":[],"class_list":{"0":"post-16773","1":"product","2":"type-product","3":"status-publish","4":"has-post-thumbnail","6":"product_cat-ferramentas-manuais","8":"first","9":"outofstock","10":"shipping-taxable","11":"product-type-simple"},"_links":{"self":[{"href":"https:\/\/www.multicasa.com.br\/inicio\/wp-json\/wp\/v2\/product\/16773","targetHints":{"allow":["GET"]}}],"collection":[{"href":"https:\/\/www.multicasa.com.br\/inicio\/wp-json\/wp\/v2\/product"}],"about":[{"href":"https:\/\/www.multicasa.com.br\/inicio\/wp-json\/wp\/v2\/types\/product"}],"wp:featuredmedia":[{"embeddable":true,"href":"https:\/\/www.multicasa.com.br\/inicio\/wp-json\/wp\/v2\/media\/16842"}],"wp:attachment":[{"href":"https:\/\/www.multicasa.com.br\/inicio\/wp-json\/wp\/v2\/media?parent=16773"}],"wp:term":[{"taxonomy":"product_brand","embeddable":true,"href":"https:\/\/www.multicasa.com.br\/inicio\/wp-json\/wp\/v2\/product_brand?post=16773"},{"taxonomy":"product_cat","embeddable":true,"href":"https:\/\/www.multicasa.com.br\/inicio\/wp-json\/wp\/v2\/product_cat?post=16773"},{"taxonomy":"product_tag","embeddable":true,"href":"https:\/\/www.multicasa.com.br\/inicio\/wp-json\/wp\/v2\/product_tag?post=16773"}],"curies":[{"name":"wp","href":"https:\/\/api.w.org\/{rel}","templated":true}]}}