{"id":16774,"date":"2025-06-20T19:13:43","date_gmt":"2025-06-20T23:13:43","guid":{"rendered":"https:\/\/www.multicasa.com.br\/inicio\/?post_type=product&#038;p=16774"},"modified":"2025-12-22T11:30:40","modified_gmt":"2025-12-22T15:30:40","slug":"mini-suporte-adesivo-organizador-de-fios-command-3m","status":"publish","type":"product","link":"https:\/\/www.multicasa.com.br\/inicio\/produto\/mini-suporte-adesivo-organizador-de-fios-command-3m\/","title":{"rendered":"Mini Suporte Adesivo Organizador de Fios Command 3M"},"content":{"rendered":"<p>Com o Mini Suporte Adesivo Organizador de Fios Command 3M, voc\u00ea pode mudar para qualquer ambiente que quiser sem estragar as paredes. Transparentes, o pacote conta com 20 mini suportes e 24 adesivos para deixar os fios organizados com f\u00e1cil instala\u00e7\u00e3o e remo\u00e7\u00e3o, sem deixar marcas ou res\u00edduos.<\/p>\n","protected":false},"excerpt":{"rendered":"<h4 style=\"margin: 0px;padding: 0px 0px 16px;font-family: Lato, sans-serif;font-weight: bold;line-height: 3rem;color: var(--dark-grey3);font-size: 22px;font-style: normal;letter-spacing: normal;text-align: start;text-indent: 0px;text-transform: none\">Informa\u00e7\u00f5es t\u00e9cnicas<\/h4>\n<p><span style=\"margin: 0px;padding: 0px;font-weight: 450;font-size: 14px;line-height: 21px;color: var(--dark-grey2);font-family: Lato, sans-serif;font-style: normal;letter-spacing: normal;text-align: start;text-indent: 0px;text-transform: none\">Produto: Mini Suporte Organizador de Fios<br \/>\nMarca: 3M<br \/>\nMaterial: Poliestireno<br \/>\nCaracter\u00edsticas: Transparente<br \/>\nSem necessidade de pregos ou parafusos<br \/>\nQuantidade de pe\u00e7as: 44<br \/>\nItens inclusos: 20 mini Suporte Organizador de Fios<br \/>\n24 adesivos<br \/>\nDimens\u00f5es do produto (A x L): 16,8 x 9,5cm<br \/>\n<\/span><\/p>\n","protected":false},"featured_media":16843,"template":"","meta":{"_joinchat":[]},"product_brand":[],"product_cat":[98],"product_tag":[],"class_list":{"0":"post-16774","1":"product","2":"type-product","3":"status-publish","4":"has-post-thumbnail","6":"product_cat-organizadores","8":"first","9":"outofstock","10":"shipping-taxable","11":"purchasable","12":"product-type-simple"},"_links":{"self":[{"href":"https:\/\/www.multicasa.com.br\/inicio\/wp-json\/wp\/v2\/product\/16774","targetHints":{"allow":["GET"]}}],"collection":[{"href":"https:\/\/www.multicasa.com.br\/inicio\/wp-json\/wp\/v2\/product"}],"about":[{"href":"https:\/\/www.multicasa.com.br\/inicio\/wp-json\/wp\/v2\/types\/product"}],"wp:featuredmedia":[{"embeddable":true,"href":"https:\/\/www.multicasa.com.br\/inicio\/wp-json\/wp\/v2\/media\/16843"}],"wp:attachment":[{"href":"https:\/\/www.multicasa.com.br\/inicio\/wp-json\/wp\/v2\/media?parent=16774"}],"wp:term":[{"taxonomy":"product_brand","embeddable":true,"href":"https:\/\/www.multicasa.com.br\/inicio\/wp-json\/wp\/v2\/product_brand?post=16774"},{"taxonomy":"product_cat","embeddable":true,"href":"https:\/\/www.multicasa.com.br\/inicio\/wp-json\/wp\/v2\/product_cat?post=16774"},{"taxonomy":"product_tag","embeddable":true,"href":"https:\/\/www.multicasa.com.br\/inicio\/wp-json\/wp\/v2\/product_tag?post=16774"}],"curies":[{"name":"wp","href":"https:\/\/api.w.org\/{rel}","templated":true}]}}