{"id":16776,"date":"2025-06-20T19:13:43","date_gmt":"2025-06-20T23:13:43","guid":{"rendered":"https:\/\/www.multicasa.com.br\/inicio\/?post_type=product&#038;p=16776"},"modified":"2026-04-27T09:00:26","modified_gmt":"2026-04-27T13:00:26","slug":"luminaria-de-mesa-tlm05-articulavel-com-garra-preta-taschibra","status":"publish","type":"product","link":"https:\/\/www.multicasa.com.br\/inicio\/produto\/luminaria-de-mesa-tlm05-articulavel-com-garra-preta-taschibra\/","title":{"rendered":"Lumin\u00e1ria de Mesa TLM05 Articul\u00e1vel com Garra Preta Taschibra"},"content":{"rendered":"<p>Com a Lumin\u00e1ria de Mesa TLM05 Taschibra deixe seu ambiente com mais estilo e conforto. Produzidas em pl\u00e1stico e c\u00fapula em a\u00e7o na cor preta, tem garra de press\u00e3o para prender onde desejar e seu corpo \u00e9 articul\u00e1vel, permitindo mais versatilidade. Com soquete E27 \u00e9 compat\u00edvel com l\u00e2mpadas full spiral 11w e TKL 30 (n\u00e3o inclusas).<\/p>\n","protected":false},"excerpt":{"rendered":"<h4 style=\"margin: 0px;padding: 0px 0px 16px;font-family: Lato, sans-serif;font-weight: bold;line-height: 3rem;color: var(--dark-grey3);font-size: 22px;font-style: normal;letter-spacing: normal;text-align: start;text-indent: 0px;text-transform: none\">Informa\u00e7\u00f5es t\u00e9cnicas<\/h4>\n<p><span style=\"margin: 0px;padding: 0px;font-weight: 450;font-size: 14px;line-height: 21px;color: var(--dark-grey2);font-family: Lato, sans-serif;font-style: normal;letter-spacing: normal;text-align: start;text-indent: 0px;text-transform: none\">Produto: Lumin\u00e1ria de mesa<br \/>\nMarca: Taschibra<br \/>\nModelo: TLM05<br \/>\nMaterial: Pl\u00e1stico<br \/>\nA\u00e7o<br \/>\nPorcelana<br \/>\nCor: Preto<br \/>\nPot\u00eancia: 40W<br \/>\nCaracter\u00edsticas: Corpo Articul\u00e1vel<br \/>\nSoquete E27<br \/>\nPossui garra<br \/>\nL\u00e2mpadas compat\u00edveis full spiral 11w | tkl 30<br \/>\nN\u00e3o acompanha nenhuma l\u00e2mpada<br \/>\nItens Inclusos: 1 Lumin\u00e1ria de mesa<br \/>\nDimens\u00f5es do produto (A X L X P): 18 x 17,5 x 12,3cm<\/span><\/p>\n","protected":false},"featured_media":16861,"template":"","meta":{"_joinchat":[]},"product_brand":[],"product_cat":[79],"product_tag":[],"class_list":{"0":"post-16776","1":"product","2":"type-product","3":"status-publish","4":"has-post-thumbnail","6":"product_cat-iluminacao-decorativa","8":"first","9":"instock","10":"shipping-taxable","11":"purchasable","12":"product-type-simple"},"_links":{"self":[{"href":"https:\/\/www.multicasa.com.br\/inicio\/wp-json\/wp\/v2\/product\/16776","targetHints":{"allow":["GET"]}}],"collection":[{"href":"https:\/\/www.multicasa.com.br\/inicio\/wp-json\/wp\/v2\/product"}],"about":[{"href":"https:\/\/www.multicasa.com.br\/inicio\/wp-json\/wp\/v2\/types\/product"}],"wp:featuredmedia":[{"embeddable":true,"href":"https:\/\/www.multicasa.com.br\/inicio\/wp-json\/wp\/v2\/media\/16861"}],"wp:attachment":[{"href":"https:\/\/www.multicasa.com.br\/inicio\/wp-json\/wp\/v2\/media?parent=16776"}],"wp:term":[{"taxonomy":"product_brand","embeddable":true,"href":"https:\/\/www.multicasa.com.br\/inicio\/wp-json\/wp\/v2\/product_brand?post=16776"},{"taxonomy":"product_cat","embeddable":true,"href":"https:\/\/www.multicasa.com.br\/inicio\/wp-json\/wp\/v2\/product_cat?post=16776"},{"taxonomy":"product_tag","embeddable":true,"href":"https:\/\/www.multicasa.com.br\/inicio\/wp-json\/wp\/v2\/product_tag?post=16776"}],"curies":[{"name":"wp","href":"https:\/\/api.w.org\/{rel}","templated":true}]}}