{"id":16795,"date":"2025-06-20T19:14:04","date_gmt":"2025-06-20T23:14:04","guid":{"rendered":"https:\/\/www.multicasa.com.br\/inicio\/?post_type=product&#038;p=16795"},"modified":"2026-04-09T08:20:11","modified_gmt":"2026-04-09T12:20:11","slug":"torneira-de-jardim-1130-c18-cr-meber","status":"publish","type":"product","link":"https:\/\/www.multicasa.com.br\/inicio\/produto\/torneira-de-jardim-1130-c18-cr-meber\/","title":{"rendered":"Torneira De Jardim 1130 C18 Cr Meber"},"content":{"rendered":"<p>Se voc\u00ea busca por funcionalidade e beleza em metais sanit\u00e1rios, encontra na linha Uni a op\u00e7\u00e3o ideal. Seu design prima pela versatilidade, evidenciando um visual limpo e atemporal, que combina com v\u00e1rios estilos de projetos. Fabricado em liga de cobre e liga de zinco, com acabamento cromado e com 1\/4 de volta com pastilhas cer\u00e2micas.<\/p>\n","protected":false},"excerpt":{"rendered":"<h4 style=\"margin: 0px;padding: 0px 0px 16px;font-family: Lato, sans-serif;font-weight: bold;line-height: 3rem;color: var(--dark-grey3);font-size: 22px;font-style: normal;letter-spacing: normal;text-align: start;text-indent: 0px;text-transform: none\">Informa\u00e7\u00f5es t\u00e9cnicas<\/h4>\n<p><span style=\"margin: 0px;padding: 0px;font-weight: 450;font-size: 14px;line-height: 21px;color: var(--dark-grey2);font-family: Lato, sans-serif;font-style: normal;letter-spacing: normal;text-align: start;text-indent: 0px;text-transform: none\">Produto: TORNEIRA JARDIM 1130 C18<br \/>\nMarca: MEBER<br \/>\nMaterial: Liga de Cobre e Liga de Zinco.<br \/>\nCor: CROMADO<br \/>\nCaracter\u00edsticas:<br \/>\n&#8211; Acabamento cromado.<br \/>\n&#8211; Press\u00e3o est\u00e1tica: 2 mca a 40 mca<br \/>\n&#8211; Sistema de Acionamento: \u00bc de volta com pastilhas cer\u00e2micas.<br \/>\n&#8211; Garantia de 10 anos.<\/span><\/p>\n","protected":false},"featured_media":26127,"template":"","meta":{"_joinchat":[]},"product_brand":[],"product_cat":[67],"product_tag":[],"class_list":{"0":"post-16795","1":"product","2":"type-product","3":"status-publish","4":"has-post-thumbnail","6":"product_cat-torneiras-e-cia","8":"first","9":"instock","10":"shipping-taxable","11":"purchasable","12":"product-type-simple"},"_links":{"self":[{"href":"https:\/\/www.multicasa.com.br\/inicio\/wp-json\/wp\/v2\/product\/16795","targetHints":{"allow":["GET"]}}],"collection":[{"href":"https:\/\/www.multicasa.com.br\/inicio\/wp-json\/wp\/v2\/product"}],"about":[{"href":"https:\/\/www.multicasa.com.br\/inicio\/wp-json\/wp\/v2\/types\/product"}],"wp:featuredmedia":[{"embeddable":true,"href":"https:\/\/www.multicasa.com.br\/inicio\/wp-json\/wp\/v2\/media\/26127"}],"wp:attachment":[{"href":"https:\/\/www.multicasa.com.br\/inicio\/wp-json\/wp\/v2\/media?parent=16795"}],"wp:term":[{"taxonomy":"product_brand","embeddable":true,"href":"https:\/\/www.multicasa.com.br\/inicio\/wp-json\/wp\/v2\/product_brand?post=16795"},{"taxonomy":"product_cat","embeddable":true,"href":"https:\/\/www.multicasa.com.br\/inicio\/wp-json\/wp\/v2\/product_cat?post=16795"},{"taxonomy":"product_tag","embeddable":true,"href":"https:\/\/www.multicasa.com.br\/inicio\/wp-json\/wp\/v2\/product_tag?post=16795"}],"curies":[{"name":"wp","href":"https:\/\/api.w.org\/{rel}","templated":true}]}}