{"id":16798,"date":"2025-06-20T19:14:04","date_gmt":"2025-06-20T23:14:04","guid":{"rendered":"https:\/\/www.multicasa.com.br\/inicio\/?post_type=product&#038;p=16798"},"modified":"2026-01-12T09:50:21","modified_gmt":"2026-01-12T13:50:21","slug":"telefone-s-fio-digital-ts-5120-pt-intelb","status":"publish","type":"product","link":"https:\/\/www.multicasa.com.br\/inicio\/produto\/telefone-s-fio-digital-ts-5120-pt-intelb\/","title":{"rendered":"Telefone S\/Fio Digital.Ts 5120 Pt Intelb"},"content":{"rendered":"<p>O telefone sem fio TS 5120 \u00e9 pr\u00e1tico, funcional e muito vers\u00e1til, atendendo \u00e0s suas necessidades em casa ou no escrit\u00f3rio. Possui fun\u00e7\u00f5es ideais para quem realiza diversas tarefas ao longo do dia, mas n\u00e3o abre m\u00e3o do conforto e mobilidade.<\/p>\n","protected":false},"excerpt":{"rendered":"<h4 style=\"margin: 0px;padding: 0px 0px 16px;font-family: Lato, sans-serif;font-weight: bold;line-height: 3rem;color: var(--dark-grey3);font-size: 22px;font-style: normal;letter-spacing: normal;text-align: start;text-indent: 0px;text-transform: none\">Informa\u00e7\u00f5es t\u00e9cnicas<\/h4>\n<p><span style=\"margin: 0px;padding: 0px;font-weight: 450;font-size: 14px;line-height: 21px;color: var(--dark-grey2);font-family: Lato, sans-serif;font-style: normal;letter-spacing: normal;text-align: start;text-indent: 0px;text-transform: none\">Produto: TELEFONE S\/FIO DIG.TS 5120<br \/>\nMarca: INTELBRAS<br \/>\nMaterial: PL\u00c1STICO<br \/>\nCor: PRETA<br \/>\nCaracter\u00edsticas:<br \/>\n&gt; Capacidade para at\u00e9 7 ramais (base + 6 ramais)<br \/>\n&gt; Display e teclado luminosos<br \/>\n&gt; Entrada para fone de ouvido<br \/>\n&gt; Bloqueio de chamadas (a cobrar e originadas)<br \/>\n&gt; Agenda para 70 contatos, compartilhada entre os ramais<br \/>\n&gt; Modo bab\u00e1 prendedor de cinto<br \/>\n&gt; Identifica\u00e7\u00e3o de chamadas<br \/>\n&gt; Viva voz<br \/>\n&gt; 10 tipos de toques polif\u00f4nicos com 7 op\u00e7\u00f5es de volume<br \/>\n&gt; Registro de 15 chamadas atendidas, 20 n\u00e3o atendidas e 15 originadas<br \/>\n&gt; Comunica\u00e7\u00e3o interna, transfer\u00eancia de chamadas e confer\u00eancia a tr\u00eas.<br \/>\nDimens\u00f5es:<br \/>\nComprimento do produto: 10 cm<br \/>\nLargura do produto: 10,5 cm<br \/>\nAltura do produto: 16 cm<br \/>\nPeso do produto: 0,317<\/span><\/p>\n","protected":false},"featured_media":27503,"template":"","meta":{"_joinchat":[]},"product_brand":[],"product_cat":[138],"product_tag":[],"class_list":{"0":"post-16798","1":"product","2":"type-product","3":"status-publish","4":"has-post-thumbnail","6":"product_cat-telefones-e-cia","8":"first","9":"instock","10":"shipping-taxable","11":"purchasable","12":"product-type-simple"},"_links":{"self":[{"href":"https:\/\/www.multicasa.com.br\/inicio\/wp-json\/wp\/v2\/product\/16798","targetHints":{"allow":["GET"]}}],"collection":[{"href":"https:\/\/www.multicasa.com.br\/inicio\/wp-json\/wp\/v2\/product"}],"about":[{"href":"https:\/\/www.multicasa.com.br\/inicio\/wp-json\/wp\/v2\/types\/product"}],"wp:featuredmedia":[{"embeddable":true,"href":"https:\/\/www.multicasa.com.br\/inicio\/wp-json\/wp\/v2\/media\/27503"}],"wp:attachment":[{"href":"https:\/\/www.multicasa.com.br\/inicio\/wp-json\/wp\/v2\/media?parent=16798"}],"wp:term":[{"taxonomy":"product_brand","embeddable":true,"href":"https:\/\/www.multicasa.com.br\/inicio\/wp-json\/wp\/v2\/product_brand?post=16798"},{"taxonomy":"product_cat","embeddable":true,"href":"https:\/\/www.multicasa.com.br\/inicio\/wp-json\/wp\/v2\/product_cat?post=16798"},{"taxonomy":"product_tag","embeddable":true,"href":"https:\/\/www.multicasa.com.br\/inicio\/wp-json\/wp\/v2\/product_tag?post=16798"}],"curies":[{"name":"wp","href":"https:\/\/api.w.org\/{rel}","templated":true}]}}