{"id":16799,"date":"2025-06-20T19:14:05","date_gmt":"2025-06-20T23:14:05","guid":{"rendered":"https:\/\/www.multicasa.com.br\/inicio\/?post_type=product&#038;p=16799"},"modified":"2025-08-17T18:58:15","modified_gmt":"2025-08-17T22:58:15","slug":"ventilador-3-pas-fenix-130w-127v-ventisol","status":"publish","type":"product","link":"https:\/\/www.multicasa.com.br\/inicio\/produto\/ventilador-3-pas-fenix-130w-127v-ventisol\/","title":{"rendered":"Ventilador 3 Pas F\u00eanix 130W 127V Ventisol"},"content":{"rendered":"<p>Na constante busca do aperfei\u00e7oamento de seus produtos, a Ventisol vem desenvolvendo produtos mais econ\u00f4micos. Desde outubro de 2016 os Ventiladores de Teto F\u00eanix s\u00e3o fabricados com uma classifica\u00e7\u00e3o energ\u00e9tica muito mais econ\u00f4mica. Ar mais refrescante, num ambiente mais elegante para voc\u00ea e sua fam\u00edlia. Se voc\u00ea deseja um ambiente mais refrescante, bonito e agrad\u00e1vel, o Ventilador de Teto Ventisol F\u00eanix \u00e9 ideal.<br \/>\nAcompanha chave de controle de velocidade, revers\u00e3o e ilumina\u00e7\u00e3o.<\/p>\n","protected":false},"excerpt":{"rendered":"<h4 style=\"margin: 0px;padding: 0px 0px 16px;font-family: Lato, sans-serif;font-weight: bold;line-height: 3rem;color: var(--dark-grey3);font-size: 22px;font-style: normal;letter-spacing: normal;text-align: start;text-indent: 0px;text-transform: none\">Informa\u00e7\u00f5es t\u00e9cnicas<\/h4>\n<p><span style=\"margin: 0px;padding: 0px;font-weight: 450;font-size: 14px;line-height: 21px;color: var(--dark-grey2);font-family: Lato, sans-serif;font-style: normal;letter-spacing: normal;text-align: start;text-indent: 0px;text-transform: none\">Produto: VENTILADOR 3P F\u00caNIX 130W 127V<br \/>\nMarca: VENTISOL<br \/>\nMaterial: P\u00e1s em pl\u00e1stico e motor e haste em a\u00e7o tratado.<br \/>\nCor: BRANCA<br \/>\nCaracter\u00edsticas:<br \/>\n\u0095 Ideal para resid\u00eancias:<br \/>\nO fluxo de vento ideal para o conforto da fam\u00edlia.<br \/>\n\u0095 P\u00e1s em pl\u00e1stico:<br \/>\nS\u00e3o leves e aumentam a vida \u00fatil do motor.<br \/>\n\u0095 P\u00e1s com garras integradas:<br \/>\nFacilidade na hora da montagem.<br \/>\n\u0095 Motor e haste em a\u00e7o tratado:<br \/>\nA\u00e7o tratado com pintura que ajuda a proteger o aparelho e evita a corros\u00e3o.<br \/>\n\u0095 Lustre para duas l\u00e2mpadas:<br \/>\nLustre com alto brilho com perfeito acabamento.<br \/>\n\u0095 Acompanha Chave de controle de parede com tr\u00eas velocidades:<br \/>\nChave de controle de velocidade de parede. Liga e desliga a revers\u00e3o e a ilumina\u00e7\u00e3o.<br \/>\nDimens\u00f5es:<br \/>\nAltura: 46.0 cm<br \/>\nDi\u00e2metro: 96.0 cm<\/span><\/p>\n","protected":false},"featured_media":26268,"template":"","meta":{"_joinchat":[]},"product_brand":[],"product_cat":[160],"product_tag":[],"class_list":{"0":"post-16799","1":"product","2":"type-product","3":"status-publish","4":"has-post-thumbnail","6":"product_cat-ventiladores-decorativos","8":"first","9":"outofstock","10":"shipping-taxable","11":"purchasable","12":"product-type-simple"},"_links":{"self":[{"href":"https:\/\/www.multicasa.com.br\/inicio\/wp-json\/wp\/v2\/product\/16799","targetHints":{"allow":["GET"]}}],"collection":[{"href":"https:\/\/www.multicasa.com.br\/inicio\/wp-json\/wp\/v2\/product"}],"about":[{"href":"https:\/\/www.multicasa.com.br\/inicio\/wp-json\/wp\/v2\/types\/product"}],"wp:featuredmedia":[{"embeddable":true,"href":"https:\/\/www.multicasa.com.br\/inicio\/wp-json\/wp\/v2\/media\/26268"}],"wp:attachment":[{"href":"https:\/\/www.multicasa.com.br\/inicio\/wp-json\/wp\/v2\/media?parent=16799"}],"wp:term":[{"taxonomy":"product_brand","embeddable":true,"href":"https:\/\/www.multicasa.com.br\/inicio\/wp-json\/wp\/v2\/product_brand?post=16799"},{"taxonomy":"product_cat","embeddable":true,"href":"https:\/\/www.multicasa.com.br\/inicio\/wp-json\/wp\/v2\/product_cat?post=16799"},{"taxonomy":"product_tag","embeddable":true,"href":"https:\/\/www.multicasa.com.br\/inicio\/wp-json\/wp\/v2\/product_tag?post=16799"}],"curies":[{"name":"wp","href":"https:\/\/api.w.org\/{rel}","templated":true}]}}