{"id":16800,"date":"2025-06-20T19:14:05","date_gmt":"2025-06-20T23:14:05","guid":{"rendered":"https:\/\/www.multicasa.com.br\/inicio\/?post_type=product&#038;p=16800"},"modified":"2025-06-23T09:52:02","modified_gmt":"2025-06-23T13:52:02","slug":"bomba-auto-asp-1-2cv-tps-60-ferrari","status":"publish","type":"product","link":"https:\/\/www.multicasa.com.br\/inicio\/produto\/bomba-auto-asp-1-2cv-tps-60-ferrari\/","title":{"rendered":"Bomba Auto Asp.1\/2Cv Tps-60 Ferrari"},"content":{"rendered":"<p>Ideal para transfer\u00eancia de \u00e1gua limpa e isenta de s\u00f3lidos de: po\u00e7os,<br \/>\nreservat\u00f3rios, rios e no abastecimento de resid\u00eancias e ind\u00fastrias. No campo em pequenas irriga\u00e7\u00f5es, e principalmente em redes de baixa press\u00e3o.<\/p>\n","protected":false},"excerpt":{"rendered":"<h4 style=\"margin: 0px;padding: 0px 0px 16px;font-family: Lato, sans-serif;font-weight: bold;line-height: 3rem;color: var(--dark-grey3);font-size: 22px;font-style: normal;letter-spacing: normal;text-align: start;text-indent: 0px;text-transform: none\">Informa\u00e7\u00f5es t\u00e9cnicas<\/h4>\n<p><span style=\"margin: 0px;padding: 0px;font-weight: 450;font-size: 14px;line-height: 21px;color: var(--dark-grey2);font-family: Lato, sans-serif;font-style: normal;letter-spacing: normal;text-align: start;text-indent: 0px;text-transform: none\">Produto: BOMBA AUTO ASP.1\/2CV TPS-60<br \/>\nMarca: FERRARI<br \/>\nMaterial: Carca\u00e7a em Alum\u00ednio e Bomba em Ferro Fundido.<br \/>\nCor: AMARELA<br \/>\nCaracter\u00edsticas:<br \/>\nParafuso do Respiro (Vent) &#8211; Permite a Retirada do Ar na Suc\u00e7\u00e3o (Tubula\u00e7\u00e3o).<br \/>\nProtetor T\u00e9rmico &#8211; Termostato que Desliga a Bomba Automaticamente no Caso de<br \/>\nSuperaquecimento, Evitando a Queima do Motor. Bomba Compacta &#8211; Menor Espa\u00e7o<br \/>\nNecess\u00e1rio Para Instala\u00e7\u00e3o, Maior Facilidade Para Transportar. Motor &#8211; com<br \/>\nCarca\u00e7a em Alum\u00ednio e Bomba em Ferro Fundido. Motor IP-44 &#8211; Maior Prote\u00e7\u00e3o ao<br \/>\nEquipamento e ao Usu\u00e1rio. Baixo N\u00edvel de Ru\u00eddo &#8211; Maior Comodidade. Rotor em<br \/>\nBronze &#8211; Maior Resist\u00eancia Mec\u00e2nica e Elevada Resist\u00eancia Contra Corros\u00e3o.<br \/>\nDimens\u00f5es:<br \/>\nDimens\u00f5es do Produto [LxAxC]: 270 X 170 X 240 mm<br \/>\nPeso Bruto: 7.8 kg<\/span><\/p>\n","protected":false},"featured_media":24697,"template":"","meta":{"_joinchat":[]},"product_brand":[],"product_cat":[75],"product_tag":[],"class_list":{"0":"post-16800","1":"product","2":"type-product","3":"status-publish","4":"has-post-thumbnail","6":"product_cat-bombas-e-cia","8":"first","9":"outofstock","10":"shipping-taxable","11":"product-type-simple"},"_links":{"self":[{"href":"https:\/\/www.multicasa.com.br\/inicio\/wp-json\/wp\/v2\/product\/16800","targetHints":{"allow":["GET"]}}],"collection":[{"href":"https:\/\/www.multicasa.com.br\/inicio\/wp-json\/wp\/v2\/product"}],"about":[{"href":"https:\/\/www.multicasa.com.br\/inicio\/wp-json\/wp\/v2\/types\/product"}],"wp:featuredmedia":[{"embeddable":true,"href":"https:\/\/www.multicasa.com.br\/inicio\/wp-json\/wp\/v2\/media\/24697"}],"wp:attachment":[{"href":"https:\/\/www.multicasa.com.br\/inicio\/wp-json\/wp\/v2\/media?parent=16800"}],"wp:term":[{"taxonomy":"product_brand","embeddable":true,"href":"https:\/\/www.multicasa.com.br\/inicio\/wp-json\/wp\/v2\/product_brand?post=16800"},{"taxonomy":"product_cat","embeddable":true,"href":"https:\/\/www.multicasa.com.br\/inicio\/wp-json\/wp\/v2\/product_cat?post=16800"},{"taxonomy":"product_tag","embeddable":true,"href":"https:\/\/www.multicasa.com.br\/inicio\/wp-json\/wp\/v2\/product_tag?post=16800"}],"curies":[{"name":"wp","href":"https:\/\/api.w.org\/{rel}","templated":true}]}}