{"id":16820,"date":"2025-06-20T19:14:28","date_gmt":"2025-06-20T23:14:28","guid":{"rendered":"https:\/\/www.multicasa.com.br\/inicio\/?post_type=product&#038;p=16820"},"modified":"2025-07-01T13:59:19","modified_gmt":"2025-07-01T17:59:19","slug":"tapete-vinil-silver-60x1m-marrom-kapazi","status":"publish","type":"product","link":"https:\/\/www.multicasa.com.br\/inicio\/produto\/tapete-vinil-silver-60x1m-marrom-kapazi\/","title":{"rendered":"Tapete Vinil Silver 60X1M Marrom Kapazi"},"content":{"rendered":"<p>Os capachos vinil da Kapazi s\u00e3o \u00f3timas op\u00e7\u00f5es para quem deseja um capacho de entrada mais neutro. Ideais para uso residencial e para entrada de ambientes, conquista por sua funcionalidade e diversidade de cores;<\/p>\n","protected":false},"excerpt":{"rendered":"<h4 style=\"margin: 0px;padding: 0px 0px 16px;font-family: Lato, sans-serif;font-weight: bold;line-height: 3rem;color: var(--dark-grey3);font-size: 22px;font-style: normal;letter-spacing: normal;text-align: start;text-indent: 0px;text-transform: none\">Informa\u00e7\u00f5es t\u00e9cnicas<\/h4>\n<p><span style=\"margin: 0px;padding: 0px;font-weight: 450;font-size: 14px;line-height: 21px;color: var(--dark-grey2);font-family: Lato, sans-serif;font-style: normal;letter-spacing: normal;text-align: start;text-indent: 0px;text-transform: none\">Produto: TAPETE VINIL SILVER 60X1M MARROM           Marca: KAPAZI           Linha: Vinil Silver;<br \/>\nMaterial: 100% Policloreto de Vinila;<br \/>\nDimens\u00f5es: Largura: 40cm, Comprimento: 60cm; Espessura: 10mm;<\/span><\/p>\n","protected":false},"featured_media":27502,"template":"","meta":{"_joinchat":[]},"product_brand":[],"product_cat":[96],"product_tag":[],"class_list":{"0":"post-16820","1":"product","2":"type-product","3":"status-publish","4":"has-post-thumbnail","6":"product_cat-limpeza-e-cia","8":"first","9":"outofstock","10":"shipping-taxable","11":"product-type-simple"},"_links":{"self":[{"href":"https:\/\/www.multicasa.com.br\/inicio\/wp-json\/wp\/v2\/product\/16820","targetHints":{"allow":["GET"]}}],"collection":[{"href":"https:\/\/www.multicasa.com.br\/inicio\/wp-json\/wp\/v2\/product"}],"about":[{"href":"https:\/\/www.multicasa.com.br\/inicio\/wp-json\/wp\/v2\/types\/product"}],"wp:featuredmedia":[{"embeddable":true,"href":"https:\/\/www.multicasa.com.br\/inicio\/wp-json\/wp\/v2\/media\/27502"}],"wp:attachment":[{"href":"https:\/\/www.multicasa.com.br\/inicio\/wp-json\/wp\/v2\/media?parent=16820"}],"wp:term":[{"taxonomy":"product_brand","embeddable":true,"href":"https:\/\/www.multicasa.com.br\/inicio\/wp-json\/wp\/v2\/product_brand?post=16820"},{"taxonomy":"product_cat","embeddable":true,"href":"https:\/\/www.multicasa.com.br\/inicio\/wp-json\/wp\/v2\/product_cat?post=16820"},{"taxonomy":"product_tag","embeddable":true,"href":"https:\/\/www.multicasa.com.br\/inicio\/wp-json\/wp\/v2\/product_tag?post=16820"}],"curies":[{"name":"wp","href":"https:\/\/api.w.org\/{rel}","templated":true}]}}