{"id":16823,"date":"2025-06-20T19:14:29","date_gmt":"2025-06-20T23:14:29","guid":{"rendered":"https:\/\/www.multicasa.com.br\/inicio\/?post_type=product&#038;p=16823"},"modified":"2026-04-19T10:20:11","modified_gmt":"2026-04-19T14:20:11","slug":"lampada-led-tubular-t8-6-5k-phillips","status":"publish","type":"product","link":"https:\/\/www.multicasa.com.br\/inicio\/produto\/lampada-led-tubular-t8-6-5k-phillips\/","title":{"rendered":"L\u00e2mpada Led Tubular T8 6.5K Phillips"},"content":{"rendered":"<p>A L\u00e2mpada Tubular 9W Led Luz Branca Philips \u00e9 a op\u00e7\u00e3o certa para voc\u00ea, al\u00e9m de dur\u00e1vel pois conta com vida \u00fatil nominal de 25.000 horas. Ideal para \u00e1reas internas e externas como espa\u00e7os p\u00fablicos, escrit\u00f3rios, estacionamentos e dep\u00f3sitos. Com seu design exclusivo pode ser instalada diretamente em lumin\u00e1rias que funcionam com energia el\u00e9trica. Al\u00e9m de oferecer um efeito de ilumina\u00e7\u00e3o bem natural e economia de energia imediata, garantindo benef\u00edcios para seu or\u00e7amento e preservando a natureza.<\/p>\n","protected":false},"excerpt":{"rendered":"<h4 style=\"margin: 0px;padding: 0px 0px 16px;font-family: Lato, sans-serif;font-weight: bold;line-height: 3rem;color: var(--dark-grey3);font-size: 22px;font-style: normal;letter-spacing: normal;text-align: start;text-indent: 0px;text-transform: none\">Informa\u00e7\u00f5es t\u00e9cnicas<\/h4>\n<p><span style=\"margin: 0px;padding: 0px;font-weight: 450;font-size: 14px;line-height: 21px;color: var(--dark-grey2);font-family: Lato, sans-serif;font-style: normal;letter-spacing: normal;text-align: start;text-indent: 0px;text-transform: none\">&#8211; Cor: Branco<br \/>\n&#8211; Vida \u00datil: 25.000 horas<br \/>\n&#8211; Linha: Philips<br \/>\n&#8211; Fluxo Luminoso: 900lm<br \/>\n&#8211; Pot\u00eancia: 9w<br \/>\n&#8211; Cor Da Luz: Branco Frio<br \/>\n&#8211; Temperatura Da Cor: 6500K<br \/>\n&#8211; Voltagem: 100-240 V<br \/>\n&#8211; Modelo: Tubular<br \/>\n&#8211; Refer\u00eancia: CPLTUBET8<br \/>\n&#8211; Garantia do fabricante: 5 anos contra defeito de fabrica\u00e7\u00e3o.<br \/>\n&#8211; Recomenda\u00e7\u00f5es De Uso\/Manuten\u00e7\u00e3o E Limpeza: Recomendamos que desligue a energia el\u00e9trica antes de qualquer procedimento, a fim de evitar qualquer problema e garantir sua seguran\u00e7a.<br \/>\n&#8211; Indicado Para: Iluminar o ambiente.<br \/>\n&#8211; Ambiente Indicado: Ideal para \u00e1reas internas e externas como espa\u00e7os p\u00fablicos, escrit\u00f3rios, estacionamentos e dep\u00f3sitos.<\/span><\/p>\n","protected":false},"featured_media":25438,"template":"","meta":{"_joinchat":[]},"product_brand":[],"product_cat":[80],"product_tag":[],"class_list":{"0":"post-16823","1":"product","2":"type-product","3":"status-publish","4":"has-post-thumbnail","6":"product_cat-lampadas","8":"first","9":"instock","10":"shipping-taxable","11":"purchasable","12":"product-type-simple"},"_links":{"self":[{"href":"https:\/\/www.multicasa.com.br\/inicio\/wp-json\/wp\/v2\/product\/16823","targetHints":{"allow":["GET"]}}],"collection":[{"href":"https:\/\/www.multicasa.com.br\/inicio\/wp-json\/wp\/v2\/product"}],"about":[{"href":"https:\/\/www.multicasa.com.br\/inicio\/wp-json\/wp\/v2\/types\/product"}],"wp:featuredmedia":[{"embeddable":true,"href":"https:\/\/www.multicasa.com.br\/inicio\/wp-json\/wp\/v2\/media\/25438"}],"wp:attachment":[{"href":"https:\/\/www.multicasa.com.br\/inicio\/wp-json\/wp\/v2\/media?parent=16823"}],"wp:term":[{"taxonomy":"product_brand","embeddable":true,"href":"https:\/\/www.multicasa.com.br\/inicio\/wp-json\/wp\/v2\/product_brand?post=16823"},{"taxonomy":"product_cat","embeddable":true,"href":"https:\/\/www.multicasa.com.br\/inicio\/wp-json\/wp\/v2\/product_cat?post=16823"},{"taxonomy":"product_tag","embeddable":true,"href":"https:\/\/www.multicasa.com.br\/inicio\/wp-json\/wp\/v2\/product_tag?post=16823"}],"curies":[{"name":"wp","href":"https:\/\/api.w.org\/{rel}","templated":true}]}}