{"id":16824,"date":"2025-06-20T19:14:29","date_gmt":"2025-06-20T23:14:29","guid":{"rendered":"https:\/\/www.multicasa.com.br\/inicio\/?post_type=product&#038;p=16824"},"modified":"2026-04-23T10:30:16","modified_gmt":"2026-04-23T14:30:16","slug":"lampada-led-tubular-t8-18w-biv-6-5k-philips","status":"publish","type":"product","link":"https:\/\/www.multicasa.com.br\/inicio\/produto\/lampada-led-tubular-t8-18w-biv-6-5k-philips\/","title":{"rendered":"Lampada Led Tubular T8 18W Biv.6.5K Philips"},"content":{"rendered":"<p>Uma solu\u00e7\u00e3o indispens\u00e1vel para quem quer aliar praticidade, efici\u00eancia e economia na hora de iluminar ambientes como cozinhas, banheiros e escrit\u00f3rios. <\/p>\n","protected":false},"excerpt":{"rendered":"<h4 style=\"margin: 0px;padding: 0px 0px 16px;font-family: Lato, sans-serif;font-weight: bold;line-height: 3rem;color: var(--dark-grey3);font-size: 22px;font-style: normal;letter-spacing: normal;text-align: start;text-indent: 0px;text-transform: none\">Informa\u00e7\u00f5es t\u00e9cnicas<\/h4>\n<p><span style=\"margin: 0px;padding: 0px;font-weight: 450;font-size: 14px;line-height: 21px;color: var(--dark-grey2);font-family: Lato, sans-serif;font-style: normal;letter-spacing: normal;text-align: start;text-indent: 0px;text-transform: none\">Produto: LAMPADA LED TUBULAR T8 18W BIV.6.5K       Marca: PHILIPS   Watts (Consumo): 18 watts<br \/>\nVoltagem \/ Tens\u00e3o: Bivolt<br \/>\nSoquete: G13<br \/>\nGrau Abertura: 160<br \/>\nCor: Branca Azulada<br \/>\nTemperatura de Cor: 6500k<br \/>\nComprimento (mm): 1212<br \/>\nDi\u00e2metro (mm): 28<br \/>\nIRC (\u00cdndice Reprodu\u00e7\u00e3o Cor): 82<br \/>\nFluxo Luminoso (Lumens): 1850<br \/>\nVida \u00datil (Horas): 25.000<br \/>\nGarantia: 3 Anos<br \/>\nBase: Pino<br \/>\nEquival\u00eancia de Modelos: Fluorescente 36 watts, Fluorescente 32 watts, Fluorescente 40 watts<br \/>\nAmbiente: Cozinha, Banheiro, Escrit\u00f3rio \/ Loja<br \/>\nMarca: PHILIPS<br \/>\nAcabamento: Leitosa<br \/>\nTecnologia: Fluorescente, LED<br \/>\nEfici\u00eancia Luminosa (lm\/W): 103<br \/>\nDimeriz\u00e1vel: N\u00e3o<br \/>\nBulbo: T8<br \/>\nFormato: Tubular<br \/>\nMaterial: Vidro<br \/>\nFator de Pot\u00eancia: 0,9<br \/>\nEconomia Energia: 40% at\u00e9 49%<br \/>\nUtiliza reator para acender: N\u00e3o<\/span><\/p>\n","protected":false},"featured_media":25452,"template":"","meta":{"_joinchat":[]},"product_brand":[],"product_cat":[80],"product_tag":[],"class_list":{"0":"post-16824","1":"product","2":"type-product","3":"status-publish","4":"has-post-thumbnail","6":"product_cat-lampadas","8":"first","9":"instock","10":"shipping-taxable","11":"purchasable","12":"product-type-simple"},"_links":{"self":[{"href":"https:\/\/www.multicasa.com.br\/inicio\/wp-json\/wp\/v2\/product\/16824","targetHints":{"allow":["GET"]}}],"collection":[{"href":"https:\/\/www.multicasa.com.br\/inicio\/wp-json\/wp\/v2\/product"}],"about":[{"href":"https:\/\/www.multicasa.com.br\/inicio\/wp-json\/wp\/v2\/types\/product"}],"wp:featuredmedia":[{"embeddable":true,"href":"https:\/\/www.multicasa.com.br\/inicio\/wp-json\/wp\/v2\/media\/25452"}],"wp:attachment":[{"href":"https:\/\/www.multicasa.com.br\/inicio\/wp-json\/wp\/v2\/media?parent=16824"}],"wp:term":[{"taxonomy":"product_brand","embeddable":true,"href":"https:\/\/www.multicasa.com.br\/inicio\/wp-json\/wp\/v2\/product_brand?post=16824"},{"taxonomy":"product_cat","embeddable":true,"href":"https:\/\/www.multicasa.com.br\/inicio\/wp-json\/wp\/v2\/product_cat?post=16824"},{"taxonomy":"product_tag","embeddable":true,"href":"https:\/\/www.multicasa.com.br\/inicio\/wp-json\/wp\/v2\/product_tag?post=16824"}],"curies":[{"name":"wp","href":"https:\/\/api.w.org\/{rel}","templated":true}]}}