{"id":16853,"date":"2025-06-20T19:14:52","date_gmt":"2025-06-20T23:14:52","guid":{"rendered":"https:\/\/www.multicasa.com.br\/inicio\/?post_type=product&#038;p=16853"},"modified":"2026-04-21T16:50:09","modified_gmt":"2026-04-21T20:50:09","slug":"mola-aerea-p-porta-45ka300-soprano","status":"publish","type":"product","link":"https:\/\/www.multicasa.com.br\/inicio\/produto\/mola-aerea-p-porta-45ka300-soprano\/","title":{"rendered":"Mola Aerea P\/Porta 45Ka300 Soprano"},"content":{"rendered":"<p>Usada em portas externas e internas de escrit\u00f3rios e edif\u00edcios comerciais e residenciais, atuando como dispositivo de fechamento. Ou seja, a porta \u00e9 aberta e a mola tem por fun\u00e7\u00e3o fech\u00e1-la de forma suave. Geralmente, \u00e9 utilizada em ambientes onde a porta deve ser mantida fechada por motivos de seguran\u00e7a, ambiente climatizado etc.<\/p>\n","protected":false},"excerpt":{"rendered":"<h4 style=\"margin: 0px;padding: 0px 0px 16px;font-family: Lato, sans-serif;font-weight: bold;line-height: 3rem;color: var(--dark-grey3);font-size: 22px;font-style: normal;letter-spacing: normal;text-align: start;text-indent: 0px;text-transform: none\">Informa\u00e7\u00f5es t\u00e9cnicas<\/h4>\n<p><span style=\"margin: 0px;padding: 0px;font-weight: 450;font-size: 14px;line-height: 21px;color: var(--dark-grey2);font-family: Lato, sans-serif;font-style: normal;letter-spacing: normal;text-align: start;text-indent: 0px;text-transform: none\">Produto: MOLA AEREA P\/PORTA 45KA300<br \/>\nMarca: SOPRANO<br \/>\nMaterial: Corpo em alum\u00ednio e o bra\u00e7o em a\u00e7o.<br \/>\nCor: PRATA<br \/>\nCaracter\u00edsticas:<br \/>\n-Para portas de aproximadamente 900&#215;2100 e peso de 45kg.<br \/>\n-Regulagem de fechamento de 90\u00ba a 15\u00ba e de 15\u00ba a 0\u00ba por v\u00e1lvulas independentes;<br \/>\n-Bra\u00e7o refor\u00e7ado e ajust\u00e1vel conforme a necessidade de intala\u00e7\u00e3o;<br \/>\n-Utiliza\u00e7\u00e3o revers\u00edvel, podendo ser instaladas em portas com abertura direita ou esquerda;<br \/>\n-Funcionamento mec\u00e2nico-hidr\u00e1ulico.<br \/>\n Dimens\u00f5es da porta em mm: 900 X 2100<\/span><\/p>\n","protected":false},"featured_media":25606,"template":"","meta":{"_joinchat":[]},"product_brand":[],"product_cat":[141],"product_tag":[],"class_list":{"0":"post-16853","1":"product","2":"type-product","3":"status-publish","4":"has-post-thumbnail","6":"product_cat-marcenaria","8":"first","9":"instock","10":"shipping-taxable","11":"purchasable","12":"product-type-simple"},"_links":{"self":[{"href":"https:\/\/www.multicasa.com.br\/inicio\/wp-json\/wp\/v2\/product\/16853","targetHints":{"allow":["GET"]}}],"collection":[{"href":"https:\/\/www.multicasa.com.br\/inicio\/wp-json\/wp\/v2\/product"}],"about":[{"href":"https:\/\/www.multicasa.com.br\/inicio\/wp-json\/wp\/v2\/types\/product"}],"wp:featuredmedia":[{"embeddable":true,"href":"https:\/\/www.multicasa.com.br\/inicio\/wp-json\/wp\/v2\/media\/25606"}],"wp:attachment":[{"href":"https:\/\/www.multicasa.com.br\/inicio\/wp-json\/wp\/v2\/media?parent=16853"}],"wp:term":[{"taxonomy":"product_brand","embeddable":true,"href":"https:\/\/www.multicasa.com.br\/inicio\/wp-json\/wp\/v2\/product_brand?post=16853"},{"taxonomy":"product_cat","embeddable":true,"href":"https:\/\/www.multicasa.com.br\/inicio\/wp-json\/wp\/v2\/product_cat?post=16853"},{"taxonomy":"product_tag","embeddable":true,"href":"https:\/\/www.multicasa.com.br\/inicio\/wp-json\/wp\/v2\/product_tag?post=16853"}],"curies":[{"name":"wp","href":"https:\/\/api.w.org\/{rel}","templated":true}]}}