{"id":16863,"date":"2025-06-20T19:15:04","date_gmt":"2025-06-20T23:15:04","guid":{"rendered":"https:\/\/www.multicasa.com.br\/inicio\/?post_type=product&#038;p=16863"},"modified":"2025-11-10T22:17:02","modified_gmt":"2025-11-11T02:17:02","slug":"acabamento-registro-abs-c33-cromado","status":"publish","type":"product","link":"https:\/\/www.multicasa.com.br\/inicio\/produto\/acabamento-registro-abs-c33-cromado\/","title":{"rendered":"Acabamento Registro ABS C33 Cromado"},"content":{"rendered":"<p>O Acabamento de Registro ABS Light para base Deca C33 Cromado da Bognar \u00e9 uma \u00f3tima op\u00e7\u00e3o para quem procura um produto de extrema qualidade. Al\u00e9m disso, seu design moderno o torna um lindo objeto decorativo. Fabricado em pl\u00e1stico ABS, acabamento cromado, possui alta resist\u00eancia a riscos e a corros\u00f5es, conservando a beleza do produto por muito mais tempo. Deixe o ambiente bonito e elegante, invista neste acabamento e tenha um produto de qualidade.<\/p>\n","protected":false},"excerpt":{"rendered":"<h4 style=\"margin: 0px;padding: 0px 0px 16px;font-family: Lato, sans-serif;font-weight: bold;line-height: 3rem;color: var(--dark-grey3);font-size: 22px;font-style: normal;letter-spacing: normal;text-align: start;text-indent: 0px;text-transform: none\">Informa\u00e7\u00f5es t\u00e9cnicas<\/h4>\n<p><span style=\"margin: 0px;padding: 0px;font-weight: 450;font-size: 14px;line-height: 21px;color: var(--dark-grey2);font-family: Lato, sans-serif;font-style: normal;letter-spacing: normal;text-align: start;text-indent: 0px;text-transform: none\">Largura (cm): 15<br \/>\nMarca:\tBlukit<br \/>\nPeso (kg): 0,25<br \/>\nAltura (cm): 11,5<br \/>\nConte\u00fado da Embalagem: 1 Acabamento de Registro<br \/>\nDimens\u00f5es Aproximadas do Produto com Embalagem (cm) &#8211; AxLxP:\t11,5 x 15 x 23 cm<br \/>\nLocal Indicado: Banheiro<br \/>\nInforma\u00e7\u00f5es Adicionais: N\u00e3o serve para Docol e Fabrimar.<br \/>\nMaterial:\tPl\u00e1stico ABS<br \/>\nProfundidade (cm):\t23<br \/>\nCor: Cromado<br \/>\nLinha: ABS Light<\/span><\/p>\n","protected":false},"featured_media":24564,"template":"","meta":{"_joinchat":[]},"product_brand":[],"product_cat":[67],"product_tag":[],"class_list":{"0":"post-16863","1":"product","2":"type-product","3":"status-publish","4":"has-post-thumbnail","6":"product_cat-torneiras-e-cia","8":"first","9":"outofstock","10":"shipping-taxable","11":"purchasable","12":"product-type-simple"},"_links":{"self":[{"href":"https:\/\/www.multicasa.com.br\/inicio\/wp-json\/wp\/v2\/product\/16863","targetHints":{"allow":["GET"]}}],"collection":[{"href":"https:\/\/www.multicasa.com.br\/inicio\/wp-json\/wp\/v2\/product"}],"about":[{"href":"https:\/\/www.multicasa.com.br\/inicio\/wp-json\/wp\/v2\/types\/product"}],"wp:featuredmedia":[{"embeddable":true,"href":"https:\/\/www.multicasa.com.br\/inicio\/wp-json\/wp\/v2\/media\/24564"}],"wp:attachment":[{"href":"https:\/\/www.multicasa.com.br\/inicio\/wp-json\/wp\/v2\/media?parent=16863"}],"wp:term":[{"taxonomy":"product_brand","embeddable":true,"href":"https:\/\/www.multicasa.com.br\/inicio\/wp-json\/wp\/v2\/product_brand?post=16863"},{"taxonomy":"product_cat","embeddable":true,"href":"https:\/\/www.multicasa.com.br\/inicio\/wp-json\/wp\/v2\/product_cat?post=16863"},{"taxonomy":"product_tag","embeddable":true,"href":"https:\/\/www.multicasa.com.br\/inicio\/wp-json\/wp\/v2\/product_tag?post=16863"}],"curies":[{"name":"wp","href":"https:\/\/api.w.org\/{rel}","templated":true}]}}