{"id":16866,"date":"2025-06-20T19:15:04","date_gmt":"2025-06-20T23:15:04","guid":{"rendered":"https:\/\/www.multicasa.com.br\/inicio\/?post_type=product&#038;p=16866"},"modified":"2025-06-23T09:59:14","modified_gmt":"2025-06-23T13:59:14","slug":"chuveiro-acqua-duo-6800w-220v-bc-cr","status":"publish","type":"product","link":"https:\/\/www.multicasa.com.br\/inicio\/produto\/chuveiro-acqua-duo-6800w-220v-bc-cr\/","title":{"rendered":"Chuveiro Acqua Duo 6800W 220V Bc\/Cr"},"content":{"rendered":"<p>O Chuveiro Eletr\u00f4nico 220V 6800W Branco\/Cromado Acqua Duo Ultra Lorenzetti \u00e9 a solu\u00e7\u00e3o para voc\u00ea que preza por um banho quentinho e com muito conforto. Com um espalhador amplo e com duas possibilidades de jato, o chuveiro Acqua Duo da Lorenzetti possui controle de temperatura gradual que permite escolher a temperatura de forma mais assertiva com uma haste prolongada ao alcance das m\u00e3os. \u00c9 muito f\u00e1cil de ser instalado. N\u00e3o \u00e9 necess\u00e1rio cano para conectar o chuveiro na sa\u00edda hidr\u00e1ulica. Basta colocar o corpo do chuveiro na parede e rosquear de forma suave. Lembrando sempre de colocar a fita veda rosca nas instala\u00e7\u00f5es hidr\u00e1ulicas para uma melhor veda\u00e7\u00e3o. Possui a op\u00e7\u00e3o de jato que vem do espalhador de cima, que significa \u00e1gua para o corpo todo, e a op\u00e7\u00e3o de ducha, que promove um jato concentrado, direcion\u00e1vel e mais forte em uma linha mais diagonal. O relaxamento \u00e9 total!<\/p>\n","protected":false},"excerpt":{"rendered":"<h4 style=\"margin: 0px;padding: 0px 0px 16px;font-family: Lato, sans-serif;font-weight: bold;line-height: 3rem;color: var(--dark-grey3);font-size: 22px;font-style: normal;letter-spacing: normal;text-align: start;text-indent: 0px;text-transform: none\">Informa\u00e7\u00f5es t\u00e9cnicas<\/h4>\n<p><span style=\"margin: 0px;padding: 0px;font-weight: 450;font-size: 14px;line-height: 21px;color: var(--dark-grey2);font-family: Lato, sans-serif;font-style: normal;letter-spacing: normal;text-align: start;text-indent: 0px;text-transform: none\">Produto: CHUVEIRO ACQ.DUO 6800W 220V<br \/>\nMarca: Lorenzetti<br \/>\nMaterial: Pl\u00e1stico<br \/>\nCor: Branco\/Cromado<br \/>\nCaracter\u00edsticas: Tecnologia Press Plus: Jatos de alta performance mesmo com baixa press\u00e3o. Seletor para escolha do jato: Chuveiro ou Ducha. Resist\u00eancia de troca r\u00e1pida Loren Ultra: Exclusivo cartucho que garante uma troca r\u00e1pida e segura. Comando eletr\u00f4nico: Permite a escolha gradual e precisa da temperatura. Haste de controle de temperaturas: Controle de temperaturas ao alcance das m\u00e3os (uso opcional). D.R.I. : Dispositivo da Regulagem de Inclina\u00e7\u00e3o.<br \/>\nAltura da Embalagem: 22,2 cm<br \/>\nLargura da Embalagem: 53,6 cm<br \/>\nProfundidade da Embalagem: 9 cm<br \/>\nPeso do Produto na Embalagem: 2,117 Kg<\/span><\/p>\n","protected":false},"featured_media":24948,"template":"","meta":{"_joinchat":[]},"product_brand":[],"product_cat":[71],"product_tag":[],"class_list":{"0":"post-16866","1":"product","2":"type-product","3":"status-publish","4":"has-post-thumbnail","6":"product_cat-chuveiros","8":"first","9":"outofstock","10":"shipping-taxable","11":"product-type-simple"},"_links":{"self":[{"href":"https:\/\/www.multicasa.com.br\/inicio\/wp-json\/wp\/v2\/product\/16866","targetHints":{"allow":["GET"]}}],"collection":[{"href":"https:\/\/www.multicasa.com.br\/inicio\/wp-json\/wp\/v2\/product"}],"about":[{"href":"https:\/\/www.multicasa.com.br\/inicio\/wp-json\/wp\/v2\/types\/product"}],"wp:featuredmedia":[{"embeddable":true,"href":"https:\/\/www.multicasa.com.br\/inicio\/wp-json\/wp\/v2\/media\/24948"}],"wp:attachment":[{"href":"https:\/\/www.multicasa.com.br\/inicio\/wp-json\/wp\/v2\/media?parent=16866"}],"wp:term":[{"taxonomy":"product_brand","embeddable":true,"href":"https:\/\/www.multicasa.com.br\/inicio\/wp-json\/wp\/v2\/product_brand?post=16866"},{"taxonomy":"product_cat","embeddable":true,"href":"https:\/\/www.multicasa.com.br\/inicio\/wp-json\/wp\/v2\/product_cat?post=16866"},{"taxonomy":"product_tag","embeddable":true,"href":"https:\/\/www.multicasa.com.br\/inicio\/wp-json\/wp\/v2\/product_tag?post=16866"}],"curies":[{"name":"wp","href":"https:\/\/api.w.org\/{rel}","templated":true}]}}