{"id":16867,"date":"2025-06-20T19:15:04","date_gmt":"2025-06-20T23:15:04","guid":{"rendered":"https:\/\/www.multicasa.com.br\/inicio\/?post_type=product&#038;p=16867"},"modified":"2025-06-23T10:09:58","modified_gmt":"2025-06-23T14:09:58","slug":"furadeira-de-impacto-650w-127v-gsb13-bosch","status":"publish","type":"product","link":"https:\/\/www.multicasa.com.br\/inicio\/produto\/furadeira-de-impacto-650w-127v-gsb13-bosch\/","title":{"rendered":"Furadeira De Impacto 650W 127V Gsb13 Bosch"},"content":{"rendered":"<p>A Furadeira de Impacto Bosch GSB 13 RE possui 650W de pot\u00eancia, \u00e9 super leve e compacta. Vem com empunhadeira emborrachada para o agarre seguro e confort\u00e1vel. Al\u00e9m disso, possui interruptor de velocidade vari\u00e1vel e bot\u00e3o trava para trabalhos cont\u00ednuos. Interruptor com velocidade vari\u00e1vel e bot\u00e3o-trava para trabalhos cont\u00ednuos. Motor de alto desempenho de 650 W para atender a todas as necessidades dos usu\u00e1rios. Empunhadeira emborrachada: agarre seguro e confort\u00e1vel. Uso industrial com 2 anos de garantia.<\/p>\n","protected":false},"excerpt":{"rendered":"<h4 style=\"margin: 0px;padding: 0px 0px 16px;font-family: Lato, sans-serif;font-weight: bold;line-height: 3rem;color: var(--dark-grey3);font-size: 22px;font-style: normal;letter-spacing: normal;text-align: start;text-indent: 0px;text-transform: none\">Informa\u00e7\u00f5es t\u00e9cnicas<\/h4>\n<p><span style=\"margin: 0px;padding: 0px;font-weight: 450;font-size: 14px;line-height: 21px;color: var(--dark-grey2);font-family: Lato, sans-serif;font-style: normal;letter-spacing: normal;text-align: start;text-indent: 0px;text-transform: none\">Produto: FURADEIRA DE IMPACTO GS13<br \/>\nMarca: BOSCH<br \/>\nMaterial: Pl\u00e1stico<br \/>\nCor: Azul<br \/>\nCaracter\u00edsticas:<br \/>\nDi\u00e2metro m\u00e1ximo perfura\u00e7\u00e3o a\u00e7o: 10mm<br \/>\nDi\u00e2metro m\u00e1ximo perfura\u00e7\u00e3o concreto: 13mm<br \/>\nDi\u00e2metro m\u00e1ximo perfura\u00e7\u00e3o madeira: 25mm<br \/>\nImpactos por minuto: 0 &#8211; 47.250bpm<br \/>\nMandril: 1\/2 polegadas &#8211; 13mm<br \/>\nN\u00famero de rota\u00e7\u00f5es (sem carga): 0 &#8211; 3.150min<br \/>\nPot\u00eancia: 650W<br \/>\nVoltagem: 220V<br \/>\nItens da embalagem: Limitador de profundidade, Chave de mandril, Punho auxiliar, Mala de transporte.<\/span><\/p>\n","protected":false},"featured_media":25246,"template":"","meta":{"_joinchat":[]},"product_brand":[],"product_cat":[152],"product_tag":[],"class_list":{"0":"post-16867","1":"product","2":"type-product","3":"status-publish","4":"has-post-thumbnail","6":"product_cat-ferramentas-eletricas","8":"first","9":"outofstock","10":"shipping-taxable","11":"product-type-simple"},"_links":{"self":[{"href":"https:\/\/www.multicasa.com.br\/inicio\/wp-json\/wp\/v2\/product\/16867","targetHints":{"allow":["GET"]}}],"collection":[{"href":"https:\/\/www.multicasa.com.br\/inicio\/wp-json\/wp\/v2\/product"}],"about":[{"href":"https:\/\/www.multicasa.com.br\/inicio\/wp-json\/wp\/v2\/types\/product"}],"wp:featuredmedia":[{"embeddable":true,"href":"https:\/\/www.multicasa.com.br\/inicio\/wp-json\/wp\/v2\/media\/25246"}],"wp:attachment":[{"href":"https:\/\/www.multicasa.com.br\/inicio\/wp-json\/wp\/v2\/media?parent=16867"}],"wp:term":[{"taxonomy":"product_brand","embeddable":true,"href":"https:\/\/www.multicasa.com.br\/inicio\/wp-json\/wp\/v2\/product_brand?post=16867"},{"taxonomy":"product_cat","embeddable":true,"href":"https:\/\/www.multicasa.com.br\/inicio\/wp-json\/wp\/v2\/product_cat?post=16867"},{"taxonomy":"product_tag","embeddable":true,"href":"https:\/\/www.multicasa.com.br\/inicio\/wp-json\/wp\/v2\/product_tag?post=16867"}],"curies":[{"name":"wp","href":"https:\/\/api.w.org\/{rel}","templated":true}]}}