{"id":16868,"date":"2025-06-20T19:15:04","date_gmt":"2025-06-20T23:15:04","guid":{"rendered":"https:\/\/www.multicasa.com.br\/inicio\/?post_type=product&#038;p=16868"},"modified":"2025-06-23T10:27:50","modified_gmt":"2025-06-23T14:27:50","slug":"pneu-flexivel-para-carrinho-de-mao-1-polegada-fb-pneu","status":"publish","type":"product","link":"https:\/\/www.multicasa.com.br\/inicio\/produto\/pneu-flexivel-para-carrinho-de-mao-1-polegada-fb-pneu\/","title":{"rendered":"Pneu flex\u00edvel para carrinho de m\u00e3o 1&#8243; Polegada FB Pneu"},"content":{"rendered":"<p>O pneu flex\u00edvel de 1POL. da FB Pneus \u00e9 destinado para uso em carrinhos de m\u00e3o, empilhadeiras manuais e carrinhos plataforma. Sua principal fun\u00e7\u00e3o \u00e9 absorver os impactos. Capacidade de carga de at\u00e9 100kg. N\u00e3o possui c\u00e2mara pneum\u00e1tica, portanto n\u00e3o fura. Material composto por f\u00f3rmula estruturada de PVC e POLIPROPILENO 100% reciclado. <\/p>\n","protected":false},"excerpt":{"rendered":"<h4 style=\"margin: 0px;padding: 0px 0px 16px;font-family: Lato, sans-serif;font-weight: bold;line-height: 3rem;color: var(--dark-grey3);font-size: 22px;font-style: normal;letter-spacing: normal;text-align: start;text-indent: 0px;text-transform: none\">Informa\u00e7\u00f5es t\u00e9cnicas<\/h4>\n<p><span style=\"margin: 0px;padding: 0px;font-weight: 450;font-size: 14px;line-height: 21px;color: var(--dark-grey2);font-family: Lato, sans-serif;font-style: normal;letter-spacing: normal;text-align: start;text-indent: 0px;text-transform: none\">Produto: Pneu Flex\u00edvel para carrinho de m\u00e3o<br \/>\nMarca: FB Pneu<br \/>\nCaracter\u00edsticas:<br \/>\n1&#8243; polegadas<br \/>\nCapacidade de carga: 100kg<br \/>\nMaterial: PVC e Polipropileno 100% reciclado<\/p>\n<p><\/span><\/p>\n","protected":false},"featured_media":25771,"template":"","meta":{"_joinchat":[]},"product_brand":[],"product_cat":[158],"product_tag":[],"class_list":{"0":"post-16868","1":"product","2":"type-product","3":"status-publish","4":"has-post-thumbnail","6":"product_cat-ferramentas-para-construcao","8":"first","9":"outofstock","10":"shipping-taxable","11":"product-type-simple"},"_links":{"self":[{"href":"https:\/\/www.multicasa.com.br\/inicio\/wp-json\/wp\/v2\/product\/16868","targetHints":{"allow":["GET"]}}],"collection":[{"href":"https:\/\/www.multicasa.com.br\/inicio\/wp-json\/wp\/v2\/product"}],"about":[{"href":"https:\/\/www.multicasa.com.br\/inicio\/wp-json\/wp\/v2\/types\/product"}],"wp:featuredmedia":[{"embeddable":true,"href":"https:\/\/www.multicasa.com.br\/inicio\/wp-json\/wp\/v2\/media\/25771"}],"wp:attachment":[{"href":"https:\/\/www.multicasa.com.br\/inicio\/wp-json\/wp\/v2\/media?parent=16868"}],"wp:term":[{"taxonomy":"product_brand","embeddable":true,"href":"https:\/\/www.multicasa.com.br\/inicio\/wp-json\/wp\/v2\/product_brand?post=16868"},{"taxonomy":"product_cat","embeddable":true,"href":"https:\/\/www.multicasa.com.br\/inicio\/wp-json\/wp\/v2\/product_cat?post=16868"},{"taxonomy":"product_tag","embeddable":true,"href":"https:\/\/www.multicasa.com.br\/inicio\/wp-json\/wp\/v2\/product_tag?post=16868"}],"curies":[{"name":"wp","href":"https:\/\/api.w.org\/{rel}","templated":true}]}}