{"id":16870,"date":"2025-06-20T19:15:05","date_gmt":"2025-06-20T23:15:05","guid":{"rendered":"https:\/\/www.multicasa.com.br\/inicio\/?post_type=product&#038;p=16870"},"modified":"2025-08-17T19:00:28","modified_gmt":"2025-08-17T23:00:28","slug":"espeto-led-preto-5w-bivolt-3-0k-avant","status":"publish","type":"product","link":"https:\/\/www.multicasa.com.br\/inicio\/produto\/espeto-led-preto-5w-bivolt-3-0k-avant\/","title":{"rendered":"Espeto Led Preto 5W Bivolt 3.0K Avant"},"content":{"rendered":"<p>O ESPETO HUMMER IP65 AVANT \u00e9 hermeticamente vedado com \u00edndice de prote\u00e7\u00e3o IP65, podendo assim ser utilizado em \u00e1reas externas, como jardins e canteiros. Perfeito para toda e qualquer situa\u00e7\u00e3o que voce queira destacar alguma coisa na area externa de sua residencia ou negocio.<\/p>\n","protected":false},"excerpt":{"rendered":"<h4 style=\"margin: 0px;padding: 0px 0px 16px;font-family: Lato, sans-serif;font-weight: bold;line-height: 3rem;color: var(--dark-grey3);font-size: 22px;font-style: normal;letter-spacing: normal;text-align: start;text-indent: 0px;text-transform: none\">Informa\u00e7\u00f5es t\u00e9cnicas<\/h4>\n<p><span style=\"margin: 0px;padding: 0px;font-weight: 450;font-size: 14px;line-height: 21px;color: var(--dark-grey2);font-family: Lato, sans-serif;font-style: normal;letter-spacing: normal;text-align: start;text-indent: 0px;text-transform: none\">Produto: ESPETO LED PT 5W BIV.3.0K AVANT<br \/>\nMarca: Avant<br \/>\nCor: preto<\/p>\n<p>&#8211; Fluxo luminoso: 400lm;<br \/>\n&#8211; Pot\u00eancia: 5W;<br \/>\n&#8211; Emiss\u00e3o de Cor: 3000K;<br \/>\n&#8211; Hermeticamente vedado com \u00edndice de prote\u00e7\u00e3o<br \/>\n&#8211; IP65;<br \/>\n&#8211; Possui articula\u00e7\u00e3o para direcionamento do foco de<br \/>\nluz;<br \/>\n&#8211; Corpo em Polipropileno lente em Policarbonato;<br \/>\n&#8211; Equipado com cabo de duplo isolamento (cabo PP);<br \/>\n&#8211; Lente em policarbonato;<br \/>\n&#8211; Tens\u00e3o de entrada: 100V a 240V;<br \/>\n&#8211; Fator de pot\u00eancia: =0,50;<br \/>\n&#8211; Baixo consumo de energia;<br \/>\n&#8211; N\u00e3o dimerizavel;<br \/>\n&#8211;  Angulo de abertura: 38\u00b0;<br \/>\n&#8211;  IRC &gt;70;<br \/>\n&#8211;  Uso Externo;<br \/>\n&#8211;  Garantia: 1 Ano;<br \/>\n&#8211;  Vida Mediana: 15 MIL HORAS.<\/p>\n<p>Tamanho: 265X59<\/span><\/p>\n","protected":false},"featured_media":25141,"template":"","meta":{"_joinchat":[]},"product_brand":[],"product_cat":[79],"product_tag":[],"class_list":{"0":"post-16870","1":"product","2":"type-product","3":"status-publish","4":"has-post-thumbnail","6":"product_cat-iluminacao-decorativa","8":"first","9":"outofstock","10":"shipping-taxable","11":"purchasable","12":"product-type-simple"},"_links":{"self":[{"href":"https:\/\/www.multicasa.com.br\/inicio\/wp-json\/wp\/v2\/product\/16870","targetHints":{"allow":["GET"]}}],"collection":[{"href":"https:\/\/www.multicasa.com.br\/inicio\/wp-json\/wp\/v2\/product"}],"about":[{"href":"https:\/\/www.multicasa.com.br\/inicio\/wp-json\/wp\/v2\/types\/product"}],"wp:featuredmedia":[{"embeddable":true,"href":"https:\/\/www.multicasa.com.br\/inicio\/wp-json\/wp\/v2\/media\/25141"}],"wp:attachment":[{"href":"https:\/\/www.multicasa.com.br\/inicio\/wp-json\/wp\/v2\/media?parent=16870"}],"wp:term":[{"taxonomy":"product_brand","embeddable":true,"href":"https:\/\/www.multicasa.com.br\/inicio\/wp-json\/wp\/v2\/product_brand?post=16870"},{"taxonomy":"product_cat","embeddable":true,"href":"https:\/\/www.multicasa.com.br\/inicio\/wp-json\/wp\/v2\/product_cat?post=16870"},{"taxonomy":"product_tag","embeddable":true,"href":"https:\/\/www.multicasa.com.br\/inicio\/wp-json\/wp\/v2\/product_tag?post=16870"}],"curies":[{"name":"wp","href":"https:\/\/api.w.org\/{rel}","templated":true}]}}