{"id":16873,"date":"2025-06-20T19:15:05","date_gmt":"2025-06-20T23:15:05","guid":{"rendered":"https:\/\/www.multicasa.com.br\/inicio\/?post_type=product&#038;p=16873"},"modified":"2025-06-23T10:22:51","modified_gmt":"2025-06-23T14:22:51","slug":"nobreak-xnb-1440va-127v-pt-intelbra","status":"publish","type":"product","link":"https:\/\/www.multicasa.com.br\/inicio\/produto\/nobreak-xnb-1440va-127v-pt-intelbra\/","title":{"rendered":"Nobreak Xnb 1440Va 127V Pt Intelbra"},"content":{"rendered":"<p>O nobreak XNB 1440VA 127V da Intelbras \u00e9 um equipamento respons\u00e1vel por regular a voltagem e a pureza da energia que alcan\u00e7a os eletr\u00f4nicos conectados a esse dispositivo. Ele tamb\u00e9m alimenta os aparelhos por meio de uma bateria, quando h\u00e1 queda ou varia\u00e7\u00f5es bruscas de energia. Ideal para eletr\u00f4nicos simples como sistema de seguran\u00e7a CFTV, computador desktop, televisor e monitor, roteador e switch, videogame\/console, impressora jato de tinta, central telef\u00f4nica e telefone, caixa registradora e m\u00e1quina de cart\u00e3o(PDV), home theater e controle de acesso. <\/p>\n","protected":false},"excerpt":{"rendered":"<h4 style=\"margin: 0px;padding: 0px 0px 16px;font-family: Lato, sans-serif;font-weight: bold;line-height: 3rem;color: var(--dark-grey3);font-size: 22px;font-style: normal;letter-spacing: normal;text-align: start;text-indent: 0px;text-transform: none\">Informa\u00e7\u00f5es t\u00e9cnicas<\/h4>\n<p><span style=\"margin: 0px;padding: 0px;font-weight: 450;font-size: 14px;line-height: 21px;color: var(--dark-grey2);font-family: Lato, sans-serif;font-style: normal;letter-spacing: normal;text-align: start;text-indent: 0px;text-transform: none\">Produto: NOBREAK XNB 1440VA 127V<br \/>\nMarca: Intelbras<br \/>\nMaterial: Pl\u00e1stico<br \/>\nCor: Preto<br \/>\nCaracter\u00edsticas:<br \/>\n\u00bb Ideal para eletr\u00f4nicos simples<br \/>\n\u00bb 1440 VA \/ 720 W<br \/>\n\u00bb Monovolt: 120 V ou 220 V<br \/>\n\u00bb 6 tomadas de sa\u00edda<br \/>\n\u00bb 2 baterias de 12 V 7 Ah<br \/>\n\u00bb 6 n\u00edveis de prote\u00e7\u00e3o<br \/>\n\u00bb Religamento autom\u00e1tico.<br \/>\nDimens\u00f5es (L \u00d7 A \u00d7 P): 149 \u00d7 162 \u00d7 353 mm<\/span><\/p>\n","protected":false},"featured_media":25627,"template":"","meta":{"_joinchat":[]},"product_brand":[],"product_cat":[130],"product_tag":[],"class_list":{"0":"post-16873","1":"product","2":"type-product","3":"status-publish","4":"has-post-thumbnail","6":"product_cat-informatica","8":"first","9":"outofstock","10":"shipping-taxable","11":"product-type-simple"},"_links":{"self":[{"href":"https:\/\/www.multicasa.com.br\/inicio\/wp-json\/wp\/v2\/product\/16873","targetHints":{"allow":["GET"]}}],"collection":[{"href":"https:\/\/www.multicasa.com.br\/inicio\/wp-json\/wp\/v2\/product"}],"about":[{"href":"https:\/\/www.multicasa.com.br\/inicio\/wp-json\/wp\/v2\/types\/product"}],"wp:featuredmedia":[{"embeddable":true,"href":"https:\/\/www.multicasa.com.br\/inicio\/wp-json\/wp\/v2\/media\/25627"}],"wp:attachment":[{"href":"https:\/\/www.multicasa.com.br\/inicio\/wp-json\/wp\/v2\/media?parent=16873"}],"wp:term":[{"taxonomy":"product_brand","embeddable":true,"href":"https:\/\/www.multicasa.com.br\/inicio\/wp-json\/wp\/v2\/product_brand?post=16873"},{"taxonomy":"product_cat","embeddable":true,"href":"https:\/\/www.multicasa.com.br\/inicio\/wp-json\/wp\/v2\/product_cat?post=16873"},{"taxonomy":"product_tag","embeddable":true,"href":"https:\/\/www.multicasa.com.br\/inicio\/wp-json\/wp\/v2\/product_tag?post=16873"}],"curies":[{"name":"wp","href":"https:\/\/api.w.org\/{rel}","templated":true}]}}