{"id":16875,"date":"2025-06-20T19:15:05","date_gmt":"2025-06-20T23:15:05","guid":{"rendered":"https:\/\/www.multicasa.com.br\/inicio\/?post_type=product&#038;p=16875"},"modified":"2025-11-25T16:14:25","modified_gmt":"2025-11-25T20:14:25","slug":"bacia-para-caixa-acoplada-sem-abertura-branca-izy-deca","status":"publish","type":"product","link":"https:\/\/www.multicasa.com.br\/inicio\/produto\/bacia-para-caixa-acoplada-sem-abertura-branca-izy-deca\/","title":{"rendered":"Bacia Para Caixa Acoplada Sem Abertura Branca Izy Deca"},"content":{"rendered":"<p>Bacia com consumo de somente 6 litros por fluxo, \u00f3timo desempenho, efetuando a limpeza completa sempre na primeira descarga. Produto eficiente, aliando conforto \u00e0 economia de \u00e1gua. Produto ideal para pessoas com dificuldade de mobilidade. Indicado para hospitais, hot\u00e9is e ambientes p\u00fablicos. Facilita o acesso e sa\u00edda do usu\u00e1rio com mobilidade reduzida. Preparada para a utiliza\u00e7\u00e3o com sistema de descarga com tecnologia Duo, com dois bot\u00f5es: descarga completa: 6 litros (limpeza total) e descarga com volume reduzido: 3 litros (troca de l\u00edquidos). Garantindo assim uma economia de \u00e1gua de at\u00e9 60%.<\/p>\n","protected":false},"excerpt":{"rendered":"<h4 style=\"margin: 0px;padding: 0px 0px 16px;font-family: Lato, sans-serif;font-weight: bold;line-height: 3rem;color: var(--dark-grey3);font-size: 22px;font-style: normal;letter-spacing: normal;text-align: start;text-indent: 0px;text-transform: none\">Informa\u00e7\u00f5es t\u00e9cnicas<\/h4>\n<p><span style=\"margin: 0px;padding: 0px;font-weight: 450;font-size: 14px;line-height: 21px;color: var(--dark-grey2);font-family: Lato, sans-serif;font-style: normal;letter-spacing: normal;text-align: start;text-indent: 0px;text-transform: none\">Produto: BACIA PARA CAIXA ACOPLADA SEM ABERTURAMARCA: Deca<br \/>\nMaterial: ceramica<br \/>\nCor: Branca<br \/>\nCaracter\u00edsticas:<br \/>\n&#8211; A pe\u00e7a tem medidas padr\u00e3o do mercado, que \u00e9 ideal para a substitui\u00e7\u00e3o em caso de vaso quebrado.<br \/>\n&#8211; Acess\u00f3rio de limpeza f\u00e1cil: use produtos tradicionais, como sab\u00e3o, detergente, escova para a parte interna e flanela ou esponja para a parte externa. Pode aplicar \u00e1gua sanit\u00e1ria sem medo, pois n\u00e3o compromete o revestimento.<br \/>\nDimens\u00f5es<br \/>\nAltura: 38 cm<br \/>\nLargura: 37,5 cm<br \/>\nProfundidade: 64,5 cm<\/span><\/p>\n","protected":false},"featured_media":24649,"template":"","meta":{"_joinchat":[]},"product_brand":[],"product_cat":[68],"product_tag":[],"class_list":{"0":"post-16875","1":"product","2":"type-product","3":"status-publish","4":"has-post-thumbnail","6":"product_cat-loucas-e-cia","8":"first","9":"instock","10":"shipping-taxable","11":"purchasable","12":"product-type-simple"},"_links":{"self":[{"href":"https:\/\/www.multicasa.com.br\/inicio\/wp-json\/wp\/v2\/product\/16875","targetHints":{"allow":["GET"]}}],"collection":[{"href":"https:\/\/www.multicasa.com.br\/inicio\/wp-json\/wp\/v2\/product"}],"about":[{"href":"https:\/\/www.multicasa.com.br\/inicio\/wp-json\/wp\/v2\/types\/product"}],"wp:featuredmedia":[{"embeddable":true,"href":"https:\/\/www.multicasa.com.br\/inicio\/wp-json\/wp\/v2\/media\/24649"}],"wp:attachment":[{"href":"https:\/\/www.multicasa.com.br\/inicio\/wp-json\/wp\/v2\/media?parent=16875"}],"wp:term":[{"taxonomy":"product_brand","embeddable":true,"href":"https:\/\/www.multicasa.com.br\/inicio\/wp-json\/wp\/v2\/product_brand?post=16875"},{"taxonomy":"product_cat","embeddable":true,"href":"https:\/\/www.multicasa.com.br\/inicio\/wp-json\/wp\/v2\/product_cat?post=16875"},{"taxonomy":"product_tag","embeddable":true,"href":"https:\/\/www.multicasa.com.br\/inicio\/wp-json\/wp\/v2\/product_tag?post=16875"}],"curies":[{"name":"wp","href":"https:\/\/api.w.org\/{rel}","templated":true}]}}