{"id":16876,"date":"2025-06-20T19:15:05","date_gmt":"2025-06-20T23:15:05","guid":{"rendered":"https:\/\/www.multicasa.com.br\/inicio\/?post_type=product&#038;p=16876"},"modified":"2026-04-21T17:31:32","modified_gmt":"2026-04-21T21:31:32","slug":"papeleira-pix-cr-deca","status":"publish","type":"product","link":"https:\/\/www.multicasa.com.br\/inicio\/produto\/papeleira-pix-cr-deca\/","title":{"rendered":"Papeleira Pix Cr Deca"},"content":{"rendered":"<p>Linha Flex mais conforto, mais praticidade, mais tudo. O acionamento \u00bcde volta o que proporciona maior praticidade para o usu\u00e1rio. Linha completa com metais para banheiro, cozinha, tanque e acess\u00f3rios. Sistema de fixa\u00e7\u00e3o com furos oblongos, garantia de fixa\u00e7\u00e3o firme e com f\u00e1cil ajuste fino tanto na vertical, quanto na horizontal.<\/p>\n","protected":false},"excerpt":{"rendered":"<h4 style=\"margin: 0px;padding: 0px 0px 16px;font-family: Lato, sans-serif;font-weight: bold;line-height: 3rem;color: var(--dark-grey3);font-size: 22px;font-style: normal;letter-spacing: normal;text-align: start;text-indent: 0px;text-transform: none\">Informa\u00e7\u00f5es t\u00e9cnicas<\/h4>\n<p><span style=\"margin: 0px;padding: 0px;font-weight: 450;font-size: 14px;line-height: 21px;color: var(--dark-grey2);font-family: Lato, sans-serif;font-style: normal;letter-spacing: normal;text-align: start;text-indent: 0px;text-transform: none\">Produto: PAPELEIRA PIX<br \/>\nMarca: Deca<br \/>\nMaterial: Liga de Cobre (bronze e lat\u00e3o),Pl\u00e1sticos de Engenharia<br \/>\nCor: Cromada<br \/>\nCaracter\u00edsticas:<br \/>\nSistema de fixa\u00e7\u00e3o com furos oblongos, garantia de fixa\u00e7\u00e3o firme e com f\u00e1cil ajuste fino tanto na vertical, quanto na horizontal.<br \/>\nDimens\u00f5es<br \/>\nAltura: 85mm<br \/>\nComprimento: 159mm<br \/>\nLargura: 58mm<br \/>\nPeso L\u00edquido: 0.215<br \/>\nPeso Bruto: 0.241<\/span><\/p>\n","protected":false},"featured_media":25663,"template":"","meta":{"_joinchat":[]},"product_brand":[],"product_cat":[69],"product_tag":[],"class_list":{"0":"post-16876","1":"product","2":"type-product","3":"status-publish","4":"has-post-thumbnail","6":"product_cat-acessorios-para-banheiro","8":"first","9":"instock","10":"shipping-taxable","11":"purchasable","12":"product-type-simple"},"_links":{"self":[{"href":"https:\/\/www.multicasa.com.br\/inicio\/wp-json\/wp\/v2\/product\/16876","targetHints":{"allow":["GET"]}}],"collection":[{"href":"https:\/\/www.multicasa.com.br\/inicio\/wp-json\/wp\/v2\/product"}],"about":[{"href":"https:\/\/www.multicasa.com.br\/inicio\/wp-json\/wp\/v2\/types\/product"}],"wp:featuredmedia":[{"embeddable":true,"href":"https:\/\/www.multicasa.com.br\/inicio\/wp-json\/wp\/v2\/media\/25663"}],"wp:attachment":[{"href":"https:\/\/www.multicasa.com.br\/inicio\/wp-json\/wp\/v2\/media?parent=16876"}],"wp:term":[{"taxonomy":"product_brand","embeddable":true,"href":"https:\/\/www.multicasa.com.br\/inicio\/wp-json\/wp\/v2\/product_brand?post=16876"},{"taxonomy":"product_cat","embeddable":true,"href":"https:\/\/www.multicasa.com.br\/inicio\/wp-json\/wp\/v2\/product_cat?post=16876"},{"taxonomy":"product_tag","embeddable":true,"href":"https:\/\/www.multicasa.com.br\/inicio\/wp-json\/wp\/v2\/product_tag?post=16876"}],"curies":[{"name":"wp","href":"https:\/\/api.w.org\/{rel}","templated":true}]}}