{"id":16881,"date":"2025-06-20T19:15:06","date_gmt":"2025-06-20T23:15:06","guid":{"rendered":"https:\/\/www.multicasa.com.br\/inicio\/?post_type=product&#038;p=16881"},"modified":"2025-06-23T09:48:54","modified_gmt":"2025-06-23T13:48:54","slug":"antena-int-digital-shd500-brasforma","status":"publish","type":"product","link":"https:\/\/www.multicasa.com.br\/inicio\/produto\/antena-int-digital-shd500-brasforma\/","title":{"rendered":"Antena Int.Digital Shd500 Brasforma"},"content":{"rendered":"<p>A antena digital interna SHD-500 da Brasforma possui um design compacto, excelente recep\u00e7\u00e3o de sinal HDTV em canais UFH, compativel com todas as TV\u00b4S HD, 3D, 4K e conversores. Dentro da embalagem acompanha: 1 Antena Interna com 3 metros de cabo coaxial com conector \u0093F\u0094 90\u00b0 \u0096 SHD-500, 1 Manual de Instala\u00e7\u00e3o e 1 Fita dupla face para fixa\u00e7\u00e3o do produto.<\/p>\n","protected":false},"excerpt":{"rendered":"<h4 style=\"margin: 0px;padding: 0px 0px 16px;font-family: Lato, sans-serif;font-weight: bold;line-height: 3rem;color: var(--dark-grey3);font-size: 22px;font-style: normal;letter-spacing: normal;text-align: start;text-indent: 0px;text-transform: none\">Informa\u00e7\u00f5es t\u00e9cnicas<\/h4>\n<p><span style=\"margin: 0px;padding: 0px;font-weight: 450;font-size: 14px;line-height: 21px;color: var(--dark-grey2);font-family: Lato, sans-serif;font-style: normal;letter-spacing: normal;text-align: start;text-indent: 0px;text-transform: none\">Produto: ANTENA INT.DIGITAL SHD500<br \/>\nMarca: Brasforma<br \/>\nCor: Preta<br \/>\nCaracter\u00edsticas:<br \/>\n\u0095 Posicionamento horizontal para melhor recep\u00e7\u00e3o poss\u00edvel.<br \/>\n\u0095 Excelente recep\u00e7\u00e3o de sinal HDTV em canais UHF.<br \/>\n\u0095 Design elegante e tamanho compacto.<br \/>\nDimens\u00f5es:<br \/>\nMedidas (CxLxA)\t10&#215;7.5&#215;18 cm<\/span><\/p>\n","protected":false},"featured_media":24601,"template":"","meta":{"_joinchat":[]},"product_brand":[],"product_cat":[150],"product_tag":[],"class_list":{"0":"post-16881","1":"product","2":"type-product","3":"status-publish","4":"has-post-thumbnail","6":"product_cat-antenas-e-cia","8":"first","9":"outofstock","10":"shipping-taxable","11":"product-type-simple"},"_links":{"self":[{"href":"https:\/\/www.multicasa.com.br\/inicio\/wp-json\/wp\/v2\/product\/16881","targetHints":{"allow":["GET"]}}],"collection":[{"href":"https:\/\/www.multicasa.com.br\/inicio\/wp-json\/wp\/v2\/product"}],"about":[{"href":"https:\/\/www.multicasa.com.br\/inicio\/wp-json\/wp\/v2\/types\/product"}],"wp:featuredmedia":[{"embeddable":true,"href":"https:\/\/www.multicasa.com.br\/inicio\/wp-json\/wp\/v2\/media\/24601"}],"wp:attachment":[{"href":"https:\/\/www.multicasa.com.br\/inicio\/wp-json\/wp\/v2\/media?parent=16881"}],"wp:term":[{"taxonomy":"product_brand","embeddable":true,"href":"https:\/\/www.multicasa.com.br\/inicio\/wp-json\/wp\/v2\/product_brand?post=16881"},{"taxonomy":"product_cat","embeddable":true,"href":"https:\/\/www.multicasa.com.br\/inicio\/wp-json\/wp\/v2\/product_cat?post=16881"},{"taxonomy":"product_tag","embeddable":true,"href":"https:\/\/www.multicasa.com.br\/inicio\/wp-json\/wp\/v2\/product_tag?post=16881"}],"curies":[{"name":"wp","href":"https:\/\/api.w.org\/{rel}","templated":true}]}}