{"id":16882,"date":"2025-06-20T19:15:06","date_gmt":"2025-06-20T23:15:06","guid":{"rendered":"https:\/\/www.multicasa.com.br\/inicio\/?post_type=product&#038;p=16882"},"modified":"2025-06-20T19:15:14","modified_gmt":"2025-06-20T23:15:14","slug":"luz-noturna-led-foguete-bivolt-avant","status":"publish","type":"product","link":"https:\/\/www.multicasa.com.br\/inicio\/produto\/luz-noturna-led-foguete-bivolt-avant\/","title":{"rendered":"Luz Noturna Led Foguete Bivolt Avant"},"content":{"rendered":"<p>Lumin\u00e1ria de baixa luminosidade e baixo consumo de energia. Permite uma ilumina\u00e7\u00e3o suave no ambiente. Grande variedade em op\u00e7\u00f5es de cores e desenhos de personagens infantis.<\/p>\n","protected":false},"excerpt":{"rendered":"<h4 style=\"margin: 0px;padding: 0px 0px 16px;font-family: Lato, sans-serif;font-weight: bold;line-height: 3rem;color: var(--dark-grey3);font-size: 22px;font-style: normal;letter-spacing: normal;text-align: start;text-indent: 0px;text-transform: none\">Informa\u00e7\u00f5es t\u00e9cnicas<\/h4>\n<p><span style=\"margin: 0px;padding: 0px;font-weight: 450;font-size: 14px;line-height: 21px;color: var(--dark-grey2);font-family: Lato, sans-serif;font-style: normal;letter-spacing: normal;text-align: start;text-indent: 0px;text-transform: none\">Produto: LUZ NOTURNA LED FOGUETE BIV.AVANT<br \/>\nMarca: Avant<\/p>\n<p>Caracteristicas:<br \/>\n&#8211; Proporciona seguran\u00e7a e aux\u00edlio em locais que necessitam;<br \/>\nde uma pequena fonte de luz;<br \/>\n&#8211; N\u00e3o emite infravermelho e ultravioleta;<br \/>\n&#8211; Produto n\u00e3o t\u00f3xico. Composi\u00e7\u00e3o livre de merc\u00fario;<br \/>\n&#8211; Baixo consumo de energia;<br \/>\n&#8211; Tens\u00e3o de entrada: 100V a 240V;<br \/>\n&#8211; Fator de pot\u00eancia: &gt;0,50;<br \/>\n&#8211; IP20;<br \/>\n&#8211; N\u00e3o Dimerizavel;<br \/>\n&#8211; Cor: Amarela;<br \/>\n&#8211; Uso Interno;<br \/>\n&#8211; Garantia de 1 ano.<\/p>\n<p>ATEN\u00c7\u00c3O<br \/>\n\u009b N\u00e3o deixe ao alcance de crian\u00e7as<br \/>\npequenas, este produto cont\u00e9m pe\u00e7as<br \/>\nque podem ser engolidas.<\/p>\n<p>CARACTER\u00cdSTICAS DE FUNCIONAMENTO<br \/>\n&#8211; Temperatura ambiente: -5\u00b0C a 40\u00b0C;<br \/>\n&#8211; Tens\u00e3o nominal: 100V a 240V;<br \/>\n&#8211; Fator de Pot\u00eancia: =0,50;<\/p>\n<p>Dimens\u00f5es:<br \/>\nDi\u00e2metro 70 mm x Comprimento 130 mm<\/span><\/p>\n","protected":false},"featured_media":16892,"template":"","meta":{"_joinchat":[]},"product_brand":[],"product_cat":[157],"product_tag":[],"class_list":{"0":"post-16882","1":"product","2":"type-product","3":"status-publish","4":"has-post-thumbnail","6":"product_cat-leds-decorativos","8":"first","9":"outofstock","10":"shipping-taxable","11":"product-type-simple"},"_links":{"self":[{"href":"https:\/\/www.multicasa.com.br\/inicio\/wp-json\/wp\/v2\/product\/16882","targetHints":{"allow":["GET"]}}],"collection":[{"href":"https:\/\/www.multicasa.com.br\/inicio\/wp-json\/wp\/v2\/product"}],"about":[{"href":"https:\/\/www.multicasa.com.br\/inicio\/wp-json\/wp\/v2\/types\/product"}],"wp:featuredmedia":[{"embeddable":true,"href":"https:\/\/www.multicasa.com.br\/inicio\/wp-json\/wp\/v2\/media\/16892"}],"wp:attachment":[{"href":"https:\/\/www.multicasa.com.br\/inicio\/wp-json\/wp\/v2\/media?parent=16882"}],"wp:term":[{"taxonomy":"product_brand","embeddable":true,"href":"https:\/\/www.multicasa.com.br\/inicio\/wp-json\/wp\/v2\/product_brand?post=16882"},{"taxonomy":"product_cat","embeddable":true,"href":"https:\/\/www.multicasa.com.br\/inicio\/wp-json\/wp\/v2\/product_cat?post=16882"},{"taxonomy":"product_tag","embeddable":true,"href":"https:\/\/www.multicasa.com.br\/inicio\/wp-json\/wp\/v2\/product_tag?post=16882"}],"curies":[{"name":"wp","href":"https:\/\/api.w.org\/{rel}","templated":true}]}}