{"id":16884,"date":"2025-06-20T19:15:06","date_gmt":"2025-06-20T23:15:06","guid":{"rendered":"https:\/\/www.multicasa.com.br\/inicio\/?post_type=product&#038;p=16884"},"modified":"2025-06-23T10:31:36","modified_gmt":"2025-06-23T14:31:36","slug":"quadro-distribuicao-24-disjuntores-90a-pvc-pial","status":"publish","type":"product","link":"https:\/\/www.multicasa.com.br\/inicio\/produto\/quadro-distribuicao-24-disjuntores-90a-pvc-pial\/","title":{"rendered":"Quadro Distribui\u00e7\u00e3o 24 Disjuntores 90A Pvc Pial"},"content":{"rendered":"<p>Agora ficou mais f\u00e1cil unir praticidade com estilo, pois os novos quadros de distribui\u00e7\u00e3o da Legrand possuem facilidades na instala\u00e7\u00e3o e um design moderno, al\u00e9m das op\u00e7\u00f5es de tamanho e cor que o tornam um produto perfeito para qualquer projeto residencial ou comercial. Presen\u00e7a constante na maioria das resid\u00eancias, seu design combina com os ambientes onde ser\u00e1 instalado, pode ser instalado em paredes de alvenaria ou gesso acartonado (Dry-wall).<\/p>\n","protected":false},"excerpt":{"rendered":"<h4 style=\"margin: 0px;padding: 0px 0px 16px;font-family: Lato, sans-serif;font-weight: bold;line-height: 3rem;color: var(--dark-grey3);font-size: 22px;font-style: normal;letter-spacing: normal;text-align: start;text-indent: 0px;text-transform: none\">Informa\u00e7\u00f5es t\u00e9cnicas<\/h4>\n<p><span style=\"margin: 0px;padding: 0px;font-weight: 450;font-size: 14px;line-height: 21px;color: var(--dark-grey2);font-family: Lato, sans-serif;font-style: normal;letter-spacing: normal;text-align: start;text-indent: 0px;text-transform: none\">Produto: QUADRO EMB.S\/B 24D 90A PVC BC\/PT PIAL<br \/>\nMarca: Pial<br \/>\nMaterial: Pl\u00e1stico<br \/>\nCor: Branco e preto<br \/>\nCaracter\u00edsticas:<br \/>\n-F\u00e1cil de montar<br \/>\n-Dobradi\u00e7a refor\u00e7ada<br \/>\n-Porta revers\u00edvel com abertura de 180\u00b0<br \/>\n-Design moderno<br \/>\n-Prote\u00e7\u00e3o Uv<br \/>\n-Acabamento acetinado<br \/>\n-Porta branca ou transparente.<br \/>\nDimens\u00f5es<br \/>\nA        B        C        D        F        G<br \/>\n328        385        103        70        294        380<\/span><\/p>\n","protected":false},"featured_media":25873,"template":"","meta":{"_joinchat":[]},"product_brand":[],"product_cat":[122],"product_tag":[],"class_list":{"0":"post-16884","1":"product","2":"type-product","3":"status-publish","4":"has-post-thumbnail","6":"product_cat-quadros-e-cia","8":"first","9":"outofstock","10":"shipping-taxable","11":"product-type-simple"},"_links":{"self":[{"href":"https:\/\/www.multicasa.com.br\/inicio\/wp-json\/wp\/v2\/product\/16884","targetHints":{"allow":["GET"]}}],"collection":[{"href":"https:\/\/www.multicasa.com.br\/inicio\/wp-json\/wp\/v2\/product"}],"about":[{"href":"https:\/\/www.multicasa.com.br\/inicio\/wp-json\/wp\/v2\/types\/product"}],"wp:featuredmedia":[{"embeddable":true,"href":"https:\/\/www.multicasa.com.br\/inicio\/wp-json\/wp\/v2\/media\/25873"}],"wp:attachment":[{"href":"https:\/\/www.multicasa.com.br\/inicio\/wp-json\/wp\/v2\/media?parent=16884"}],"wp:term":[{"taxonomy":"product_brand","embeddable":true,"href":"https:\/\/www.multicasa.com.br\/inicio\/wp-json\/wp\/v2\/product_brand?post=16884"},{"taxonomy":"product_cat","embeddable":true,"href":"https:\/\/www.multicasa.com.br\/inicio\/wp-json\/wp\/v2\/product_cat?post=16884"},{"taxonomy":"product_tag","embeddable":true,"href":"https:\/\/www.multicasa.com.br\/inicio\/wp-json\/wp\/v2\/product_tag?post=16884"}],"curies":[{"name":"wp","href":"https:\/\/api.w.org\/{rel}","templated":true}]}}