{"id":16886,"date":"2025-06-20T19:15:07","date_gmt":"2025-06-20T23:15:07","guid":{"rendered":"https:\/\/www.multicasa.com.br\/inicio\/?post_type=product&#038;p=16886"},"modified":"2025-08-18T01:04:24","modified_gmt":"2025-08-18T05:04:24","slug":"quadro-distribuicao-4-disjuntores-90a-pvc-cemar","status":"publish","type":"product","link":"https:\/\/www.multicasa.com.br\/inicio\/produto\/quadro-distribuicao-4-disjuntores-90a-pvc-cemar\/","title":{"rendered":"Quadro Distribui\u00e7\u00e3o 4 Disjuntores 90A Pvc Cemar"},"content":{"rendered":"<p>Voc\u00ea quer levar energia para equipamentos espec\u00edficos ou fazer uma amplia\u00e7\u00e3o de sua instala\u00e7\u00e3o, seu design combina com os ambientes onde ser\u00e1 instalado. Possui entradas para eletrodutos ou canaletas, dando a voc\u00ea mais escolhas para sua instala\u00e7\u00e3o. Projetado para uma f\u00e1cil instala\u00e7\u00e3o e utiliza\u00e7\u00e3o com robustez.<\/p>\n","protected":false},"excerpt":{"rendered":"<h4 style=\"margin: 0px;padding: 0px 0px 16px;font-family: Lato, sans-serif;font-weight: bold;line-height: 3rem;color: var(--dark-grey3);font-size: 22px;font-style: normal;letter-spacing: normal;text-align: start;text-indent: 0px;text-transform: none\">Informa\u00e7\u00f5es t\u00e9cnicas<\/h4>\n<p><span style=\"margin: 0px;padding: 0px;font-weight: 450;font-size: 14px;line-height: 21px;color: var(--dark-grey2);font-family: Lato, sans-serif;font-style: normal;letter-spacing: normal;text-align: start;text-indent: 0px;text-transform: none\">Produto: QUADRO SOB.S\/B 4D 90A PVC BC\/PT PIA<br \/>\nMarca: Cemar<br \/>\nMaterial: Pl\u00e1stico<br \/>\nCor: Branco e Preto<br \/>\nCaracter\u00edsticas:<br \/>\n-F\u00e1cil de montar<br \/>\n-Dobradi\u00e7a refor\u00e7ada<br \/>\n-Porta revers\u00edvel com abertura de 180\u00b0<br \/>\n-Design moderno<br \/>\n-Prote\u00e7\u00e3o Uv<br \/>\n-Acabamento acetinado<br \/>\n-Porta branca ou transparente.<br \/>\nDimens\u00f5es<br \/>\nA\tB\tE<br \/>\n184\t215\t100<\/span><\/p>\n","protected":false},"featured_media":27458,"template":"","meta":{"_joinchat":[]},"product_brand":[],"product_cat":[122],"product_tag":[],"class_list":{"0":"post-16886","1":"product","2":"type-product","3":"status-publish","4":"has-post-thumbnail","6":"product_cat-quadros-e-cia","8":"first","9":"outofstock","10":"shipping-taxable","11":"purchasable","12":"product-type-simple"},"_links":{"self":[{"href":"https:\/\/www.multicasa.com.br\/inicio\/wp-json\/wp\/v2\/product\/16886","targetHints":{"allow":["GET"]}}],"collection":[{"href":"https:\/\/www.multicasa.com.br\/inicio\/wp-json\/wp\/v2\/product"}],"about":[{"href":"https:\/\/www.multicasa.com.br\/inicio\/wp-json\/wp\/v2\/types\/product"}],"wp:featuredmedia":[{"embeddable":true,"href":"https:\/\/www.multicasa.com.br\/inicio\/wp-json\/wp\/v2\/media\/27458"}],"wp:attachment":[{"href":"https:\/\/www.multicasa.com.br\/inicio\/wp-json\/wp\/v2\/media?parent=16886"}],"wp:term":[{"taxonomy":"product_brand","embeddable":true,"href":"https:\/\/www.multicasa.com.br\/inicio\/wp-json\/wp\/v2\/product_brand?post=16886"},{"taxonomy":"product_cat","embeddable":true,"href":"https:\/\/www.multicasa.com.br\/inicio\/wp-json\/wp\/v2\/product_cat?post=16886"},{"taxonomy":"product_tag","embeddable":true,"href":"https:\/\/www.multicasa.com.br\/inicio\/wp-json\/wp\/v2\/product_tag?post=16886"}],"curies":[{"name":"wp","href":"https:\/\/api.w.org\/{rel}","templated":true}]}}