{"id":16890,"date":"2025-06-20T19:15:07","date_gmt":"2025-06-20T23:15:07","guid":{"rendered":"https:\/\/www.multicasa.com.br\/inicio\/?post_type=product&#038;p=16890"},"modified":"2026-04-24T14:50:12","modified_gmt":"2026-04-24T18:50:12","slug":"disco-diamantado-segmentado-230mm-bosch","status":"publish","type":"product","link":"https:\/\/www.multicasa.com.br\/inicio\/produto\/disco-diamantado-segmentado-230mm-bosch\/","title":{"rendered":"Disco Diamantado Segmentado 230Mm Bosch"},"content":{"rendered":"<p>Discos de corte diamantados segmentados Eco for Universal<br \/>\nO disco diamantado segmentado Eco for Universal \u00e9 a melhor escolha para cortes seguros em materiais de constru\u00e7\u00e3o em geral, Segmentos de corte sinterizado para um \u00f3timo desempenho em uma variedade de materiais Adequado para uso em concreto, tijolo, pedra calc\u00e1ria e telhas.<\/p>\n","protected":false},"excerpt":{"rendered":"<h4 style=\"margin: 0px;padding: 0px 0px 16px;font-family: Lato, sans-serif;font-weight: bold;line-height: 3rem;color: var(--dark-grey3);font-size: 22px;font-style: normal;letter-spacing: normal;text-align: start;text-indent: 0px;text-transform: none\">Informa\u00e7\u00f5es t\u00e9cnicas<\/h4>\n<p><span style=\"margin: 0px;padding: 0px;font-weight: 450;font-size: 14px;line-height: 21px;color: var(--dark-grey2);font-family: Lato, sans-serif;font-style: normal;letter-spacing: normal;text-align: start;text-indent: 0px;text-transform: none\">Produto: DISCO DIAM.SEG.230MM BOSCH<br \/>\nMarca: Bosch<br \/>\nMaterial: Metal<br \/>\nCor: Cinza<br \/>\nDimens\u00f5es<br \/>\n&#8211; Di\u00e2metro mm: 230<br \/>\n&#8211; Di\u00e2metro da cavidade mm: 22.23<br \/>\n&#8211; Largura de corte mm: 2,6<br \/>\n&#8211; Altura do segmento mm: 7<\/span><\/p>\n","protected":false},"featured_media":25061,"template":"","meta":{"_joinchat":[]},"product_brand":[],"product_cat":[152],"product_tag":[],"class_list":{"0":"post-16890","1":"product","2":"type-product","3":"status-publish","4":"has-post-thumbnail","6":"product_cat-ferramentas-eletricas","8":"first","9":"instock","10":"shipping-taxable","11":"purchasable","12":"product-type-simple"},"_links":{"self":[{"href":"https:\/\/www.multicasa.com.br\/inicio\/wp-json\/wp\/v2\/product\/16890","targetHints":{"allow":["GET"]}}],"collection":[{"href":"https:\/\/www.multicasa.com.br\/inicio\/wp-json\/wp\/v2\/product"}],"about":[{"href":"https:\/\/www.multicasa.com.br\/inicio\/wp-json\/wp\/v2\/types\/product"}],"wp:featuredmedia":[{"embeddable":true,"href":"https:\/\/www.multicasa.com.br\/inicio\/wp-json\/wp\/v2\/media\/25061"}],"wp:attachment":[{"href":"https:\/\/www.multicasa.com.br\/inicio\/wp-json\/wp\/v2\/media?parent=16890"}],"wp:term":[{"taxonomy":"product_brand","embeddable":true,"href":"https:\/\/www.multicasa.com.br\/inicio\/wp-json\/wp\/v2\/product_brand?post=16890"},{"taxonomy":"product_cat","embeddable":true,"href":"https:\/\/www.multicasa.com.br\/inicio\/wp-json\/wp\/v2\/product_cat?post=16890"},{"taxonomy":"product_tag","embeddable":true,"href":"https:\/\/www.multicasa.com.br\/inicio\/wp-json\/wp\/v2\/product_tag?post=16890"}],"curies":[{"name":"wp","href":"https:\/\/api.w.org\/{rel}","templated":true}]}}