{"id":16895,"date":"2025-06-20T19:15:16","date_gmt":"2025-06-20T23:15:16","guid":{"rendered":"https:\/\/www.multicasa.com.br\/inicio\/?post_type=product&#038;p=16895"},"modified":"2025-08-17T19:01:40","modified_gmt":"2025-08-17T23:01:40","slug":"ducha-eletrica-6500w-220v-fit-blind-bc","status":"publish","type":"product","link":"https:\/\/www.multicasa.com.br\/inicio\/produto\/ducha-eletrica-6500w-220v-fit-blind-bc\/","title":{"rendered":"Ducha Eletrica 6500W 220V Fit Blind Bc"},"content":{"rendered":"<p>O Chuveiro Eletr\u00f4nico 220V 6500W Fit da marca Botega \u00e9 a solu\u00e7\u00e3o ideal para o seu banho. Por ser um modelo eletr\u00f4nico, possui uma haste de controle que permite maior facilidade e precis\u00e3o na escolha da temperatura.<\/p>\n","protected":false},"excerpt":{"rendered":"<h4 style=\"margin: 0px;padding: 0px 0px 16px;font-family: Lato, sans-serif;font-weight: bold;line-height: 3rem;color: var(--dark-grey3);font-size: 22px;font-style: normal;letter-spacing: normal;text-align: start;text-indent: 0px;text-transform: none\">Informa\u00e7\u00f5es t\u00e9cnicas<\/h4>\n<p><span style=\"margin: 0px;padding: 0px;font-weight: 450;font-size: 14px;line-height: 21px;color: var(--dark-grey2);font-family: Lato, sans-serif;font-style: normal;letter-spacing: normal;text-align: start;text-indent: 0px;text-transform: none\">Produto: DUCHA ELET.6500W 220V FIT BLIND BC<br \/>\nMarca: Botega<br \/>\nMaterial: Pl\u00e1stico<br \/>\nCor: Branco<br \/>\nCaracter\u00edsticas:<br \/>\n-Temperatura Gradual<br \/>\n-Alta Press\u00e3o<br \/>\n-Compat\u00edvel com Dispositivo DR<\/span><\/p>\n","protected":false},"featured_media":27300,"template":"","meta":{"_joinchat":[]},"product_brand":[],"product_cat":[71],"product_tag":[],"class_list":{"0":"post-16895","1":"product","2":"type-product","3":"status-publish","4":"has-post-thumbnail","6":"product_cat-chuveiros","8":"first","9":"outofstock","10":"shipping-taxable","11":"purchasable","12":"product-type-simple"},"_links":{"self":[{"href":"https:\/\/www.multicasa.com.br\/inicio\/wp-json\/wp\/v2\/product\/16895","targetHints":{"allow":["GET"]}}],"collection":[{"href":"https:\/\/www.multicasa.com.br\/inicio\/wp-json\/wp\/v2\/product"}],"about":[{"href":"https:\/\/www.multicasa.com.br\/inicio\/wp-json\/wp\/v2\/types\/product"}],"wp:featuredmedia":[{"embeddable":true,"href":"https:\/\/www.multicasa.com.br\/inicio\/wp-json\/wp\/v2\/media\/27300"}],"wp:attachment":[{"href":"https:\/\/www.multicasa.com.br\/inicio\/wp-json\/wp\/v2\/media?parent=16895"}],"wp:term":[{"taxonomy":"product_brand","embeddable":true,"href":"https:\/\/www.multicasa.com.br\/inicio\/wp-json\/wp\/v2\/product_brand?post=16895"},{"taxonomy":"product_cat","embeddable":true,"href":"https:\/\/www.multicasa.com.br\/inicio\/wp-json\/wp\/v2\/product_cat?post=16895"},{"taxonomy":"product_tag","embeddable":true,"href":"https:\/\/www.multicasa.com.br\/inicio\/wp-json\/wp\/v2\/product_tag?post=16895"}],"curies":[{"name":"wp","href":"https:\/\/api.w.org\/{rel}","templated":true}]}}