{"id":16897,"date":"2025-06-20T19:15:17","date_gmt":"2025-06-20T23:15:17","guid":{"rendered":"https:\/\/www.multicasa.com.br\/inicio\/?post_type=product&#038;p=16897"},"modified":"2025-08-17T19:01:42","modified_gmt":"2025-08-17T23:01:42","slug":"torneira-p-cozinha-ou-banheiro-1167-c32-lorenzetti","status":"publish","type":"product","link":"https:\/\/www.multicasa.com.br\/inicio\/produto\/torneira-p-cozinha-ou-banheiro-1167-c32-lorenzetti\/","title":{"rendered":"Torneira P\/ Cozinha Ou Banheiro 1167 C32 Lorenzetti"},"content":{"rendered":"<p>A Torneira para Cozinha de Mesa Bica M\u00f3vel 1167 C 32 tr\u00e1s a solu\u00e7\u00e3o completa para sua cozinha, com detalhes pensados para trazer conforto e praticidade no seu dia a dia, al\u00e9m de possuir um design elegante refor\u00e7ando a beleza do seu ambiente, tudo isso com a qualidade Lorenzetti em seu lar.<\/p>\n","protected":false},"excerpt":{"rendered":"<h4 style=\"margin: 0px;padding: 0px 0px 16px;font-family: Lato, sans-serif;font-weight: bold;line-height: 3rem;color: var(--dark-grey3);font-size: 22px;font-style: normal;letter-spacing: normal;text-align: start;text-indent: 0px;text-transform: none\">Informa\u00e7\u00f5es t\u00e9cnicas<\/h4>\n<p><span style=\"margin: 0px;padding: 0px;font-weight: 450;font-size: 14px;line-height: 21px;color: var(--dark-grey2);font-family: Lato, sans-serif;font-style: normal;letter-spacing: normal;text-align: start;text-indent: 0px;text-transform: none\">Produto: TORNEIRA P\/ COZINHA OU BANHEIRO 1167 C32<br \/>\nMarca: Lorenzetti<br \/>\nMaterial: Metal<br \/>\nCor: Cromada<br \/>\nCaracter\u00edsticas:<br \/>\n-Maior \u00e1rea de atua\u00e7\u00e3o<br \/>\n-Jato de \u00e1gua uniforme<br \/>\n-1\/4 de volta de economia de \u00e1gua<br \/>\n-12 anos de garantia.<\/span><\/p>\n","protected":false},"featured_media":26147,"template":"","meta":{"_joinchat":[]},"product_brand":[],"product_cat":[67],"product_tag":[],"class_list":{"0":"post-16897","1":"product","2":"type-product","3":"status-publish","4":"has-post-thumbnail","6":"product_cat-torneiras-e-cia","8":"first","9":"outofstock","10":"shipping-taxable","11":"purchasable","12":"product-type-simple"},"_links":{"self":[{"href":"https:\/\/www.multicasa.com.br\/inicio\/wp-json\/wp\/v2\/product\/16897","targetHints":{"allow":["GET"]}}],"collection":[{"href":"https:\/\/www.multicasa.com.br\/inicio\/wp-json\/wp\/v2\/product"}],"about":[{"href":"https:\/\/www.multicasa.com.br\/inicio\/wp-json\/wp\/v2\/types\/product"}],"wp:featuredmedia":[{"embeddable":true,"href":"https:\/\/www.multicasa.com.br\/inicio\/wp-json\/wp\/v2\/media\/26147"}],"wp:attachment":[{"href":"https:\/\/www.multicasa.com.br\/inicio\/wp-json\/wp\/v2\/media?parent=16897"}],"wp:term":[{"taxonomy":"product_brand","embeddable":true,"href":"https:\/\/www.multicasa.com.br\/inicio\/wp-json\/wp\/v2\/product_brand?post=16897"},{"taxonomy":"product_cat","embeddable":true,"href":"https:\/\/www.multicasa.com.br\/inicio\/wp-json\/wp\/v2\/product_cat?post=16897"},{"taxonomy":"product_tag","embeddable":true,"href":"https:\/\/www.multicasa.com.br\/inicio\/wp-json\/wp\/v2\/product_tag?post=16897"}],"curies":[{"name":"wp","href":"https:\/\/api.w.org\/{rel}","templated":true}]}}