{"id":16914,"date":"2025-06-20T19:15:19","date_gmt":"2025-06-20T23:15:19","guid":{"rendered":"https:\/\/www.multicasa.com.br\/inicio\/?post_type=product&#038;p=16914"},"modified":"2026-01-08T16:18:17","modified_gmt":"2026-01-08T20:18:17","slug":"suporte-tv-articulado-10-70-polegadas-sbrp14-brasforma","status":"publish","type":"product","link":"https:\/\/www.multicasa.com.br\/inicio\/produto\/suporte-tv-articulado-10-70-polegadas-sbrp14-brasforma\/","title":{"rendered":"Suporte Tv Articulado 10\/70 Polegadas Sbrp14 Brasforma"},"content":{"rendered":"<p>Suporte Articulado Brasforma para TVs LCD, LED, de 10 at\u00e9 70 polegadas (com VESA m\u00e1ximo de 600x400mm). Permite inclina\u00e7\u00e3o e rota\u00e7\u00e3o (4 movimentos) e acompanha organizadores de cabos. Permite Ajustar a TV para assistir de v\u00e1rios \u00e2ngulos. Ideal para salas, escrit\u00f3rios, quartos, hospitais, restaurantes, entre outros locais e j\u00e1 vem montado!<\/p>\n","protected":false},"excerpt":{"rendered":"<h4 style=\"margin: 0px;padding: 0px 0px 16px;font-family: Lato, sans-serif;font-weight: bold;line-height: 3rem;color: var(--dark-grey3);font-size: 22px;font-style: normal;letter-spacing: normal;text-align: start;text-indent: 0px;text-transform: none\">Informa\u00e7\u00f5es t\u00e9cnicas<\/h4>\n<p><span style=\"margin: 0px;padding: 0px;font-weight: 450;font-size: 14px;line-height: 21px;color: var(--dark-grey2);font-family: Lato, sans-serif;font-style: normal;letter-spacing: normal;text-align: start;text-indent: 0px;text-transform: none\">Produto: SUPORTE TV ARTIC.10\/70 SBRP14 BRASF<br \/>\nMarca: Brasforma<br \/>\nMaterial: A\u00e7o carbono, tratamento anticorrosivo e pintura eletrost\u00e1tica.<br \/>\nCor: Preto<br \/>\nCaracter\u00edsticas:<br \/>\n? J\u00e1 vem montado!<br \/>\n? Organizadores de cabos<br \/>\n? Permite vis\u00e3o modo retrato e paisagem ? Rota\u00e7\u00e3o de 360\u00b0.<br \/>\n? F\u00e1cil instala\u00e7\u00e3o<br \/>\n? Permite ajuste de n\u00edvel<br \/>\nMedidas (CxLxA): 66.5x 20.5&#215;80 cm<\/span><\/p>\n","protected":false},"featured_media":26028,"template":"","meta":{"_joinchat":[]},"product_brand":[],"product_cat":[150],"product_tag":[],"class_list":{"0":"post-16914","1":"product","2":"type-product","3":"status-publish","4":"has-post-thumbnail","6":"product_cat-antenas-e-cia","8":"first","9":"outofstock","10":"shipping-taxable","11":"product-type-simple"},"_links":{"self":[{"href":"https:\/\/www.multicasa.com.br\/inicio\/wp-json\/wp\/v2\/product\/16914","targetHints":{"allow":["GET"]}}],"collection":[{"href":"https:\/\/www.multicasa.com.br\/inicio\/wp-json\/wp\/v2\/product"}],"about":[{"href":"https:\/\/www.multicasa.com.br\/inicio\/wp-json\/wp\/v2\/types\/product"}],"wp:featuredmedia":[{"embeddable":true,"href":"https:\/\/www.multicasa.com.br\/inicio\/wp-json\/wp\/v2\/media\/26028"}],"wp:attachment":[{"href":"https:\/\/www.multicasa.com.br\/inicio\/wp-json\/wp\/v2\/media?parent=16914"}],"wp:term":[{"taxonomy":"product_brand","embeddable":true,"href":"https:\/\/www.multicasa.com.br\/inicio\/wp-json\/wp\/v2\/product_brand?post=16914"},{"taxonomy":"product_cat","embeddable":true,"href":"https:\/\/www.multicasa.com.br\/inicio\/wp-json\/wp\/v2\/product_cat?post=16914"},{"taxonomy":"product_tag","embeddable":true,"href":"https:\/\/www.multicasa.com.br\/inicio\/wp-json\/wp\/v2\/product_tag?post=16914"}],"curies":[{"name":"wp","href":"https:\/\/api.w.org\/{rel}","templated":true}]}}