{"id":16917,"date":"2025-06-20T19:15:19","date_gmt":"2025-06-20T23:15:19","guid":{"rendered":"https:\/\/www.multicasa.com.br\/inicio\/?post_type=product&#038;p=16917"},"modified":"2025-08-17T19:02:39","modified_gmt":"2025-08-17T23:02:39","slug":"spot-led-p-trilho-10w-biv-3-0k-pt-led","status":"publish","type":"product","link":"https:\/\/www.multicasa.com.br\/inicio\/produto\/spot-led-p-trilho-10w-biv-3-0k-pt-led\/","title":{"rendered":"Spot Led P\/Trilho 10W Biv.3.0K Pt Led"},"content":{"rendered":"<p>Spot HI-TRACK LED profissional, possui design moderno e atual, foco direcion\u00e1vel e adaptador, pronto para instalar em trilho eletrificado de 2 fases. Estruturado em alum\u00ednio com acabamento em pintura ep\u00f3xi.Ideal para ambientes comerciais, vitrines\/lojas e corporativos, cuja aplica\u00e7\u00e3o exige alta performance e desempenho.<\/p>\n","protected":false},"excerpt":{"rendered":"<h4 style=\"margin: 0px;padding: 0px 0px 16px;font-family: Lato, sans-serif;font-weight: bold;line-height: 3rem;color: var(--dark-grey3);font-size: 22px;font-style: normal;letter-spacing: normal;text-align: start;text-indent: 0px;text-transform: none\">Informa\u00e7\u00f5es t\u00e9cnicas<\/h4>\n<p><span style=\"margin: 0px;padding: 0px;font-weight: 450;font-size: 14px;line-height: 21px;color: var(--dark-grey2);font-family: Lato, sans-serif;font-style: normal;letter-spacing: normal;text-align: start;text-indent: 0px;text-transform: none\">Produto: SPOT LED P\/TRILHO 10W BIV.3.0K PT L<br \/>\nMarca: led<br \/>\nMaterial: Alum\u00ednio<br \/>\nCor: Preto<br \/>\nCaracter\u00edsticas:<br \/>\n-Garantia de 4 anos contra defeitos de fabrica\u00e7\u00e3o;<br \/>\n-Vida \u00fatil de 50.000 horas;<br \/>\n-Irc &gt;95;<br \/>\n-Tens\u00e3o bivolt 127 &#8211; 220Vca;<br \/>\n-Temperatura de cor 3000k.<br \/>\nDimens\u00f5es (cm) A x L x \u00d8<br \/>\n-18 x 15 x \u00d85<\/span><\/p>\n","protected":false},"featured_media":25993,"template":"","meta":{"_joinchat":[]},"product_brand":[],"product_cat":[157],"product_tag":[],"class_list":{"0":"post-16917","1":"product","2":"type-product","3":"status-publish","4":"has-post-thumbnail","6":"product_cat-leds-decorativos","8":"first","9":"outofstock","10":"shipping-taxable","11":"purchasable","12":"product-type-simple"},"_links":{"self":[{"href":"https:\/\/www.multicasa.com.br\/inicio\/wp-json\/wp\/v2\/product\/16917","targetHints":{"allow":["GET"]}}],"collection":[{"href":"https:\/\/www.multicasa.com.br\/inicio\/wp-json\/wp\/v2\/product"}],"about":[{"href":"https:\/\/www.multicasa.com.br\/inicio\/wp-json\/wp\/v2\/types\/product"}],"wp:featuredmedia":[{"embeddable":true,"href":"https:\/\/www.multicasa.com.br\/inicio\/wp-json\/wp\/v2\/media\/25993"}],"wp:attachment":[{"href":"https:\/\/www.multicasa.com.br\/inicio\/wp-json\/wp\/v2\/media?parent=16917"}],"wp:term":[{"taxonomy":"product_brand","embeddable":true,"href":"https:\/\/www.multicasa.com.br\/inicio\/wp-json\/wp\/v2\/product_brand?post=16917"},{"taxonomy":"product_cat","embeddable":true,"href":"https:\/\/www.multicasa.com.br\/inicio\/wp-json\/wp\/v2\/product_cat?post=16917"},{"taxonomy":"product_tag","embeddable":true,"href":"https:\/\/www.multicasa.com.br\/inicio\/wp-json\/wp\/v2\/product_tag?post=16917"}],"curies":[{"name":"wp","href":"https:\/\/api.w.org\/{rel}","templated":true}]}}