{"id":16924,"date":"2025-06-20T19:15:26","date_gmt":"2025-06-20T23:15:26","guid":{"rendered":"https:\/\/www.multicasa.com.br\/inicio\/?post_type=product&#038;p=16924"},"modified":"2026-04-17T13:20:08","modified_gmt":"2026-04-17T17:20:08","slug":"dispositivo-dr-2polos-25a-steck","status":"publish","type":"product","link":"https:\/\/www.multicasa.com.br\/inicio\/produto\/dispositivo-dr-2polos-25a-steck\/","title":{"rendered":"Dispositivo Dr 2Polos 25A Steck"},"content":{"rendered":"<p>Interruptor diferencial residual bipolar para corrente el\u00e9trica de at\u00e9 25 \u00c0mperes. Proporciona seguran\u00e7a contra choque el\u00e9trico em caso de contato direto ou indireto com o circuito el\u00e9trico, ele funciona desligando quase automaticamente a passagem da corrente no circuito, evitando ou interrompendo situa\u00e7\u00f5es de choque el\u00e9trico. Pode ser montado em trilho DIN 35, na horizontal ou vertical, possui chave liga\/ desliga e bot\u00e3o para teste.<\/p>\n","protected":false},"excerpt":{"rendered":"<h4 style=\"margin: 0px;padding: 0px 0px 16px;font-family: Lato, sans-serif;font-weight: bold;line-height: 3rem;color: var(--dark-grey3);font-size: 22px;font-style: normal;letter-spacing: normal;text-align: start;text-indent: 0px;text-transform: none\">Informa\u00e7\u00f5es t\u00e9cnicas<\/h4>\n<p><span style=\"margin: 0px;padding: 0px;font-weight: 450;font-size: 14px;line-height: 21px;color: var(--dark-grey2);font-family: Lato, sans-serif;font-style: normal;letter-spacing: normal;text-align: start;text-indent: 0px;text-transform: none\">Produto: DISPOSITIVO DR 2P 25A STECK<br \/>\nMarca: Steck<br \/>\nMaterial: Condutores s\u00f3lidos ou flexiveis de 1 a 35mm\u00b2<br \/>\nCor: Branca<br \/>\nDimens\u00f5es do produto: ?13 x 2.3 x 3.9 cm;<br \/>\nPeso do produto: 30 g<\/span><\/p>\n","protected":false},"featured_media":27298,"template":"","meta":{"_joinchat":[]},"product_brand":[],"product_cat":[122],"product_tag":[],"class_list":{"0":"post-16924","1":"product","2":"type-product","3":"status-publish","4":"has-post-thumbnail","6":"product_cat-quadros-e-cia","8":"first","9":"instock","10":"shipping-taxable","11":"purchasable","12":"product-type-simple"},"_links":{"self":[{"href":"https:\/\/www.multicasa.com.br\/inicio\/wp-json\/wp\/v2\/product\/16924","targetHints":{"allow":["GET"]}}],"collection":[{"href":"https:\/\/www.multicasa.com.br\/inicio\/wp-json\/wp\/v2\/product"}],"about":[{"href":"https:\/\/www.multicasa.com.br\/inicio\/wp-json\/wp\/v2\/types\/product"}],"wp:featuredmedia":[{"embeddable":true,"href":"https:\/\/www.multicasa.com.br\/inicio\/wp-json\/wp\/v2\/media\/27298"}],"wp:attachment":[{"href":"https:\/\/www.multicasa.com.br\/inicio\/wp-json\/wp\/v2\/media?parent=16924"}],"wp:term":[{"taxonomy":"product_brand","embeddable":true,"href":"https:\/\/www.multicasa.com.br\/inicio\/wp-json\/wp\/v2\/product_brand?post=16924"},{"taxonomy":"product_cat","embeddable":true,"href":"https:\/\/www.multicasa.com.br\/inicio\/wp-json\/wp\/v2\/product_cat?post=16924"},{"taxonomy":"product_tag","embeddable":true,"href":"https:\/\/www.multicasa.com.br\/inicio\/wp-json\/wp\/v2\/product_tag?post=16924"}],"curies":[{"name":"wp","href":"https:\/\/api.w.org\/{rel}","templated":true}]}}