{"id":16927,"date":"2025-06-20T19:15:26","date_gmt":"2025-06-20T23:15:26","guid":{"rendered":"https:\/\/www.multicasa.com.br\/inicio\/?post_type=product&#038;p=16927"},"modified":"2026-04-23T08:51:14","modified_gmt":"2026-04-23T12:51:14","slug":"ralo-linear-5x70cm-inox-tigre","status":"publish","type":"product","link":"https:\/\/www.multicasa.com.br\/inicio\/produto\/ralo-linear-5x70cm-inox-tigre\/","title":{"rendered":"Ralo Linear 5X70Cm Inox Tigre"},"content":{"rendered":"<p>Dispon\u00edvel nos tamanhos 50 cm, 70 cm e 90 cm, o ralo linear garante o melhor escoamento dos despejos l\u00edquidos. Bonito e pr\u00e1tico, ele \u00e9 indicado para banheiros, lavanderias e sacadas, sendo perfeito para ambientes que pedem efici\u00eancia e descri\u00e7\u00e3o. Pode ser aplicado em \u00c1reas de piso como box de banheiros, lavanderias, sacadas e outros pontos onde se faz necess\u00e1rio escoamento de \u00e1gua em ambientes protegidos da exposi\u00e7\u00e3o direta de raios solares*. *exceto vers\u00e3o Inox e Cromada que resistem \u00e0 exposi\u00e7\u00e3o de raios UV.<\/p>\n","protected":false},"excerpt":{"rendered":"<h4 style=\"margin: 0px;padding: 0px 0px 16px;font-family: Lato, sans-serif;font-weight: bold;line-height: 3rem;color: var(--dark-grey3);font-size: 22px;font-style: normal;letter-spacing: normal;text-align: start;text-indent: 0px;text-transform: none\">Informa\u00e7\u00f5es t\u00e9cnicas<\/h4>\n<p><span style=\"margin: 0px;padding: 0px;font-weight: 450;font-size: 14px;line-height: 21px;color: var(--dark-grey2);font-family: Lato, sans-serif;font-style: normal;letter-spacing: normal;text-align: start;text-indent: 0px;text-transform: none\">Produto: RALO LINEAR 5X70CM INOX TIGRE<br \/>\nMarca: Tigre<br \/>\nMaterial: inox<br \/>\nCor: Cromado<br \/>\nCaracter\u00edsticas:<br \/>\n* Resist\u00eancia superior: estanqueidade total, sem vazamentos;<br \/>\n* Instala\u00e7\u00e3o simples: f\u00e1cil de instalar, vers\u00e1til e pode ser usado para o despejo de \u00e1gua do lavabo ou tanques de lavanderias.<br \/>\nDimens\u00f5es<br \/>\n70cm<br \/>\nA: 41<br \/>\nD: 40<br \/>\nL: 742<\/span><\/p>\n","protected":false},"featured_media":25881,"template":"","meta":{"_joinchat":[]},"product_brand":[],"product_cat":[73],"product_tag":[],"class_list":{"0":"post-16927","1":"product","2":"type-product","3":"status-publish","4":"has-post-thumbnail","6":"product_cat-tubos-e-conexoes","8":"first","9":"outofstock","10":"shipping-taxable","11":"purchasable","12":"product-type-simple"},"_links":{"self":[{"href":"https:\/\/www.multicasa.com.br\/inicio\/wp-json\/wp\/v2\/product\/16927","targetHints":{"allow":["GET"]}}],"collection":[{"href":"https:\/\/www.multicasa.com.br\/inicio\/wp-json\/wp\/v2\/product"}],"about":[{"href":"https:\/\/www.multicasa.com.br\/inicio\/wp-json\/wp\/v2\/types\/product"}],"wp:featuredmedia":[{"embeddable":true,"href":"https:\/\/www.multicasa.com.br\/inicio\/wp-json\/wp\/v2\/media\/25881"}],"wp:attachment":[{"href":"https:\/\/www.multicasa.com.br\/inicio\/wp-json\/wp\/v2\/media?parent=16927"}],"wp:term":[{"taxonomy":"product_brand","embeddable":true,"href":"https:\/\/www.multicasa.com.br\/inicio\/wp-json\/wp\/v2\/product_brand?post=16927"},{"taxonomy":"product_cat","embeddable":true,"href":"https:\/\/www.multicasa.com.br\/inicio\/wp-json\/wp\/v2\/product_cat?post=16927"},{"taxonomy":"product_tag","embeddable":true,"href":"https:\/\/www.multicasa.com.br\/inicio\/wp-json\/wp\/v2\/product_tag?post=16927"}],"curies":[{"name":"wp","href":"https:\/\/api.w.org\/{rel}","templated":true}]}}