{"id":16928,"date":"2025-06-20T19:15:26","date_gmt":"2025-06-20T23:15:26","guid":{"rendered":"https:\/\/www.multicasa.com.br\/inicio\/?post_type=product&#038;p=16928"},"modified":"2025-08-16T20:15:17","modified_gmt":"2025-08-17T00:15:17","slug":"tubo-extensivo-sifao-flexivel-60cm-censi","status":"publish","type":"product","link":"https:\/\/www.multicasa.com.br\/inicio\/produto\/tubo-extensivo-sifao-flexivel-60cm-censi\/","title":{"rendered":"Tubo Extensivo (sif\u00e3o) Flex\u00edvel 60cm Censi"},"content":{"rendered":"<p>Pe\u00e7a fundamental no sistema hidr\u00e1ulico das resid\u00eancias, o Tubo Extens\u00edvel, popularmente conhecido como sif\u00e3o, \u00e9 instalado em pias, lavat\u00f3rios e tanques e tem a finalidade de escoar a \u00e1gua utilizada nesses locais para a rede de esgoto. Os Tubos Extens\u00edveis da Censi s\u00e3o produzidos em pl\u00e1stico de engenharia polipropileno, que o torna resistente a baixas e altas temperaturas.<\/p>\n","protected":false},"excerpt":{"rendered":"<h4 style=\"margin: 0px;padding: 0px 0px 16px;font-family: Lato, sans-serif;font-weight: bold;line-height: 3rem;color: var(--dark-grey3);font-size: 22px;font-style: normal;letter-spacing: normal;text-align: start;text-indent: 0px;text-transform: none\">Informa\u00e7\u00f5es t\u00e9cnicas<\/h4>\n<p><span style=\"margin: 0px;padding: 0px;font-weight: 450;font-size: 14px;line-height: 21px;color: var(--dark-grey2);font-family: Lato, sans-serif;font-style: normal;letter-spacing: normal;text-align: start;text-indent: 0px;text-transform: none\">&#8211; N\u00e3o aderente a gordura;<br \/>\n&#8211; Resistente a altas temperaturas;<br \/>\n&#8211; N\u00e3o necessita de ferramentas para instala\u00e7\u00e3o;<br \/>\n&#8211;  Para pias, lavat\u00f3rios e tanques;<br \/>\n<\/span><\/p>\n","protected":false},"featured_media":26182,"template":"","meta":{"_joinchat":[]},"product_brand":[],"product_cat":[74],"product_tag":[],"class_list":{"0":"post-16928","1":"product","2":"type-product","3":"status-publish","4":"has-post-thumbnail","6":"product_cat-reparos-hidraulicos","8":"first","9":"outofstock","10":"shipping-taxable","11":"product-type-simple"},"_links":{"self":[{"href":"https:\/\/www.multicasa.com.br\/inicio\/wp-json\/wp\/v2\/product\/16928","targetHints":{"allow":["GET"]}}],"collection":[{"href":"https:\/\/www.multicasa.com.br\/inicio\/wp-json\/wp\/v2\/product"}],"about":[{"href":"https:\/\/www.multicasa.com.br\/inicio\/wp-json\/wp\/v2\/types\/product"}],"wp:featuredmedia":[{"embeddable":true,"href":"https:\/\/www.multicasa.com.br\/inicio\/wp-json\/wp\/v2\/media\/26182"}],"wp:attachment":[{"href":"https:\/\/www.multicasa.com.br\/inicio\/wp-json\/wp\/v2\/media?parent=16928"}],"wp:term":[{"taxonomy":"product_brand","embeddable":true,"href":"https:\/\/www.multicasa.com.br\/inicio\/wp-json\/wp\/v2\/product_brand?post=16928"},{"taxonomy":"product_cat","embeddable":true,"href":"https:\/\/www.multicasa.com.br\/inicio\/wp-json\/wp\/v2\/product_cat?post=16928"},{"taxonomy":"product_tag","embeddable":true,"href":"https:\/\/www.multicasa.com.br\/inicio\/wp-json\/wp\/v2\/product_tag?post=16928"}],"curies":[{"name":"wp","href":"https:\/\/api.w.org\/{rel}","templated":true}]}}