{"id":16930,"date":"2025-06-20T19:15:26","date_gmt":"2025-06-20T23:15:26","guid":{"rendered":"https:\/\/www.multicasa.com.br\/inicio\/?post_type=product&#038;p=16930"},"modified":"2025-06-23T10:22:48","modified_gmt":"2025-06-23T14:22:48","slug":"nivel-laser-dw088k-dewalt","status":"publish","type":"product","link":"https:\/\/www.multicasa.com.br\/inicio\/produto\/nivel-laser-dw088k-dewalt\/","title":{"rendered":"Nivel Laser Dw088K Dewalt"},"content":{"rendered":"<p>Projeta linhas brilhantes horizontal e vertical cruzadas para aplica\u00e7\u00f5es de nivelamento e layout; mant\u00e9m o brilho m\u00e1ximo para melhor visibilidade e ampliar o alcance; compativel com trip\u00e9 Dewalt DW0881 ou qualquer outro com rosca 1\/4-20 unc. Aplicado para nivelar e aprumar em geral como portas, janelas, estruturas de drywall, revestimentos em paredes e tubula\u00e7\u00f5es. Serve para marca\u00e7\u00e3o de esquadro para edifica\u00e7\u00e3o, instala\u00e7\u00e3o de revestimento em pisos e paredes, instala\u00e7\u00e3o de arm\u00e1rios, pontos de perfura\u00e7\u00e3o, entre outros. <\/p>\n","protected":false},"excerpt":{"rendered":"<h4 style=\"margin: 0px;padding: 0px 0px 16px;font-family: Lato, sans-serif;font-weight: bold;line-height: 3rem;color: var(--dark-grey3);font-size: 22px;font-style: normal;letter-spacing: normal;text-align: start;text-indent: 0px;text-transform: none\">Informa\u00e7\u00f5es t\u00e9cnicas<\/h4>\n<p><span style=\"margin: 0px;padding: 0px;font-weight: 450;font-size: 14px;line-height: 21px;color: var(--dark-grey2);font-family: Lato, sans-serif;font-style: normal;letter-spacing: normal;text-align: start;text-indent: 0px;text-transform: none\">Produto: NIVEL LASER DW088K DEWALT<br \/>\nMarca: Dewalt<br \/>\nMaterial: Pl\u00e1stico<br \/>\nCor: Preto e amarelo<br \/>\nCaracter\u00edsticas<br \/>\n-Projeta linhas brilhantes horizontal e vertical cruzadas para aplica\u00e7\u00f5es de nivelamento e layout;<br \/>\n-Mant\u00e9m o brilho m\u00e1ximo para melhor visibilidade e ampliar o alcance; Compat\u00edvel com trip\u00e9 DEWALT DW0881 ou qualquer outro com rosca 1\/4-20 UNC.<br \/>\nInclui<br \/>\n-3 pilhas alcalinas LR6 (AA)<br \/>\n-1 suporte com presilha<br \/>\n-maleta.<\/span><\/p>\n","protected":false},"featured_media":25625,"template":"","meta":{"_joinchat":[]},"product_brand":[],"product_cat":[152],"product_tag":[],"class_list":{"0":"post-16930","1":"product","2":"type-product","3":"status-publish","4":"has-post-thumbnail","6":"product_cat-ferramentas-eletricas","8":"first","9":"outofstock","10":"shipping-taxable","11":"product-type-simple"},"_links":{"self":[{"href":"https:\/\/www.multicasa.com.br\/inicio\/wp-json\/wp\/v2\/product\/16930","targetHints":{"allow":["GET"]}}],"collection":[{"href":"https:\/\/www.multicasa.com.br\/inicio\/wp-json\/wp\/v2\/product"}],"about":[{"href":"https:\/\/www.multicasa.com.br\/inicio\/wp-json\/wp\/v2\/types\/product"}],"wp:featuredmedia":[{"embeddable":true,"href":"https:\/\/www.multicasa.com.br\/inicio\/wp-json\/wp\/v2\/media\/25625"}],"wp:attachment":[{"href":"https:\/\/www.multicasa.com.br\/inicio\/wp-json\/wp\/v2\/media?parent=16930"}],"wp:term":[{"taxonomy":"product_brand","embeddable":true,"href":"https:\/\/www.multicasa.com.br\/inicio\/wp-json\/wp\/v2\/product_brand?post=16930"},{"taxonomy":"product_cat","embeddable":true,"href":"https:\/\/www.multicasa.com.br\/inicio\/wp-json\/wp\/v2\/product_cat?post=16930"},{"taxonomy":"product_tag","embeddable":true,"href":"https:\/\/www.multicasa.com.br\/inicio\/wp-json\/wp\/v2\/product_tag?post=16930"}],"curies":[{"name":"wp","href":"https:\/\/api.w.org\/{rel}","templated":true}]}}