{"id":16934,"date":"2025-06-20T19:15:27","date_gmt":"2025-06-20T23:15:27","guid":{"rendered":"https:\/\/www.multicasa.com.br\/inicio\/?post_type=product&#038;p=16934"},"modified":"2025-11-28T17:04:48","modified_gmt":"2025-11-28T21:04:48","slug":"joelho-90-pvc-soldavel-110mm-amanco","status":"publish","type":"product","link":"https:\/\/www.multicasa.com.br\/inicio\/produto\/joelho-90-pvc-soldavel-110mm-amanco\/","title":{"rendered":"Joelho 90\u00b0 Pvc Sold\u00e1vel 110Mm Amanco"},"content":{"rendered":"<p>A linha Amanco sold\u00e1vel \u00e9 um sistema em PVC para condu\u00e7\u00e3o de \u00e1gua fria com portf\u00f3lio completo para atender todos os projetos, utilizada em obras residenciais, comerciais e industriais. Aplicada em instala\u00e7\u00f5es de \u00e1gua fria permanentes e embutidas. Aplica\u00e7\u00f5es: Sistema predial de distribui\u00e7\u00e3o de \u00e1gua fria, instala\u00e7\u00f5es de \u00e1gua fria permanentes e embutidas em paredes ou aparentes em locais cobertos e protegidos de intemp\u00e9ries, aplicada em instala\u00e7\u00f5es de rede de \u00e1gua predial em resid\u00eancias, com\u00e9rcio e ind\u00fastrias.<\/p>\n","protected":false},"excerpt":{"rendered":"<h4 style=\"margin: 0px;padding: 0px 0px 16px;font-family: Lato, sans-serif;font-weight: bold;line-height: 3rem;color: var(--dark-grey3);font-size: 22px;font-style: normal;letter-spacing: normal;text-align: start;text-indent: 0px;text-transform: none\">Informa\u00e7\u00f5es t\u00e9cnicas<\/h4>\n<p><span style=\"margin: 0px;padding: 0px;font-weight: 450;font-size: 14px;line-height: 21px;color: var(--dark-grey2);font-family: Lato, sans-serif;font-style: normal;letter-spacing: normal;text-align: start;text-indent: 0px;text-transform: none\">Produto: JOELHO 90\u00b0 PVC SOLD\u00c1VEL 110MM<br \/>\nMarca: Amanco<br \/>\nMaterial: PVC<br \/>\nCor: Marrom<br \/>\nCaracter\u00edsticas<br \/>\n&#8211; Atende norma NBR 5648;<br \/>\n&#8211; Suporta press\u00e3o de servi\u00e7o de at\u00e9 750 kPa, (7,5 kgf\/cm\u00b2 ou 75 m.c.a.);<br \/>\n&#8211; Rapidez e facilidade na execu\u00e7\u00e3o das juntas sold\u00e1vel;<br \/>\n&#8211; Material leve, de f\u00e1cil transporte, estocagem e manuseio;<br \/>\n&#8211; Resistente para instala\u00e7\u00f5es de \u00e1gua fria;<br \/>\n&#8211; Vida \u00fatil de 50 anos.<br \/>\nBitola<br \/>\n110mm.<\/span><\/p>\n","protected":false},"featured_media":25327,"template":"","meta":{"_joinchat":[]},"product_brand":[],"product_cat":[73],"product_tag":[],"class_list":{"0":"post-16934","1":"product","2":"type-product","3":"status-publish","4":"has-post-thumbnail","6":"product_cat-tubos-e-conexoes","8":"first","9":"outofstock","10":"shipping-taxable","11":"purchasable","12":"product-type-simple"},"_links":{"self":[{"href":"https:\/\/www.multicasa.com.br\/inicio\/wp-json\/wp\/v2\/product\/16934","targetHints":{"allow":["GET"]}}],"collection":[{"href":"https:\/\/www.multicasa.com.br\/inicio\/wp-json\/wp\/v2\/product"}],"about":[{"href":"https:\/\/www.multicasa.com.br\/inicio\/wp-json\/wp\/v2\/types\/product"}],"wp:featuredmedia":[{"embeddable":true,"href":"https:\/\/www.multicasa.com.br\/inicio\/wp-json\/wp\/v2\/media\/25327"}],"wp:attachment":[{"href":"https:\/\/www.multicasa.com.br\/inicio\/wp-json\/wp\/v2\/media?parent=16934"}],"wp:term":[{"taxonomy":"product_brand","embeddable":true,"href":"https:\/\/www.multicasa.com.br\/inicio\/wp-json\/wp\/v2\/product_brand?post=16934"},{"taxonomy":"product_cat","embeddable":true,"href":"https:\/\/www.multicasa.com.br\/inicio\/wp-json\/wp\/v2\/product_cat?post=16934"},{"taxonomy":"product_tag","embeddable":true,"href":"https:\/\/www.multicasa.com.br\/inicio\/wp-json\/wp\/v2\/product_tag?post=16934"}],"curies":[{"name":"wp","href":"https:\/\/api.w.org\/{rel}","templated":true}]}}