{"id":16935,"date":"2025-06-20T19:15:27","date_gmt":"2025-06-20T23:15:27","guid":{"rendered":"https:\/\/www.multicasa.com.br\/inicio\/?post_type=product&#038;p=16935"},"modified":"2025-06-23T10:46:49","modified_gmt":"2025-06-23T14:46:49","slug":"ventilador-coluna-50cm-200w-bivolt-pt-ventidelta","status":"publish","type":"product","link":"https:\/\/www.multicasa.com.br\/inicio\/produto\/ventilador-coluna-50cm-200w-bivolt-pt-ventidelta\/","title":{"rendered":"Ventilador Coluna 50Cm 200W Bivolt Pt Ventidelta"},"content":{"rendered":"<p>Nada melhor do que um ventilador para nos refrescar nos dias de calor. A vantagem do ventilador \u00e9 a praticidade que ele oferece, facilitando na hora do uso e ao guard\u00e1-lo. Pensando em voc\u00ea, lhe trouxemos esse incr\u00edvel ventilador. Produzido com materiais resistentes e de \u00f3tima durabilidade,ele conta com uma incr\u00edvel pot\u00eancia de 200 W, e h\u00e9lice 4 p\u00e1s, assim, ele ir\u00e1 turbinar um \u00f3timo vento a voc\u00ea. Com protetor t\u00e9rmico, esse Ventilador \u00e9 o que falta na sua vida.<\/p>\n","protected":false},"excerpt":{"rendered":"<h4 style=\"margin: 0px;padding: 0px 0px 16px;font-family: Lato, sans-serif;font-weight: bold;line-height: 3rem;color: var(--dark-grey3);font-size: 22px;font-style: normal;letter-spacing: normal;text-align: start;text-indent: 0px;text-transform: none\">Informa\u00e7\u00f5es t\u00e9cnicas<\/h4>\n<p><span style=\"margin: 0px;padding: 0px;font-weight: 450;font-size: 14px;line-height: 21px;color: var(--dark-grey2);font-family: Lato, sans-serif;font-style: normal;letter-spacing: normal;text-align: start;text-indent: 0px;text-transform: none\">Produto: VENTILADOR COL.50CM 200W BIV.PT DEL<br \/>\nMarca: Ventidelta<br \/>\nMaterial: Pl\u00e1stico, alum\u00ednio, a\u00e7o.<br \/>\nCor: Preto<br \/>\nCaracter\u00edsticas<br \/>\n&#8211; Pot\u00eancia: 200w<br \/>\n&#8211; Rolamentos no motor: 2<br \/>\n&#8211; Rota\u00e7\u00e3o M\u00e1xima: 1.430 rpm<br \/>\n&#8211; H\u00e9lice: 4 p\u00e1s<br \/>\n&#8211; Protetor T\u00e9rmico: Sim<br \/>\n&#8211; \u00c1rea de Ventila\u00e7\u00e3o: 40m\u00b2<br \/>\n&#8211; Vaz\u00e3o: 230m\u00b3\/min<br \/>\n&#8211; Voltagem: Bivolt<br \/>\n&#8211; Controle de Velocidade: Chave Circuito<br \/>\n&#8211; Comprimento cabo de alimenta\u00e7\u00e3o: 2,00m<br \/>\n&#8211; Garantia: 12 meses<br \/>\n&#8211; Altura da Coluna: 1,20m a 1,90m<br \/>\nDimens\u00f5es da Embalagem: (C x L x A)<br \/>\n60 x 17 x 76 cm<br \/>\nPeso Bruto: 7,15 Kg<br \/>\nPeso L\u00edquido: 6,295 Kg<\/span><\/p>\n","protected":false},"featured_media":26275,"template":"","meta":{"_joinchat":[]},"product_brand":[],"product_cat":[149],"product_tag":[],"class_list":{"0":"post-16935","1":"product","2":"type-product","3":"status-publish","4":"has-post-thumbnail","6":"product_cat-ventiladores-comerciais","8":"first","9":"outofstock","10":"shipping-taxable","11":"product-type-simple"},"_links":{"self":[{"href":"https:\/\/www.multicasa.com.br\/inicio\/wp-json\/wp\/v2\/product\/16935","targetHints":{"allow":["GET"]}}],"collection":[{"href":"https:\/\/www.multicasa.com.br\/inicio\/wp-json\/wp\/v2\/product"}],"about":[{"href":"https:\/\/www.multicasa.com.br\/inicio\/wp-json\/wp\/v2\/types\/product"}],"wp:featuredmedia":[{"embeddable":true,"href":"https:\/\/www.multicasa.com.br\/inicio\/wp-json\/wp\/v2\/media\/26275"}],"wp:attachment":[{"href":"https:\/\/www.multicasa.com.br\/inicio\/wp-json\/wp\/v2\/media?parent=16935"}],"wp:term":[{"taxonomy":"product_brand","embeddable":true,"href":"https:\/\/www.multicasa.com.br\/inicio\/wp-json\/wp\/v2\/product_brand?post=16935"},{"taxonomy":"product_cat","embeddable":true,"href":"https:\/\/www.multicasa.com.br\/inicio\/wp-json\/wp\/v2\/product_cat?post=16935"},{"taxonomy":"product_tag","embeddable":true,"href":"https:\/\/www.multicasa.com.br\/inicio\/wp-json\/wp\/v2\/product_tag?post=16935"}],"curies":[{"name":"wp","href":"https:\/\/api.w.org\/{rel}","templated":true}]}}