{"id":16936,"date":"2025-06-20T19:15:27","date_gmt":"2025-06-20T23:15:27","guid":{"rendered":"https:\/\/www.multicasa.com.br\/inicio\/?post_type=product&#038;p=16936"},"modified":"2025-07-01T13:58:14","modified_gmt":"2025-07-01T17:58:14","slug":"renovador-ar-m150-bivolt-westaflex","status":"publish","type":"product","link":"https:\/\/www.multicasa.com.br\/inicio\/produto\/renovador-ar-m150-bivolt-westaflex\/","title":{"rendered":"Renovador Ar M150 Bivolt Westaflex"},"content":{"rendered":"<p>O Ventokit M150A \u00e9 indicado para ambientes com pouca ou nenhuma ventila\u00e7\u00e3o. Produto promove a ventila\u00e7\u00e3o mec\u00e2nica, evitando a forma\u00e7\u00e3o de mofo, umidade e mau cheiro. Esse renovador de ar \u00e9 pr\u00f3prio para instala\u00e7\u00f5es em paredes e quando adaptados a tubos flex\u00edveis podem tamb\u00e9m ser instalados em forros.<\/p>\n","protected":false},"excerpt":{"rendered":"<h4 style=\"margin: 0px;padding: 0px 0px 16px;font-family: Lato, sans-serif;font-weight: bold;line-height: 3rem;color: var(--dark-grey3);font-size: 22px;font-style: normal;letter-spacing: normal;text-align: start;text-indent: 0px;text-transform: none\">Informa\u00e7\u00f5es t\u00e9cnicas<\/h4>\n<p><span style=\"margin: 0px;padding: 0px;font-weight: 450;font-size: 14px;line-height: 21px;color: var(--dark-grey2);font-family: Lato, sans-serif;font-style: normal;letter-spacing: normal;text-align: start;text-indent: 0px;text-transform: none\">Produto: RENOVADOR AR M150 BIV.WESTAFLEX<br \/>\nMarca: Westaflex<br \/>\nMaterial: PSAI (Poliestireno de alto impacto) com anti-UV.<br \/>\nCor: Branco<br \/>\nCaracter\u00edsticas<br \/>\n&#8211; Modelo: 150<br \/>\n&#8211; Capacidade de renova\u00e7\u00e3o nominal: 150m\u00b3\/h<br \/>\n&#8211; Intensidade de corrente el\u00e9trica: 0,19A (127V)  0,09A (220V)<br \/>\n&#8211; Pot\u00eancia nominal do aparelho: 20W<br \/>\n&#8211; Pot\u00eancia sonora: &lt;59.7 dB(A)<br \/>\n&#8211; Tens\u00e3o: Bivolt (127V \/ 220V)<br \/>\n&#8211; Recomendado para ambientes de at\u00e9: 8m\u00b2<br \/>\n&#8211; Adapt\u00e1vel a tubos de: \u00d8125mm<br \/>\n&#8211; Conte\u00fado: Bloco motor, gabarito, parafusos e buchas<br \/>\n&#8211; Garantia: 3 anos<br \/>\n&#8211; C\u00f3digo do fabricante: 03005500011<br \/>\nDimens\u00f5es<br \/>\nAltura: 152mm<br \/>\nLargura: 115mm<br \/>\nComprimento: 152mm<br \/>\nDi\u00e2metro: \u00d8119mm<\/span><\/p>\n","protected":false},"featured_media":27477,"template":"","meta":{"_joinchat":[]},"product_brand":[],"product_cat":[69],"product_tag":[],"class_list":{"0":"post-16936","1":"product","2":"type-product","3":"status-publish","4":"has-post-thumbnail","6":"product_cat-acessorios-para-banheiro","8":"first","9":"outofstock","10":"shipping-taxable","11":"product-type-simple"},"_links":{"self":[{"href":"https:\/\/www.multicasa.com.br\/inicio\/wp-json\/wp\/v2\/product\/16936","targetHints":{"allow":["GET"]}}],"collection":[{"href":"https:\/\/www.multicasa.com.br\/inicio\/wp-json\/wp\/v2\/product"}],"about":[{"href":"https:\/\/www.multicasa.com.br\/inicio\/wp-json\/wp\/v2\/types\/product"}],"wp:featuredmedia":[{"embeddable":true,"href":"https:\/\/www.multicasa.com.br\/inicio\/wp-json\/wp\/v2\/media\/27477"}],"wp:attachment":[{"href":"https:\/\/www.multicasa.com.br\/inicio\/wp-json\/wp\/v2\/media?parent=16936"}],"wp:term":[{"taxonomy":"product_brand","embeddable":true,"href":"https:\/\/www.multicasa.com.br\/inicio\/wp-json\/wp\/v2\/product_brand?post=16936"},{"taxonomy":"product_cat","embeddable":true,"href":"https:\/\/www.multicasa.com.br\/inicio\/wp-json\/wp\/v2\/product_cat?post=16936"},{"taxonomy":"product_tag","embeddable":true,"href":"https:\/\/www.multicasa.com.br\/inicio\/wp-json\/wp\/v2\/product_tag?post=16936"}],"curies":[{"name":"wp","href":"https:\/\/api.w.org\/{rel}","templated":true}]}}