{"id":16937,"date":"2025-06-20T19:15:27","date_gmt":"2025-06-20T23:15:27","guid":{"rendered":"https:\/\/www.multicasa.com.br\/inicio\/?post_type=product&#038;p=16937"},"modified":"2025-08-17T19:03:28","modified_gmt":"2025-08-17T23:03:28","slug":"lampada-led-bulbo-15w-bivolt-bc-lorenzetti","status":"publish","type":"product","link":"https:\/\/www.multicasa.com.br\/inicio\/produto\/lampada-led-bulbo-15w-bivolt-bc-lorenzetti\/","title":{"rendered":"Lampada Led Bulbo 15W Bivolt Bc Lorenzetti"},"content":{"rendered":"<p>Ideal para substituir as l\u00e2mpadas incandescentes e eletr\u00f4nicas. Uma l\u00e2mpada vers\u00e1til que permite a aplica\u00e7\u00e3o em diversos ambientes comerciais e residenciais. Perfeita para lumin\u00e1rias decorativas e spots. Uso em hot\u00e9is, lojas, restaurantes, entre outros. Sua tonalidade branco frio \u00e9 indicada para ambientes que necessitam de ilumina\u00e7\u00e3o mais estimulante, geralmente s\u00e3o utilizadas em locais de trabalho, \u00e1reas de servi\u00e7o, salas de aulas, entre outros.<\/p>\n","protected":false},"excerpt":{"rendered":"<h4 style=\"margin: 0px;padding: 0px 0px 16px;font-family: Lato, sans-serif;font-weight: bold;line-height: 3rem;color: var(--dark-grey3);font-size: 22px;font-style: normal;letter-spacing: normal;text-align: start;text-indent: 0px;text-transform: none\">Informa\u00e7\u00f5es t\u00e9cnicas<\/h4>\n<p><span style=\"margin: 0px;padding: 0px;font-weight: 450;font-size: 14px;line-height: 21px;color: var(--dark-grey2);font-family: Lato, sans-serif;font-style: normal;letter-spacing: normal;text-align: start;text-indent: 0px;text-transform: none\">Produto: LAMPADA LED BULBO 15W BIV.BC LORENZ<br \/>\nMarca: Lorenzetti<br \/>\nCor: Branco<br \/>\nCaracter\u00edsticas<br \/>\n&#8211; Baixa emiss\u00e3o de calor<br \/>\n&#8211; Maior efici\u00eancia luminosa<br \/>\n&#8211; Alta durabilidade<br \/>\n&#8211; Ecoeficiante: n\u00e3o emite raios ultravioletas, n\u00e3o emite radia\u00e7\u00e3o infravermelha, n\u00e3o cont\u00e9m merc\u00fario<br \/>\n&#8211; Economiza 86% de energia el\u00e9trica<br \/>\n&#8211; Vida mediana 25.000h.<br \/>\nDimens\u00f5es do produto<br \/>\n&#8211; ?6.2 x 6.2 x 12 cm; 75 g<\/span><\/p>\n","protected":false},"featured_media":27367,"template":"","meta":{"_joinchat":[]},"product_brand":[],"product_cat":[80],"product_tag":[],"class_list":{"0":"post-16937","1":"product","2":"type-product","3":"status-publish","4":"has-post-thumbnail","6":"product_cat-lampadas","8":"first","9":"outofstock","10":"shipping-taxable","11":"purchasable","12":"product-type-simple"},"_links":{"self":[{"href":"https:\/\/www.multicasa.com.br\/inicio\/wp-json\/wp\/v2\/product\/16937","targetHints":{"allow":["GET"]}}],"collection":[{"href":"https:\/\/www.multicasa.com.br\/inicio\/wp-json\/wp\/v2\/product"}],"about":[{"href":"https:\/\/www.multicasa.com.br\/inicio\/wp-json\/wp\/v2\/types\/product"}],"wp:featuredmedia":[{"embeddable":true,"href":"https:\/\/www.multicasa.com.br\/inicio\/wp-json\/wp\/v2\/media\/27367"}],"wp:attachment":[{"href":"https:\/\/www.multicasa.com.br\/inicio\/wp-json\/wp\/v2\/media?parent=16937"}],"wp:term":[{"taxonomy":"product_brand","embeddable":true,"href":"https:\/\/www.multicasa.com.br\/inicio\/wp-json\/wp\/v2\/product_brand?post=16937"},{"taxonomy":"product_cat","embeddable":true,"href":"https:\/\/www.multicasa.com.br\/inicio\/wp-json\/wp\/v2\/product_cat?post=16937"},{"taxonomy":"product_tag","embeddable":true,"href":"https:\/\/www.multicasa.com.br\/inicio\/wp-json\/wp\/v2\/product_tag?post=16937"}],"curies":[{"name":"wp","href":"https:\/\/api.w.org\/{rel}","templated":true}]}}