{"id":16938,"date":"2025-06-20T19:15:27","date_gmt":"2025-06-20T23:15:27","guid":{"rendered":"https:\/\/www.multicasa.com.br\/inicio\/?post_type=product&#038;p=16938"},"modified":"2026-04-18T15:20:08","modified_gmt":"2026-04-18T19:20:08","slug":"refletor-led-20w-ip65-led","status":"publish","type":"product","link":"https:\/\/www.multicasa.com.br\/inicio\/produto\/refletor-led-20w-ip65-led\/","title":{"rendered":"Refletor Led 20W Ip65 Led"},"content":{"rendered":"<p>Refletor DEEP HIGH TECH, possui design slim e compacto, com um alto fluxo luminoso, estruturado em alum\u00ednio com pintura ep\u00f3xi preta e vidro temperado. Modelo com LED integrado, pronto para instalar. Ideal para ambientes externos.<\/p>\n","protected":false},"excerpt":{"rendered":"<h4 style=\"margin: 0px;padding: 0px 0px 16px;font-family: Lato, sans-serif;font-weight: bold;line-height: 3rem;color: var(--dark-grey3);font-size: 22px;font-style: normal;letter-spacing: normal;text-align: start;text-indent: 0px;text-transform: none\">Informa\u00e7\u00f5es t\u00e9cnicas<\/h4>\n<p><span style=\"margin: 0px;padding: 0px;font-weight: 450;font-size: 14px;line-height: 21px;color: var(--dark-grey2);font-family: Lato, sans-serif;font-style: normal;letter-spacing: normal;text-align: start;text-indent: 0px;text-transform: none\">Produto: REFLETOR LED 20W IP65 PT 6.5K led<br \/>\nMarca: Alum\u00ednio<br \/>\nCor: Preto<br \/>\nCaracter\u00edsticas<br \/>\n&#8211; Uso externo<br \/>\n&#8211; Fator de pot\u00eancia &gt;0.9<br \/>\n&#8211; 2 anos de garantia<br \/>\n&#8211; Vida \u00fatil do led 25.000<br \/>\n&#8211; Grau de prote\u00e7\u00e3o IP65<br \/>\n&#8211; Tens\u00e3o bivolt 100-240V<br \/>\n&#8211; Temperatura da cor: 6.5k<br \/>\n&#8211; Cor da l\u00e2mpada: branco-frio.<br \/>\nDimens\u00f5es do produto<br \/>\n&#8211; 30 x 132 x 96mm<\/span><\/p>\n","protected":false},"featured_media":25899,"template":"","meta":{"_joinchat":[]},"product_brand":[],"product_cat":[145],"product_tag":[],"class_list":{"0":"post-16938","1":"product","2":"type-product","3":"status-publish","4":"has-post-thumbnail","6":"product_cat-leds-comerciais","8":"first","9":"instock","10":"shipping-taxable","11":"purchasable","12":"product-type-simple"},"_links":{"self":[{"href":"https:\/\/www.multicasa.com.br\/inicio\/wp-json\/wp\/v2\/product\/16938","targetHints":{"allow":["GET"]}}],"collection":[{"href":"https:\/\/www.multicasa.com.br\/inicio\/wp-json\/wp\/v2\/product"}],"about":[{"href":"https:\/\/www.multicasa.com.br\/inicio\/wp-json\/wp\/v2\/types\/product"}],"wp:featuredmedia":[{"embeddable":true,"href":"https:\/\/www.multicasa.com.br\/inicio\/wp-json\/wp\/v2\/media\/25899"}],"wp:attachment":[{"href":"https:\/\/www.multicasa.com.br\/inicio\/wp-json\/wp\/v2\/media?parent=16938"}],"wp:term":[{"taxonomy":"product_brand","embeddable":true,"href":"https:\/\/www.multicasa.com.br\/inicio\/wp-json\/wp\/v2\/product_brand?post=16938"},{"taxonomy":"product_cat","embeddable":true,"href":"https:\/\/www.multicasa.com.br\/inicio\/wp-json\/wp\/v2\/product_cat?post=16938"},{"taxonomy":"product_tag","embeddable":true,"href":"https:\/\/www.multicasa.com.br\/inicio\/wp-json\/wp\/v2\/product_tag?post=16938"}],"curies":[{"name":"wp","href":"https:\/\/api.w.org\/{rel}","templated":true}]}}