{"id":16940,"date":"2025-06-20T19:15:28","date_gmt":"2025-06-20T23:15:28","guid":{"rendered":"https:\/\/www.multicasa.com.br\/inicio\/?post_type=product&#038;p=16940"},"modified":"2025-08-18T01:34:08","modified_gmt":"2025-08-18T05:34:08","slug":"lampada-led-par38-14w-bivolt-am-philips","status":"publish","type":"product","link":"https:\/\/www.multicasa.com.br\/inicio\/produto\/lampada-led-par38-14w-bivolt-am-philips\/","title":{"rendered":"Lampada Led Par38 14W Bivolt Am Philips"},"content":{"rendered":"<p>Os refletores LED da Philips com um \u00fanico feixe \u00f3ptico fornecem um feixe limpo e sem sombras com \u00e2ngulos de feixe de 15 e 40 graus para se adequar a todas as aplica\u00e7\u00f5es de ilumina\u00e7\u00e3o geral. Aplica\u00e7\u00f5es: Hot\u00e9is, restaurantes, bares, caf\u00e9s, sagu\u00f5es, lojas de varejo, museus e exposi\u00e7\u00f5es.<\/p>\n","protected":false},"excerpt":{"rendered":"<h4 style=\"margin: 0px;padding: 0px 0px 16px;font-family: Lato, sans-serif;font-weight: bold;line-height: 3rem;color: var(--dark-grey3);font-size: 22px;font-style: normal;letter-spacing: normal;text-align: start;text-indent: 0px;text-transform: none\">Informa\u00e7\u00f5es t\u00e9cnicas<\/h4>\n<p><span style=\"margin: 0px;padding: 0px;font-weight: 450;font-size: 14px;line-height: 21px;color: var(--dark-grey2);font-family: Lato, sans-serif;font-style: normal;letter-spacing: normal;text-align: start;text-indent: 0px;text-transform: none\">Produto: LAMPADA LED PAR38 14W BIV.AM PHILIP<br \/>\nMarca: Philips<br \/>\nMaterial: Alum\u00ednio e pl\u00e1stico.<br \/>\nCor: Amarelo<br \/>\nCaracter\u00edsticas<br \/>\n&#8211; At\u00e9 80% de economia de energia em compara\u00e7\u00e3o com l\u00e2mpadas hal\u00f3genas;<br \/>\n&#8211; Custos de manuten\u00e7\u00e3o menores;<br \/>\n&#8211; N\u00e3o causar\u00e1 desbotamento ou danos;<br \/>\n&#8211; Vida \u00fatil de at\u00e9 40.000 horas;<br \/>\n&#8211; At\u00e9 CRI95;<br \/>\n&#8211; N\u00e3o cont\u00e9m merc\u00fario;<br \/>\n&#8211; Os feixes praticamente n\u00e3o emitem UV\/IR;<br \/>\n&#8211; Variando entre 3 a 5 anos de garantia limitada<br \/>\n&#8211; Designa\u00e7\u00e3o da cor: Branco quente (WW)<br \/>\n&#8211; \u00c2ngulo do feixe (Nom.): 25 \u00b0<br \/>\n&#8211; Fluxo luminoso (Nom.): 1250 lm<br \/>\n&#8211; Intensidade luminosa (Nom.): 5000 cd<br \/>\n&#8211; Temperatura de cor correlacionada (Nom.): 2700 K<br \/>\n&#8211; E?ci\u00eancia luminosa (nominal) (Nom.) 89,29 lm\/W<br \/>\n&#8211; Consist\u00eancia da cor &lt;6<br \/>\n&#8211; \u00cdndice de restitui\u00e7\u00e3o crom\u00e1tica (Nom.) 80<br \/>\n&#8211; LLMF no ?nal da vida \u00fatil nominal (Nom.) 70 %<\/p>\n<p>Dimens\u00f5es (D x C)<br \/>\n120 x 133mm<\/span><\/p>\n","protected":false},"featured_media":25451,"template":"","meta":{"_joinchat":[]},"product_brand":[],"product_cat":[80],"product_tag":[],"class_list":{"0":"post-16940","1":"product","2":"type-product","3":"status-publish","4":"has-post-thumbnail","6":"product_cat-lampadas","8":"first","9":"outofstock","10":"shipping-taxable","11":"purchasable","12":"product-type-simple"},"_links":{"self":[{"href":"https:\/\/www.multicasa.com.br\/inicio\/wp-json\/wp\/v2\/product\/16940","targetHints":{"allow":["GET"]}}],"collection":[{"href":"https:\/\/www.multicasa.com.br\/inicio\/wp-json\/wp\/v2\/product"}],"about":[{"href":"https:\/\/www.multicasa.com.br\/inicio\/wp-json\/wp\/v2\/types\/product"}],"wp:featuredmedia":[{"embeddable":true,"href":"https:\/\/www.multicasa.com.br\/inicio\/wp-json\/wp\/v2\/media\/25451"}],"wp:attachment":[{"href":"https:\/\/www.multicasa.com.br\/inicio\/wp-json\/wp\/v2\/media?parent=16940"}],"wp:term":[{"taxonomy":"product_brand","embeddable":true,"href":"https:\/\/www.multicasa.com.br\/inicio\/wp-json\/wp\/v2\/product_brand?post=16940"},{"taxonomy":"product_cat","embeddable":true,"href":"https:\/\/www.multicasa.com.br\/inicio\/wp-json\/wp\/v2\/product_cat?post=16940"},{"taxonomy":"product_tag","embeddable":true,"href":"https:\/\/www.multicasa.com.br\/inicio\/wp-json\/wp\/v2\/product_tag?post=16940"}],"curies":[{"name":"wp","href":"https:\/\/api.w.org\/{rel}","templated":true}]}}