{"id":16942,"date":"2025-06-20T19:15:28","date_gmt":"2025-06-20T23:15:28","guid":{"rendered":"https:\/\/www.multicasa.com.br\/inicio\/?post_type=product&#038;p=16942"},"modified":"2025-10-20T10:04:07","modified_gmt":"2025-10-20T14:04:07","slug":"quadro-distribuicao-28-disjuntores-100a-andaluz","status":"publish","type":"product","link":"https:\/\/www.multicasa.com.br\/inicio\/produto\/quadro-distribuicao-28-disjuntores-100a-andaluz\/","title":{"rendered":"Quadro Distribui\u00e7\u00e3o 28 Disjuntores 100A Andaluz"},"content":{"rendered":"<p>A Andaluz desenvolveu uma nova linha de quadros de disjuntores para situa\u00e7\u00f5es em que o profissional n\u00e3o possui muito espa\u00e7o para instala\u00e7\u00e3o. Os Quadros de Disjuntores Andaluz Linha Prata foram projetados com medidas compactas para se adaptarem \u00e0s necessidades do instalador. Dispon\u00edveis nos modelos de sobrepor e embutir, os quadros de disjuntores DIN se destacam pela qualidade, versatilidade e praticidade nas instala\u00e7\u00f5es el\u00e9tricas. <\/p>\n","protected":false},"excerpt":{"rendered":"<h4 style=\"margin: 0px;padding: 0px 0px 16px;font-family: Lato, sans-serif;font-weight: bold;line-height: 3rem;color: var(--dark-grey3);font-size: 22px;font-style: normal;letter-spacing: normal;text-align: start;text-indent: 0px;text-transform: none\">Informa\u00e7\u00f5es t\u00e9cnicas<\/h4>\n<p><span style=\"margin: 0px;padding: 0px;font-weight: 450;font-size: 14px;line-height: 21px;color: var(--dark-grey2);font-family: Lato, sans-serif;font-style: normal;letter-spacing: normal;text-align: start;text-indent: 0px;text-transform: none\">Produto: QUADRO EMB.C\/B TF 28D 100A BC ANDAL<br \/>\nMarca: Andaluz<br \/>\nMaterial: A\u00e7o galvanizado<br \/>\nCor: Branco<br \/>\nCaracter\u00edsticas<br \/>\n&#8211; Tampa: Possui regulagem de profundidade, ajust\u00e1vel por meio de parafusos, para que o quadro fique perfeitamente nivelado com a parede.<br \/>\n&#8211; Caixa: Estrutura montada com parafusos para fixa\u00e7\u00e3o da placa de montagem. Possui aterramento e barramento neutro.<br \/>\n&#8211; Placa de Montagem: Pode ser removida da caixa para ser efetuada a montagem dos disjuntores em bancada. Sua fixa\u00e7\u00e3o \u00e9 feita por meio de parafusos existentes na caixa, que permitem a perfeita regulagem dos disjuntores junto ao espelho.<br \/>\n&#8211; Sistema El\u00e9trico: Barramentos, em cobre eletrol\u00edtico, acoplados \u00e0 pr\u00f3pria placa, dimensionados de 100 a 225 A.<br \/>\nDimens\u00f5es (A X B X C X D X E)<br \/>\n270 X 540 X 330\tX 500 X\t100.<\/span><\/p>\n","protected":false},"featured_media":27457,"template":"","meta":{"_joinchat":[]},"product_brand":[],"product_cat":[122],"product_tag":[],"class_list":{"0":"post-16942","1":"product","2":"type-product","3":"status-publish","4":"has-post-thumbnail","6":"product_cat-quadros-e-cia","8":"first","9":"outofstock","10":"shipping-taxable","11":"purchasable","12":"product-type-simple"},"_links":{"self":[{"href":"https:\/\/www.multicasa.com.br\/inicio\/wp-json\/wp\/v2\/product\/16942","targetHints":{"allow":["GET"]}}],"collection":[{"href":"https:\/\/www.multicasa.com.br\/inicio\/wp-json\/wp\/v2\/product"}],"about":[{"href":"https:\/\/www.multicasa.com.br\/inicio\/wp-json\/wp\/v2\/types\/product"}],"wp:featuredmedia":[{"embeddable":true,"href":"https:\/\/www.multicasa.com.br\/inicio\/wp-json\/wp\/v2\/media\/27457"}],"wp:attachment":[{"href":"https:\/\/www.multicasa.com.br\/inicio\/wp-json\/wp\/v2\/media?parent=16942"}],"wp:term":[{"taxonomy":"product_brand","embeddable":true,"href":"https:\/\/www.multicasa.com.br\/inicio\/wp-json\/wp\/v2\/product_brand?post=16942"},{"taxonomy":"product_cat","embeddable":true,"href":"https:\/\/www.multicasa.com.br\/inicio\/wp-json\/wp\/v2\/product_cat?post=16942"},{"taxonomy":"product_tag","embeddable":true,"href":"https:\/\/www.multicasa.com.br\/inicio\/wp-json\/wp\/v2\/product_tag?post=16942"}],"curies":[{"name":"wp","href":"https:\/\/api.w.org\/{rel}","templated":true}]}}