{"id":16946,"date":"2025-06-20T19:15:28","date_gmt":"2025-06-20T23:15:28","guid":{"rendered":"https:\/\/www.multicasa.com.br\/inicio\/?post_type=product&#038;p=16946"},"modified":"2025-08-18T01:34:11","modified_gmt":"2025-08-18T05:34:11","slug":"lampada-led-ar111-10w-bivolt-amarelo-luminatti","status":"publish","type":"product","link":"https:\/\/www.multicasa.com.br\/inicio\/produto\/lampada-led-ar111-10w-bivolt-amarelo-luminatti\/","title":{"rendered":"L\u00e2mpada Led Ar111 10W Bivolt Amarelo Luminatti"},"content":{"rendered":"<p>A l\u00e2mpada led AR111 10W da Luminati \u00e9 ideal para foco de luz, as l\u00e2mpadas AR111 sem base, tem \u00f3tima intensidade e qualidade de luz, garantindo assim, um \u00f3timo desempenho.<\/p>\n","protected":false},"excerpt":{"rendered":"<h4 style=\"margin: 0px;padding: 0px 0px 16px;font-family: Lato, sans-serif;font-weight: bold;line-height: 3rem;color: var(--dark-grey3);font-size: 22px;font-style: normal;letter-spacing: normal;text-align: start;text-indent: 0px;text-transform: none\">Informa\u00e7\u00f5es t\u00e9cnicas<\/h4>\n<p><span style=\"margin: 0px;padding: 0px;font-weight: 450;font-size: 14px;line-height: 21px;color: var(--dark-grey2);font-family: Lato, sans-serif;font-style: normal;letter-spacing: normal;text-align: start;text-indent: 0px;text-transform: none\">Produto: L\u00c2MPADA LED AR111 10W BIV.<br \/>\nMarca: Luminatti<br \/>\nCor: Cinza<br \/>\nCaracter\u00edsticas<br \/>\n&#8211; Efici\u00eancia: 80lm\/W<br \/>\n&#8211; Fluxo Luminoso: 800lm<br \/>\n&#8211; \u00c2ngulo de radia\u00e7\u00e3o: 24\u00ba<br \/>\n&#8211; Base: Sem base<br \/>\n&#8211; Voltagem: 127-220V<br \/>\n&#8211; Frequ\u00eancia: 60Hz<br \/>\n&#8211; FP: 0,5<br \/>\n&#8211; Vida \u00fatil: 25.000<br \/>\n&#8211; IRC: 70<br \/>\nDimens\u00e3o<br \/>\n55 X 25 mm<\/span><\/p>\n","protected":false},"featured_media":25414,"template":"","meta":{"_joinchat":[]},"product_brand":[],"product_cat":[80],"product_tag":[],"class_list":{"0":"post-16946","1":"product","2":"type-product","3":"status-publish","4":"has-post-thumbnail","6":"product_cat-lampadas","8":"first","9":"instock","10":"shipping-taxable","11":"purchasable","12":"product-type-simple"},"_links":{"self":[{"href":"https:\/\/www.multicasa.com.br\/inicio\/wp-json\/wp\/v2\/product\/16946","targetHints":{"allow":["GET"]}}],"collection":[{"href":"https:\/\/www.multicasa.com.br\/inicio\/wp-json\/wp\/v2\/product"}],"about":[{"href":"https:\/\/www.multicasa.com.br\/inicio\/wp-json\/wp\/v2\/types\/product"}],"wp:featuredmedia":[{"embeddable":true,"href":"https:\/\/www.multicasa.com.br\/inicio\/wp-json\/wp\/v2\/media\/25414"}],"wp:attachment":[{"href":"https:\/\/www.multicasa.com.br\/inicio\/wp-json\/wp\/v2\/media?parent=16946"}],"wp:term":[{"taxonomy":"product_brand","embeddable":true,"href":"https:\/\/www.multicasa.com.br\/inicio\/wp-json\/wp\/v2\/product_brand?post=16946"},{"taxonomy":"product_cat","embeddable":true,"href":"https:\/\/www.multicasa.com.br\/inicio\/wp-json\/wp\/v2\/product_cat?post=16946"},{"taxonomy":"product_tag","embeddable":true,"href":"https:\/\/www.multicasa.com.br\/inicio\/wp-json\/wp\/v2\/product_tag?post=16946"}],"curies":[{"name":"wp","href":"https:\/\/api.w.org\/{rel}","templated":true}]}}