{"id":16948,"date":"2025-06-20T19:15:29","date_gmt":"2025-06-20T23:15:29","guid":{"rendered":"https:\/\/www.multicasa.com.br\/inicio\/?post_type=product&#038;p=16948"},"modified":"2025-08-16T18:30:18","modified_gmt":"2025-08-16T22:30:18","slug":"espeto-led-7w-bivolt-3-0k-pt-luminatti","status":"publish","type":"product","link":"https:\/\/www.multicasa.com.br\/inicio\/produto\/espeto-led-7w-bivolt-3-0k-pt-luminatti\/","title":{"rendered":"Espeto Led 7W Bivolt 3.0K Pt Luminatti"},"content":{"rendered":"<p>Indicado para ilumina\u00e7\u00e3o de ambientes externos, o espeto de jardim de led 7W 3.0k da luminatti \u00e9 vers\u00e1til, resistente e possui um excelente custo benef\u00edcio. Com \u00cdndice de Prote\u00e7\u00e3o 65 (IP65), est\u00e1 protegido de jatos de \u00e1gua e poeira e pode ser instalada facilmente em paredes de \u00e1reas externas.<\/p>\n","protected":false},"excerpt":{"rendered":"<h4 style=\"margin: 0px;padding: 0px 0px 16px;font-family: Lato, sans-serif;font-weight: bold;line-height: 3rem;color: var(--dark-grey3);font-size: 22px;font-style: normal;letter-spacing: normal;text-align: start;text-indent: 0px;text-transform: none\">Informa\u00e7\u00f5es t\u00e9cnicas<\/h4>\n<p><span style=\"margin: 0px;padding: 0px;font-weight: 450;font-size: 14px;line-height: 21px;color: var(--dark-grey2);font-family: Lato, sans-serif;font-style: normal;letter-spacing: normal;text-align: start;text-indent: 0px;text-transform: none\">Produto: ESPETO LED 7W BIV.3.0K PT LUMINATTI<br \/>\nMarca: Luminatti<br \/>\nCor: Preto<br \/>\nCaracter\u00edsticas<br \/>\n&#8211; Efici\u00eancia: 64lm\/W<br \/>\n&#8211; Fluxo Luminoso: 450lm<br \/>\n&#8211; \u00c2ngulo de radia\u00e7\u00e3o: 38\u00ba<br \/>\n&#8211; Voltagem: 127-220V<br \/>\n&#8211; Frequ\u00eancia: 60Hz<br \/>\n&#8211; FP: 0,5<br \/>\n&#8211; Vida \u00fatil: 15.000<br \/>\nDimens\u00e3o<br \/>\n75X430mm<\/span><\/p>\n","protected":false},"featured_media":25139,"template":"","meta":{"_joinchat":[]},"product_brand":[],"product_cat":[157],"product_tag":[],"class_list":{"0":"post-16948","1":"product","2":"type-product","3":"status-publish","4":"has-post-thumbnail","6":"product_cat-leds-decorativos","8":"first","9":"outofstock","10":"shipping-taxable","11":"product-type-simple"},"_links":{"self":[{"href":"https:\/\/www.multicasa.com.br\/inicio\/wp-json\/wp\/v2\/product\/16948","targetHints":{"allow":["GET"]}}],"collection":[{"href":"https:\/\/www.multicasa.com.br\/inicio\/wp-json\/wp\/v2\/product"}],"about":[{"href":"https:\/\/www.multicasa.com.br\/inicio\/wp-json\/wp\/v2\/types\/product"}],"wp:featuredmedia":[{"embeddable":true,"href":"https:\/\/www.multicasa.com.br\/inicio\/wp-json\/wp\/v2\/media\/25139"}],"wp:attachment":[{"href":"https:\/\/www.multicasa.com.br\/inicio\/wp-json\/wp\/v2\/media?parent=16948"}],"wp:term":[{"taxonomy":"product_brand","embeddable":true,"href":"https:\/\/www.multicasa.com.br\/inicio\/wp-json\/wp\/v2\/product_brand?post=16948"},{"taxonomy":"product_cat","embeddable":true,"href":"https:\/\/www.multicasa.com.br\/inicio\/wp-json\/wp\/v2\/product_cat?post=16948"},{"taxonomy":"product_tag","embeddable":true,"href":"https:\/\/www.multicasa.com.br\/inicio\/wp-json\/wp\/v2\/product_tag?post=16948"}],"curies":[{"name":"wp","href":"https:\/\/api.w.org\/{rel}","templated":true}]}}