{"id":16949,"date":"2025-06-20T19:15:29","date_gmt":"2025-06-20T23:15:29","guid":{"rendered":"https:\/\/www.multicasa.com.br\/inicio\/?post_type=product&#038;p=16949"},"modified":"2025-08-17T19:03:34","modified_gmt":"2025-08-17T23:03:34","slug":"lixeira-plastica-50l-c-pedal-pt-tramo","status":"publish","type":"product","link":"https:\/\/www.multicasa.com.br\/inicio\/produto\/lixeira-plastica-50l-c-pedal-pt-tramo\/","title":{"rendered":"Lixeira Plastica 50L C\/Pedal Pt Tramo"},"content":{"rendered":"<p>Leve mais praticidade e bom gosto para a hora da limpeza e organiza\u00e7\u00e3o dos ambientes. Com a Lixeira Tramontina T-Force 50L em Polipropileno, a funcionalidade e estilo est\u00e3o garantidos. \u00c9 uma lixeira articul\u00e1vel com superf\u00edcie lisa, que facilita a limpeza. Possui tampa acionada por pedal, e haste de acionamento resistente, que garante a mesma abertura de tampa por um longo tempo. Tem capacidade de 50 litros.<\/p>\n","protected":false},"excerpt":{"rendered":"<h4 style=\"margin: 0px;padding: 0px 0px 16px;font-family: Lato, sans-serif;font-weight: bold;line-height: 3rem;color: var(--dark-grey3);font-size: 22px;font-style: normal;letter-spacing: normal;text-align: start;text-indent: 0px;text-transform: none\">Informa\u00e7\u00f5es t\u00e9cnicas<\/h4>\n<p><span style=\"margin: 0px;padding: 0px;font-weight: 450;font-size: 14px;line-height: 21px;color: var(--dark-grey2);font-family: Lato, sans-serif;font-style: normal;letter-spacing: normal;text-align: start;text-indent: 0px;text-transform: none\">Produto: LIXEIRA PLAST.50L C\/PEDAL PT TRAMO<br \/>\nMaterial: Polipropileno<br \/>\nMarca: Tramontina<br \/>\nCor: Preto<br \/>\nCaracter\u00edsticas<br \/>\n&#8211; Volume: 50L<br \/>\n&#8211; Produzido em Polipropileno<br \/>\n&#8211; Sacos de lixo recomendados: 100L<\/p>\n<p>Dimens\u00e3o<br \/>\n69,5 x 43 x 39cm  <\/span><\/p>\n","protected":false},"featured_media":25468,"template":"","meta":{"_joinchat":[]},"product_brand":[],"product_cat":[99],"product_tag":[],"class_list":{"0":"post-16949","1":"product","2":"type-product","3":"status-publish","4":"has-post-thumbnail","6":"product_cat-lixeiras","8":"first","9":"outofstock","10":"shipping-taxable","11":"purchasable","12":"product-type-simple"},"_links":{"self":[{"href":"https:\/\/www.multicasa.com.br\/inicio\/wp-json\/wp\/v2\/product\/16949","targetHints":{"allow":["GET"]}}],"collection":[{"href":"https:\/\/www.multicasa.com.br\/inicio\/wp-json\/wp\/v2\/product"}],"about":[{"href":"https:\/\/www.multicasa.com.br\/inicio\/wp-json\/wp\/v2\/types\/product"}],"wp:featuredmedia":[{"embeddable":true,"href":"https:\/\/www.multicasa.com.br\/inicio\/wp-json\/wp\/v2\/media\/25468"}],"wp:attachment":[{"href":"https:\/\/www.multicasa.com.br\/inicio\/wp-json\/wp\/v2\/media?parent=16949"}],"wp:term":[{"taxonomy":"product_brand","embeddable":true,"href":"https:\/\/www.multicasa.com.br\/inicio\/wp-json\/wp\/v2\/product_brand?post=16949"},{"taxonomy":"product_cat","embeddable":true,"href":"https:\/\/www.multicasa.com.br\/inicio\/wp-json\/wp\/v2\/product_cat?post=16949"},{"taxonomy":"product_tag","embeddable":true,"href":"https:\/\/www.multicasa.com.br\/inicio\/wp-json\/wp\/v2\/product_tag?post=16949"}],"curies":[{"name":"wp","href":"https:\/\/api.w.org\/{rel}","templated":true}]}}