{"id":16950,"date":"2025-06-20T19:15:29","date_gmt":"2025-06-20T23:15:29","guid":{"rendered":"https:\/\/www.multicasa.com.br\/inicio\/?post_type=product&#038;p=16950"},"modified":"2025-08-18T01:34:15","modified_gmt":"2025-08-18T05:34:15","slug":"kit-bacia-c-caixa-acoplada-one-bc-lore","status":"publish","type":"product","link":"https:\/\/www.multicasa.com.br\/inicio\/produto\/kit-bacia-c-caixa-acoplada-one-bc-lore\/","title":{"rendered":"Kit Bacia C\/Caixa Acoplada One Bc Lore"},"content":{"rendered":"<p>O kit bacia com caixa acoplada loren one da lorenzetti \u00e9 a melhor op\u00e7\u00e3o para quem busca melhor custo benef\u00edcio do mercado. Combinando praticidade, versatilidade, design moderno e maior vida \u00fatil, sendo f\u00e1cil de usar e instalar, sendo fabricado com componentes de alta qualidade. Possui bacia com caixa acoplada duplo acionamento, assento, anel de veda\u00e7\u00e3o, parafusos de fixa\u00e7\u00e3o e flexivel a\u00e7o inox.   <\/p>\n","protected":false},"excerpt":{"rendered":"<h4 style=\"margin: 0px;padding: 0px 0px 16px;font-family: Lato, sans-serif;font-weight: bold;line-height: 3rem;color: var(--dark-grey3);font-size: 22px;font-style: normal;letter-spacing: normal;text-align: start;text-indent: 0px;text-transform: none\">Informa\u00e7\u00f5es t\u00e9cnicas<\/h4>\n<p><span style=\"margin: 0px;padding: 0px;font-weight: 450;font-size: 14px;line-height: 21px;color: var(--dark-grey2);font-family: Lato, sans-serif;font-style: normal;letter-spacing: normal;text-align: start;text-indent: 0px;text-transform: none\">Produto: KIT BACIA C\/CAIXA ACOPL.ONE BC LORE<br \/>\nMarca: Lorenzetti<br \/>\nMaterial: cer\u00e2mica<br \/>\nCor: Branca<br \/>\nCaracter\u00edsticas<br \/>\n&#8211; Melhor custo benef\u00edcio do mercado;<br \/>\n&#8211; Pr\u00e1tico, vers\u00e1til e f\u00e1cil de usar;<br \/>\n&#8211; Maior vida \u00fatil;<br \/>\n&#8211; Componentes de alta qualidade;<br \/>\n&#8211; Bacia com caixa acoplada duplo acionamento;<br \/>\n&#8211; Assento;<br \/>\n&#8211; Anel de Veda\u00e7\u00e3o;<br \/>\n&#8211; Parafusos de Fixa\u00e7\u00e3o;<br \/>\n&#8211; Flex\u00edvel A\u00e7o Inox.<\/p>\n<p>Dimens\u00e3o<br \/>\n373 x 766 x 235mm<\/span><\/p>\n","protected":false},"featured_media":25340,"template":"","meta":{"_joinchat":[]},"product_brand":[],"product_cat":[68],"product_tag":[],"class_list":{"0":"post-16950","1":"product","2":"type-product","3":"status-publish","4":"has-post-thumbnail","6":"product_cat-loucas-e-cia","8":"first","9":"outofstock","10":"shipping-taxable","11":"purchasable","12":"product-type-simple"},"_links":{"self":[{"href":"https:\/\/www.multicasa.com.br\/inicio\/wp-json\/wp\/v2\/product\/16950","targetHints":{"allow":["GET"]}}],"collection":[{"href":"https:\/\/www.multicasa.com.br\/inicio\/wp-json\/wp\/v2\/product"}],"about":[{"href":"https:\/\/www.multicasa.com.br\/inicio\/wp-json\/wp\/v2\/types\/product"}],"wp:featuredmedia":[{"embeddable":true,"href":"https:\/\/www.multicasa.com.br\/inicio\/wp-json\/wp\/v2\/media\/25340"}],"wp:attachment":[{"href":"https:\/\/www.multicasa.com.br\/inicio\/wp-json\/wp\/v2\/media?parent=16950"}],"wp:term":[{"taxonomy":"product_brand","embeddable":true,"href":"https:\/\/www.multicasa.com.br\/inicio\/wp-json\/wp\/v2\/product_brand?post=16950"},{"taxonomy":"product_cat","embeddable":true,"href":"https:\/\/www.multicasa.com.br\/inicio\/wp-json\/wp\/v2\/product_cat?post=16950"},{"taxonomy":"product_tag","embeddable":true,"href":"https:\/\/www.multicasa.com.br\/inicio\/wp-json\/wp\/v2\/product_tag?post=16950"}],"curies":[{"name":"wp","href":"https:\/\/api.w.org\/{rel}","templated":true}]}}